{"id":548,"date":"2013-03-01T09:06:10","date_gmt":"2013-03-01T09:06:10","guid":{"rendered":"http:\/\/unser-quartier.de\/boeckmanns-laden\/?page_id=548"},"modified":"2013-03-01T09:06:10","modified_gmt":"2013-03-01T09:06:10","slug":"wo-man-singt-da-lass-dich-ruhig-nieder","status":"publish","type":"page","link":"https:\/\/unser-quartier.de\/boeckmanns-laden\/ueber-uns\/wo-man-singt-da-lass-dich-ruhig-nieder\/","title":{"rendered":"Wo man singt, da lass Dich ruhig nieder"},"content":{"rendered":"<p>Einmal im Monat hei\u00dft es mittwochs nachmittags in B\u00f6ckmanns Laden &#8222;Wo man singt, da lass dich ruhig nieder&#8220;. Ab 15.00 Uhr gibt es einen fr\u00f6hlichen Nachmittag mit Kaffeetrinken, kurzen Gedichten und Geschichten und viel gemeinsamem Singen.<\/p>\n<p>Die jeweiligen Termine sind dem aktuellen Prospekt zu entnehmen.<\/p>\n","protected":false},"excerpt":{"rendered":"<p>Einmal im Monat hei\u00dft es mittwochs nachmittags in B\u00f6ckmanns Laden &#8222;Wo man singt, da lass dich ruhig nieder&#8220;. Ab 15.00 Uhr gibt es einen fr\u00f6hlichen Nachmittag mit Kaffeetrinken, kurzen Gedichten und Geschichten und viel gemeinsamem Singen. Die jeweiligen Termine sind dem aktuellen Prospekt zu entnehmen.<\/p>\n","protected":false},"author":24,"featured_media":549,"parent":44,"menu_order":5,"comment_status":"open","ping_status":"open","template":"sidebar-page.php","meta":{"_bbp_topic_count":0,"_bbp_reply_count":0,"_bbp_total_topic_count":0,"_bbp_total_reply_count":0,"_bbp_voice_count":0,"_bbp_anonymous_reply_count":0,"_bbp_topic_count_hidden":0,"_bbp_reply_count_hidden":0,"_bbp_forum_subforum_count":0,"ngg_post_thumbnail":0,"jetpack_post_was_ever_published":false,"footnotes":""},"class_list":["post-548","page","type-page","status-publish","has-post-thumbnail","hentry"],"jetpack_sharing_enabled":true,"_links":{"self":[{"href":"https:\/\/unser-quartier.de\/boeckmanns-laden\/wp-json\/wp\/v2\/pages\/548","targetHints":{"allow":["GET"]}}],"collection":[{"href":"https:\/\/unser-quartier.de\/boeckmanns-laden\/wp-json\/wp\/v2\/pages"}],"about":[{"href":"https:\/\/unser-quartier.de\/boeckmanns-laden\/wp-json\/wp\/v2\/types\/page"}],"author":[{"embeddable":true,"href":"https:\/\/unser-quartier.de\/boeckmanns-laden\/wp-json\/wp\/v2\/users\/24"}],"replies":[{"embeddable":true,"href":"https:\/\/unser-quartier.de\/boeckmanns-laden\/wp-json\/wp\/v2\/comments?post=548"}],"version-history":[{"count":0,"href":"https:\/\/unser-quartier.de\/boeckmanns-laden\/wp-json\/wp\/v2\/pages\/548\/revisions"}],"up":[{"embeddable":true,"href":"https:\/\/unser-quartier.de\/boeckmanns-laden\/wp-json\/wp\/v2\/pages\/44"}],"wp:featuredmedia":[{"embeddable":true,"href":"https:\/\/unser-quartier.de\/boeckmanns-laden\/wp-json\/wp\/v2\/media\/549"}],"wp:attachment":[{"href":"https:\/\/unser-quartier.de\/boeckmanns-laden\/wp-json\/wp\/v2\/media?parent=548"}],"curies":[{"name":"wp","href":"https:\/\/api.w.org\/{rel}","templated":true}]}}