{"id":556,"date":"2013-03-02T22:19:20","date_gmt":"2013-03-02T22:19:20","guid":{"rendered":"http:\/\/unser-quartier.de\/boeckmanns-laden\/?page_id=556"},"modified":"2013-03-02T22:19:20","modified_gmt":"2013-03-02T22:19:20","slug":"gedachtnistrainingskurse","status":"publish","type":"page","link":"https:\/\/unser-quartier.de\/boeckmanns-laden\/ueber-uns\/gedachtnistrainingskurse\/","title":{"rendered":"Ged\u00e4chtnistrainingskurse"},"content":{"rendered":"<p>Ged\u00e4chtnistraining in B\u00f6ckmanns Laden ist Denksport in der Gruppe. Dabei soll ganz ohne Leistungsdruck der Spa\u00df im Mittelpunkt stehen. Unser Ged\u00e4chtnistraining kann keine Demenzerkrankung aufhalten. Aber: So wie Sport dem &#8222;Einrosten&#8220; der Muskeln und Gelenke entgegenwirkt, so h\u00e4lt Ged\u00e4chtnistraining die grauen Zellen im Kopf in Form.<\/p>\n<p>B\u00f6ckmanns Laden bietet zwei Kursgruppen an, am Mittwoch-\u00a0 und am Donnerstagvormittag. Jeweils im Fr\u00fchjahr und im Herbst gibt es Kurse \u00fcber 10 Termine. Zus\u00e4tzlich gibt es im Sommer am Donnerstagvormittag &#8222;Sommerged\u00e4chtnistraining&#8220; f\u00fcr alle, die kommen m\u00f6gen.<\/p>\n","protected":false},"excerpt":{"rendered":"<p>Ged\u00e4chtnistraining in B\u00f6ckmanns Laden ist Denksport in der Gruppe. Dabei soll ganz ohne Leistungsdruck der Spa\u00df im Mittelpunkt stehen. Unser Ged\u00e4chtnistraining kann keine Demenzerkrankung aufhalten. Aber: So wie Sport dem &#8222;Einrosten&#8220; der Muskeln und Gelenke entgegenwirkt, so h\u00e4lt Ged\u00e4chtnistraining die grauen Zellen im Kopf in Form. B\u00f6ckmanns Laden bietet zwei Kursgruppen an, am Mittwoch-\u00a0 und &hellip; <a href=\"https:\/\/unser-quartier.de\/boeckmanns-laden\/ueber-uns\/gedachtnistrainingskurse\/\" class=\"more-link\"><span class=\"screen-reader-text\">\u201eGed\u00e4chtnistrainingskurse\u201c<\/span> weiterlesen<\/a><\/p>\n","protected":false},"author":24,"featured_media":557,"parent":44,"menu_order":4,"comment_status":"open","ping_status":"open","template":"sidebar-page.php","meta":{"_bbp_topic_count":0,"_bbp_reply_count":0,"_bbp_total_topic_count":0,"_bbp_total_reply_count":0,"_bbp_voice_count":0,"_bbp_anonymous_reply_count":0,"_bbp_topic_count_hidden":0,"_bbp_reply_count_hidden":0,"_bbp_forum_subforum_count":0,"ngg_post_thumbnail":0,"jetpack_post_was_ever_published":false,"footnotes":""},"class_list":["post-556","page","type-page","status-publish","has-post-thumbnail","hentry"],"jetpack_sharing_enabled":true,"_links":{"self":[{"href":"https:\/\/unser-quartier.de\/boeckmanns-laden\/wp-json\/wp\/v2\/pages\/556","targetHints":{"allow":["GET"]}}],"collection":[{"href":"https:\/\/unser-quartier.de\/boeckmanns-laden\/wp-json\/wp\/v2\/pages"}],"about":[{"href":"https:\/\/unser-quartier.de\/boeckmanns-laden\/wp-json\/wp\/v2\/types\/page"}],"author":[{"embeddable":true,"href":"https:\/\/unser-quartier.de\/boeckmanns-laden\/wp-json\/wp\/v2\/users\/24"}],"replies":[{"embeddable":true,"href":"https:\/\/unser-quartier.de\/boeckmanns-laden\/wp-json\/wp\/v2\/comments?post=556"}],"version-history":[{"count":0,"href":"https:\/\/unser-quartier.de\/boeckmanns-laden\/wp-json\/wp\/v2\/pages\/556\/revisions"}],"up":[{"embeddable":true,"href":"https:\/\/unser-quartier.de\/boeckmanns-laden\/wp-json\/wp\/v2\/pages\/44"}],"wp:featuredmedia":[{"embeddable":true,"href":"https:\/\/unser-quartier.de\/boeckmanns-laden\/wp-json\/wp\/v2\/media\/557"}],"wp:attachment":[{"href":"https:\/\/unser-quartier.de\/boeckmanns-laden\/wp-json\/wp\/v2\/media?parent=556"}],"curies":[{"name":"wp","href":"https:\/\/api.w.org\/{rel}","templated":true}]}}