{"id":725,"date":"2013-07-08T16:18:13","date_gmt":"2013-07-08T16:18:13","guid":{"rendered":"http:\/\/unser-quartier.de\/boeckmanns-laden\/?page_id=725"},"modified":"2014-04-24T21:12:28","modified_gmt":"2014-04-24T21:12:28","slug":"sommercafe","status":"publish","type":"page","link":"https:\/\/unser-quartier.de\/boeckmanns-laden\/ueber-uns\/sommercafe\/","title":{"rendered":"Sommercaf\u00e9"},"content":{"rendered":"<p>In den Monaten Juni, Juli, August und September hat das Sommercaf\u00e9 von B\u00f6ckmanns Laden alle 14 Tage dienstags ab 14.00 Uhr ge\u00f6ffnet. Der Jahreszeit entsprechend geh\u00f6rt das Sommercaf\u00e9 in den Garten hinterm Lutherhaus. Dort laden die Tische unter dem gro\u00dfen Sonnensegel zu netten Begegnungen bei Kaffee und Kuchen ein. Bei ungem\u00fctlichem Wetter findet das Sommercaf\u00e9 im Haus statt.<\/p>\n<p><a title=\"Bericht vom Sommercafe am 23.07.2013 mit Bildern\" href=\"http:\/\/wp.me\/p2Y1TX-bY\">(Bericht vom 23.07.2013. mit Bildern)<\/a><\/p>\n<p>Das Sommercaf\u00e9 2014 startet am 10.06.2014<\/p>\n","protected":false},"excerpt":{"rendered":"<p>In den Monaten Juni, Juli, August und September hat das Sommercaf\u00e9 von B\u00f6ckmanns Laden alle 14 Tage dienstags ab 14.00 Uhr ge\u00f6ffnet. Der Jahreszeit entsprechend geh\u00f6rt das Sommercaf\u00e9 in den Garten hinterm Lutherhaus. Dort laden die Tische unter dem gro\u00dfen Sonnensegel zu netten Begegnungen bei Kaffee und Kuchen ein. Bei ungem\u00fctlichem Wetter findet das Sommercaf\u00e9 &hellip; <a href=\"https:\/\/unser-quartier.de\/boeckmanns-laden\/ueber-uns\/sommercafe\/\" class=\"more-link\"><span class=\"screen-reader-text\">\u201eSommercaf\u00e9\u201c<\/span> weiterlesen<\/a><\/p>\n","protected":false},"author":24,"featured_media":724,"parent":44,"menu_order":12,"comment_status":"open","ping_status":"open","template":"sidebar-page.php","meta":{"_bbp_topic_count":0,"_bbp_reply_count":0,"_bbp_total_topic_count":0,"_bbp_total_reply_count":0,"_bbp_voice_count":0,"_bbp_anonymous_reply_count":0,"_bbp_topic_count_hidden":0,"_bbp_reply_count_hidden":0,"_bbp_forum_subforum_count":0,"ngg_post_thumbnail":0,"jetpack_post_was_ever_published":false,"footnotes":""},"class_list":["post-725","page","type-page","status-publish","has-post-thumbnail","hentry"],"jetpack_sharing_enabled":true,"_links":{"self":[{"href":"https:\/\/unser-quartier.de\/boeckmanns-laden\/wp-json\/wp\/v2\/pages\/725","targetHints":{"allow":["GET"]}}],"collection":[{"href":"https:\/\/unser-quartier.de\/boeckmanns-laden\/wp-json\/wp\/v2\/pages"}],"about":[{"href":"https:\/\/unser-quartier.de\/boeckmanns-laden\/wp-json\/wp\/v2\/types\/page"}],"author":[{"embeddable":true,"href":"https:\/\/unser-quartier.de\/boeckmanns-laden\/wp-json\/wp\/v2\/users\/24"}],"replies":[{"embeddable":true,"href":"https:\/\/unser-quartier.de\/boeckmanns-laden\/wp-json\/wp\/v2\/comments?post=725"}],"version-history":[{"count":0,"href":"https:\/\/unser-quartier.de\/boeckmanns-laden\/wp-json\/wp\/v2\/pages\/725\/revisions"}],"up":[{"embeddable":true,"href":"https:\/\/unser-quartier.de\/boeckmanns-laden\/wp-json\/wp\/v2\/pages\/44"}],"wp:featuredmedia":[{"embeddable":true,"href":"https:\/\/unser-quartier.de\/boeckmanns-laden\/wp-json\/wp\/v2\/media\/724"}],"wp:attachment":[{"href":"https:\/\/unser-quartier.de\/boeckmanns-laden\/wp-json\/wp\/v2\/media?parent=725"}],"curies":[{"name":"wp","href":"https:\/\/api.w.org\/{rel}","templated":true}]}}