{"id":10520,"date":"2021-04-26T13:53:03","date_gmt":"2021-04-26T11:53:03","guid":{"rendered":"https:\/\/unser-quartier.de\/braunsfeld\/?page_id=10520"},"modified":"2022-11-04T13:54:06","modified_gmt":"2022-11-04T12:54:06","slug":"jazz-duo-gelhausen-braemswig","status":"publish","type":"page","link":"https:\/\/unser-quartier.de\/braunsfeld\/jazz-duo-gelhausen-braemswig\/","title":{"rendered":"Jazz Duo Gelhausen &#038; Br\u00e4mswig"},"content":{"rendered":"\n<p><a href=\"https:\/\/unser-quartier.de\/braunsfeld\/files\/2021\/04\/DuoAlex.jpg\" data-wpel-link=\"internal\"><img loading=\"lazy\" decoding=\"async\" class=\"alignnone wp-image-10521 size-full\" src=\"https:\/\/unser-quartier.de\/braunsfeld\/files\/2021\/04\/DuoAlex.jpg\" alt=\"\" width=\"708\" height=\"471\" srcset=\"https:\/\/unser-quartier.de\/braunsfeld\/files\/2021\/04\/DuoAlex.jpg 708w, https:\/\/unser-quartier.de\/braunsfeld\/files\/2021\/04\/DuoAlex-300x200.jpg 300w, https:\/\/unser-quartier.de\/braunsfeld\/files\/2021\/04\/DuoAlex-150x100.jpg 150w, https:\/\/unser-quartier.de\/braunsfeld\/files\/2021\/04\/DuoAlex-272x182.jpg 272w\" sizes=\"auto, (max-width: 708px) 100vw, 708px\" \/><\/a><\/p>\n<p>Der Jazzs\u00e4nger Alexander Gelhausen und der Jazzgitarrist Philipp Br\u00e4mswig haben ein Programm aus Sinatra-Klassikern zusammengestellt.<\/p>\n<p>Die meisten Menschen verbinden mit den Hits von Sinatra den Sound einer Bigband oder eines Orchesters. Aber wie w\u00fcrde Frank Sinatra heute und in einem Duo mit einem gro\u00dfartigen Jazzgitarristen klingen? Wie w\u00fcrde er seine Hits \u201eCome fly with me\u201c, \u201eThe Lady is a tramp\u201c, \u201eNew York, New York\u201c oder \u201eMy Way\u201c singen? W\u00fcrde er wom\u00f6glich auch dazu improvisieren?<\/p>\n<p>Alexander Gelhausen, der Frank Sinatra als einen seiner wichtigsten gesanglichen Einfl\u00fcsse nennt und der einf\u00fchlsame und zugleich virtuose Gitarrist Philipp Br\u00e4mswig finden einen faszinierenden Weg, dem gro\u00dfartigen Frank Sinatra k\u00fcnstlerisch zu huldigen. Lassen Sie sich \u00fcberraschen, wie viel \u201eechter Sinatra\u201c im gut gelaunten Duospiel der beiden K\u00f6lner Musiker zu entdecken ist!<\/p>\n<p><strong>Kurzbio Alexander Gelhausen:<br \/><\/strong>Alexander Gelhausen studierte Jazzgesang an der Hochschule f\u00fcr Musik K\u00f6ln. Er bildet seit 14 Jahren an der Hochschule f\u00fcr Musik Mainz junge Jazzs\u00e4ngerinnen und -s\u00e4nger aus. Alexander Gelhausen singt seit vielen Jahren in unterschiedlichen Formationen von Duo \u00fcber Quartett-\/Quintettformationen, Bigbands bis hin zum WDR Rundfunkorchester. Zudem arbeitet er als Sprecher, gibt Workshops und h\u00e4lt Vortr\u00e4ge zu Themen der Gesangsp\u00e4dagogik und der Jazzimprovisation. Er lebt in K\u00f6ln.<\/p>\n<p><strong>Kurzbio Philipp Br\u00e4mswig:<br \/><\/strong>Philipp Br\u00e4mswig studierte Jazzgitarre am Conservatorium van Amsterdam und in New York City. In seiner Jugend war er bei zahlreichen Wettbewerben im Bereich Klassik und Jazz erfolgreich und ausserdem langj\u00e4hriges Mitglied des Bundesjazzorchesters (BuJazzO) unter der Leitung von Peter Herbolzheimer. An der Hochschule f\u00fcr Musik Osnabr\u00fcck hatte er einen Lehrauftrag f\u00fcr Rock\/Pop Gitarre inne. In seiner Heimat K\u00f6ln ist er sowohl als gefragter Sideman (u.a. Subway Jazz Orchestra, Soulcrane, WDR Big Band) als auch als Bandleader ( P.B. Trio, Mengamo Trio) au\u00dferordentlich aktiv.<\/p>\n<p><strong>Wann:<\/strong> 11. Juli 2021, 11:30 Uhr<br \/><strong>Wo:<\/strong> ZeitGeist Braunsfeld e.V. Kulturzentrum, Clarenbachplatz 2, 50933 K\u00f6ln<br \/><strong>Eintritt:<\/strong> 12 \u20ac p.P. <br \/><strong>Reservierung\/Tickets:<\/strong> Anmeldung erforderlich unter: <a href=\"mailto:zeitgeist@koeln.de\">zeitgeist@koeln.de<\/a><br \/>Einlass lt. aktueller Corona-Verordnung f\u00fcr Getestete, Geimpfte, Genesene. Es besteht Maskenpflicht.<br \/>Danke f\u00fcr Ihr Verst\u00e4ndnis!<\/p>\n<p>\u00a0<\/p>\n\n\n","protected":false},"excerpt":{"rendered":"<p>Der Jazzs\u00e4nger Alexander Gelhausen und der Jazzgitarrist Philipp Br\u00e4mswig haben ein Programm aus Sinatra-Klassikern zusammengestellt. Die meisten Menschen verbinden mit den Hits von Sinatra den Sound einer Bigband oder eines Orchesters. Aber wie w\u00fcrde Frank Sinatra heute und in einem Duo mit einem gro\u00dfartigen Jazzgitarristen klingen? Wie w\u00fcrde er seine Hits \u201eCome fly with me\u201c,&hellip; <a class=\"continue\" href=\"https:\/\/unser-quartier.de\/braunsfeld\/jazz-duo-gelhausen-braemswig\/\" data-wpel-link=\"internal\"> \u00bb weiterlesen: <span> Jazz Duo Gelhausen &#038; Br\u00e4mswig<\/span><\/a><\/p>\n","protected":false},"author":526,"featured_media":0,"parent":0,"menu_order":0,"comment_status":"closed","ping_status":"closed","template":"","meta":{"generate_page_header":"","footnotes":""},"class_list":["post-10520","page","type-page","status-publish"],"_links":{"self":[{"href":"https:\/\/unser-quartier.de\/braunsfeld\/wp-json\/wp\/v2\/pages\/10520","targetHints":{"allow":["GET"]}}],"collection":[{"href":"https:\/\/unser-quartier.de\/braunsfeld\/wp-json\/wp\/v2\/pages"}],"about":[{"href":"https:\/\/unser-quartier.de\/braunsfeld\/wp-json\/wp\/v2\/types\/page"}],"author":[{"embeddable":true,"href":"https:\/\/unser-quartier.de\/braunsfeld\/wp-json\/wp\/v2\/users\/526"}],"replies":[{"embeddable":true,"href":"https:\/\/unser-quartier.de\/braunsfeld\/wp-json\/wp\/v2\/comments?post=10520"}],"version-history":[{"count":0,"href":"https:\/\/unser-quartier.de\/braunsfeld\/wp-json\/wp\/v2\/pages\/10520\/revisions"}],"wp:attachment":[{"href":"https:\/\/unser-quartier.de\/braunsfeld\/wp-json\/wp\/v2\/media?parent=10520"}],"curies":[{"name":"wp","href":"https:\/\/api.w.org\/{rel}","templated":true}]}}