{"id":10632,"date":"2021-05-03T16:34:28","date_gmt":"2021-05-03T14:34:28","guid":{"rendered":"https:\/\/unser-quartier.de\/braunsfeld\/?page_id=10632"},"modified":"2022-05-09T13:39:35","modified_gmt":"2022-05-09T11:39:35","slug":"gesundheit","status":"publish","type":"page","link":"https:\/\/unser-quartier.de\/braunsfeld\/gesundheit\/","title":{"rendered":"Gesundheit"},"content":{"rendered":"\n<ul>\n<li><a href=\"https:\/\/unser-quartier.de\/braunsfeld\/mbsr-kurs-stressbewaeltigung-durch-achtsamkeit\/\" data-wpel-link=\"internal\">MBSR Kurs Stressbew\u00e4ltigung durch Achtsamkeit<\/a><\/li>\n<li><a href=\"https:\/\/unser-quartier.de\/braunsfeld\/moeglichkeitsraum-supervision-coaching-fuer-lehrkraefte\/\" data-wplink-edit=\"true\" data-wpel-link=\"internal\">M\u00f6glichkeitsraum &#8211; Supervision &amp; Coaching f\u00fcr Lehrkr\u00e4fte<\/a><\/li>\n<\/ul>\n","protected":false},"excerpt":{"rendered":"<p>MBSR Kurs Stressbew\u00e4ltigung durch Achtsamkeit M\u00f6glichkeitsraum &#8211; Supervision &amp; Coaching f\u00fcr Lehrkr\u00e4fte<\/p>\n","protected":false},"author":526,"featured_media":0,"parent":0,"menu_order":0,"comment_status":"closed","ping_status":"closed","template":"","meta":{"generate_page_header":"","footnotes":""},"class_list":["post-10632","page","type-page","status-publish"],"_links":{"self":[{"href":"https:\/\/unser-quartier.de\/braunsfeld\/wp-json\/wp\/v2\/pages\/10632","targetHints":{"allow":["GET"]}}],"collection":[{"href":"https:\/\/unser-quartier.de\/braunsfeld\/wp-json\/wp\/v2\/pages"}],"about":[{"href":"https:\/\/unser-quartier.de\/braunsfeld\/wp-json\/wp\/v2\/types\/page"}],"author":[{"embeddable":true,"href":"https:\/\/unser-quartier.de\/braunsfeld\/wp-json\/wp\/v2\/users\/526"}],"replies":[{"embeddable":true,"href":"https:\/\/unser-quartier.de\/braunsfeld\/wp-json\/wp\/v2\/comments?post=10632"}],"version-history":[{"count":0,"href":"https:\/\/unser-quartier.de\/braunsfeld\/wp-json\/wp\/v2\/pages\/10632\/revisions"}],"wp:attachment":[{"href":"https:\/\/unser-quartier.de\/braunsfeld\/wp-json\/wp\/v2\/media?parent=10632"}],"curies":[{"name":"wp","href":"https:\/\/api.w.org\/{rel}","templated":true}]}}