{"id":10665,"date":"2021-05-05T18:35:17","date_gmt":"2021-05-05T16:35:17","guid":{"rendered":"https:\/\/unser-quartier.de\/braunsfeld\/?page_id=10665"},"modified":"2022-11-04T18:45:06","modified_gmt":"2022-11-04T17:45:06","slug":"ausstellung-markus-derkum-good-weather-bad-weather","status":"publish","type":"page","link":"https:\/\/unser-quartier.de\/braunsfeld\/ausstellung-markus-derkum-good-weather-bad-weather\/","title":{"rendered":"Ausstellung: Markus Derkum &#8220;Good Weather \/ Bad Weather&#8221;"},"content":{"rendered":"\n<p><a href=\"https:\/\/unser-quartier.de\/braunsfeld\/files\/2021\/05\/Markus-Portrait-1.jpg\" data-wpel-link=\"internal\"><img loading=\"lazy\" decoding=\"async\" class=\"wp-image-10762 alignright\" src=\"https:\/\/unser-quartier.de\/braunsfeld\/files\/2021\/05\/Markus-Portrait-1.jpg\" alt=\"\" width=\"242\" height=\"150\" srcset=\"https:\/\/unser-quartier.de\/braunsfeld\/files\/2021\/05\/Markus-Portrait-1.jpg 1200w, https:\/\/unser-quartier.de\/braunsfeld\/files\/2021\/05\/Markus-Portrait-1-300x186.jpg 300w, https:\/\/unser-quartier.de\/braunsfeld\/files\/2021\/05\/Markus-Portrait-1-1024x636.jpg 1024w, https:\/\/unser-quartier.de\/braunsfeld\/files\/2021\/05\/Markus-Portrait-1-150x93.jpg 150w, https:\/\/unser-quartier.de\/braunsfeld\/files\/2021\/05\/Markus-Portrait-1-768x477.jpg 768w\" sizes=\"auto, (max-width: 242px) 100vw, 242px\" \/><\/a>In seinem zweiten Berufsleben ist Markus Derkum seit 2010 als freischaffender K\u00fcnstler im Bereich Malerei und Fotografie t\u00e4tig.<\/p>\n<p>Schwerpunkte seiner Malerei sind gegenst\u00e4ndliche und abstrakte Motive in Aquarell- und Acryltechniken auf unterschiedlichen Malgr\u00fcnden.<\/p>\n<p>Als Fotograf l\u00e4sst sich Markus Derkum auf Reisen vor allem von\u00a0<a href=\"https:\/\/markus-derkum.de\/fotografie\/landschaften\/\" data-wpel-link=\"external\" target=\"_self\" rel=\"nofollow external noopener noreferrer\" title=\"Externer Link: Landschafts-\" class=\"ext-link wpel-icon-right\">Landschafts-<span class=\"wpel-icon wpel-image wpel-icon-6\"><\/span><\/a>,\u00a0\u00a0<a href=\"https:\/\/markus-derkum.de\/fotografie\/staedte\/\" data-wpel-link=\"external\" target=\"_self\" rel=\"nofollow external noopener noreferrer\" title=\"Externer Link: Stadt-\u00a0\" class=\"ext-link wpel-icon-right\">Stadt-\u00a0<span class=\"wpel-icon wpel-image wpel-icon-6\"><\/span><\/a>und\u00a0<a href=\"https:\/\/markus-derkum.de\/fotografie\/detail\/\" data-wpel-link=\"external\" target=\"_self\" rel=\"nofollow external noopener noreferrer\" title=\"Externer Link: Detail-\" class=\"ext-link wpel-icon-right\">Detail-<span class=\"wpel-icon wpel-image wpel-icon-6\"><\/span><\/a> Motiven inspirieren. Au\u00dferdem arbeitet er mit\u00a0<a href=\"https:\/\/markus-derkum.de\/fotografie\/experimentell\/\" data-wpel-link=\"external\" target=\"_self\" rel=\"nofollow external noopener noreferrer\" title=\"Externer Link: experimenteller Fotografie\" class=\"ext-link wpel-icon-right\">experimenteller Fotografie<span class=\"wpel-icon wpel-image wpel-icon-6\"><\/span><\/a>\u00a0und Luftaufnahmen.<\/p>\n<p>Seine Ausstellung mit dem Titel\u00a0<strong>\u201eGood Weather \/ Bad Weather\u201c<\/strong> zeigt von Ende August bis Mitte September eine Auswahl\u00a0 eindrucksvoller fotografischer Arbeiten die in K\u00f6ln und auf Reisen entstanden sind. \u00a0<\/p>\n<p><strong>Wann:<\/strong> 4.09.2021 bis 26.09.2021<br \/><span style=\"color: #ff0000;\"><strong>Sa.\/So. 11:00-15:00 Uhr, Mi. 11:00-13:00 Uhr<\/strong><\/span><br \/><strong>Wo:<\/strong> ZeitGeist Braunsfeld e.V. Kulturzentrum, Clarenbachplatz 2, 50933 K\u00f6ln<br \/>Einlass gem. der geltenden Corona-Verordnung f\u00fcr Geimpfte, Genesene, Getestete.<\/p>\n<p>N\u00e4heres zum K\u00fcnstler auf:\u00a0<br \/><a href=\"http:\/\/www.markus-derkum.de\" data-wpel-link=\"external\" target=\"_self\" rel=\"nofollow external noopener noreferrer\" title=\"Externer Link: www.markus-derkum.de\" class=\"ext-link wpel-icon-right\">www.markus-derkum.de<span class=\"wpel-icon wpel-image wpel-icon-6\"><\/span><\/a><\/p>\n<p>\u00a0<\/p>\n","protected":false},"excerpt":{"rendered":"<p>In seinem zweiten Berufsleben ist Markus Derkum seit 2010 als freischaffender K\u00fcnstler im Bereich Malerei und Fotografie t\u00e4tig. Schwerpunkte seiner Malerei sind gegenst\u00e4ndliche und abstrakte Motive in Aquarell- und Acryltechniken auf unterschiedlichen Malgr\u00fcnden. Als Fotograf l\u00e4sst sich Markus Derkum auf Reisen vor allem von\u00a0Landschafts-,\u00a0\u00a0Stadt-\u00a0und\u00a0Detail- Motiven inspirieren. Au\u00dferdem arbeitet er mit\u00a0experimenteller Fotografie\u00a0und Luftaufnahmen. Seine Ausstellung mit&hellip; <a class=\"continue\" href=\"https:\/\/unser-quartier.de\/braunsfeld\/ausstellung-markus-derkum-good-weather-bad-weather\/\" data-wpel-link=\"internal\"> \u00bb weiterlesen: <span> Ausstellung: Markus Derkum &#8220;Good Weather \/ Bad Weather&#8221;<\/span><\/a><\/p>\n","protected":false},"author":526,"featured_media":0,"parent":0,"menu_order":0,"comment_status":"closed","ping_status":"closed","template":"","meta":{"generate_page_header":"","footnotes":""},"class_list":["post-10665","page","type-page","status-publish"],"_links":{"self":[{"href":"https:\/\/unser-quartier.de\/braunsfeld\/wp-json\/wp\/v2\/pages\/10665","targetHints":{"allow":["GET"]}}],"collection":[{"href":"https:\/\/unser-quartier.de\/braunsfeld\/wp-json\/wp\/v2\/pages"}],"about":[{"href":"https:\/\/unser-quartier.de\/braunsfeld\/wp-json\/wp\/v2\/types\/page"}],"author":[{"embeddable":true,"href":"https:\/\/unser-quartier.de\/braunsfeld\/wp-json\/wp\/v2\/users\/526"}],"replies":[{"embeddable":true,"href":"https:\/\/unser-quartier.de\/braunsfeld\/wp-json\/wp\/v2\/comments?post=10665"}],"version-history":[{"count":0,"href":"https:\/\/unser-quartier.de\/braunsfeld\/wp-json\/wp\/v2\/pages\/10665\/revisions"}],"wp:attachment":[{"href":"https:\/\/unser-quartier.de\/braunsfeld\/wp-json\/wp\/v2\/media?parent=10665"}],"curies":[{"name":"wp","href":"https:\/\/api.w.org\/{rel}","templated":true}]}}