{"id":10808,"date":"2021-05-17T14:33:26","date_gmt":"2021-05-17T12:33:26","guid":{"rendered":"https:\/\/unser-quartier.de\/braunsfeld\/?page_id=10808"},"modified":"2022-11-06T15:58:44","modified_gmt":"2022-11-06T14:58:44","slug":"im-gespraech","status":"publish","type":"page","link":"https:\/\/unser-quartier.de\/braunsfeld\/im-gespraech\/","title":{"rendered":"Im Gespr\u00e4ch"},"content":{"rendered":"\n<h3><span style=\"color: #800000;\">Eine Veranstaltungsreihe von Gabriele Klinski und Knut Pries.<\/span><\/h3>\n<p>24.06.2021\u00a0\u00a0 19:30 Uhr\u00a0\u00a0\u00a0 <a href=\"https:\/\/unser-quartier.de\/braunsfeld\/der-machtmenschliche\/\" data-wpel-link=\"internal\">Laschet-Biograf Moritz K\u00fcpper und Peter Pauls<\/a><\/p>\n<p>26.08.2021\u00a0\u00a0 19:30 Uhr\u00a0\u00a0\u00a0 <a href=\"https:\/\/unser-quartier.de\/braunsfeld\/kein-bock-mehr-auf-fahrstuhl\/\" data-wpel-link=\"internal\">Philipp Selldorf &#8211; Fu\u00dfballkorrespondent der S\u00fcddeutschen Zeitung<\/a><\/p>\n<p>28.10.2021 \u00a0 19:30 Uhr\u00a0\u00a0 <a href=\"https:\/\/unser-quartier.de\/braunsfeld\/melaten-erzaehlt-graeber-mit-geschichte\/\" data-wpel-link=\"internal\">Melaten erz\u00e4hlt &#8211; Gr\u00e4ber mit Geschichte<\/a><\/p>\n<p>25.11.2021\u00a0\u00a0 20:00 Uhr \u00a0 <a href=\"https:\/\/unser-quartier.de\/braunsfeld\/cannabis-legal-ende-eines-irrweges-oder-fataler-fehler\/\" data-wpel-link=\"internal\">Cannabis legal &#8211; Ende eines Irrweges oder fataler Fehler?<\/a><\/p>\n<p>31.03.2022\u00a0\u00a0 19:30 Uhr<a href=\"https:\/\/unser-quartier.de\/braunsfeld\/zurueck-ins-volle-leben\/\" data-wpel-link=\"internal\"> \u00a0 Zur\u00fcck ins volle Leben &#8211; Mit Ingo Frob\u00f6se raus aus der Corona &#8211; L\u00e4hmung<\/a><\/p>\n<p>30.06.2022\u00a0\u00a0\u00a0 19:30 Uhr<a href=\"https:\/\/unser-quartier.de\/braunsfeld\/europa-ja-aber-mit-vorsicht\/\" data-wpel-link=\"internal\"> \u00a0 Europa ja &#8211; aber mit Vorsicht<\/a><\/p>\n<p>21.11.2022\u00a0\u00a0 19:30 Uhr\u00a0\u00a0 <a href=\"https:\/\/unser-quartier.de\/braunsfeld\/wem-gehoert-die-stadt\/\" data-wpel-link=\"internal\">Wem geh\u00f6rt die Stadt?<\/a><\/p>\n<p>\u00a0<\/p>\n<p><a href=\"https:\/\/unser-quartier.de\/braunsfeld\/files\/2017\/08\/Klinski-Buchhandlung-e1621956614856.jpg\" data-wpel-link=\"internal\"><img loading=\"lazy\" decoding=\"async\" class=\"wp-image-3128  alignright\" src=\"https:\/\/unser-quartier.de\/braunsfeld\/files\/2017\/08\/Klinski-Buchhandlung-e1621956614856.jpg\" alt=\"\" width=\"209\" height=\"92\" srcset=\"https:\/\/unser-quartier.de\/braunsfeld\/files\/2017\/08\/Klinski-Buchhandlung-e1621956614856.jpg 300w, https:\/\/unser-quartier.de\/braunsfeld\/files\/2017\/08\/Klinski-Buchhandlung-e1621956614856-150x66.jpg 150w\" sizes=\"auto, (max-width: 209px) 100vw, 209px\" \/><\/a><\/p>\n<p>\u00a0<\/p>\n\n\n\n<div class=\"wp-block-columns is-layout-flex wp-container-core-columns-is-layout-1 wp-block-columns-is-layout-flex\">\n<div class=\"wp-block-column is-layout-flow wp-block-column-is-layout-flow\" style=\"flex-basis:100%\"><\/div>\n<\/div>\n","protected":false},"excerpt":{"rendered":"<p>Eine Veranstaltungsreihe von Gabriele Klinski und Knut Pries. 24.06.2021\u00a0\u00a0 19:30 Uhr\u00a0\u00a0\u00a0 Laschet-Biograf Moritz K\u00fcpper und Peter Pauls 26.08.2021\u00a0\u00a0 19:30 Uhr\u00a0\u00a0\u00a0 Philipp Selldorf &#8211; Fu\u00dfballkorrespondent der S\u00fcddeutschen Zeitung 28.10.2021 \u00a0 19:30 Uhr\u00a0\u00a0 Melaten erz\u00e4hlt &#8211; Gr\u00e4ber mit Geschichte 25.11.2021\u00a0\u00a0 20:00 Uhr \u00a0 Cannabis legal &#8211; Ende eines Irrweges oder fataler Fehler? 31.03.2022\u00a0\u00a0 19:30 Uhr \u00a0 Zur\u00fcck&hellip; <a class=\"continue\" href=\"https:\/\/unser-quartier.de\/braunsfeld\/im-gespraech\/\" data-wpel-link=\"internal\"> \u00bb weiterlesen: <span> Im Gespr\u00e4ch<\/span><\/a><\/p>\n","protected":false},"author":526,"featured_media":0,"parent":0,"menu_order":0,"comment_status":"closed","ping_status":"closed","template":"","meta":{"generate_page_header":"","footnotes":""},"class_list":["post-10808","page","type-page","status-publish"],"_links":{"self":[{"href":"https:\/\/unser-quartier.de\/braunsfeld\/wp-json\/wp\/v2\/pages\/10808","targetHints":{"allow":["GET"]}}],"collection":[{"href":"https:\/\/unser-quartier.de\/braunsfeld\/wp-json\/wp\/v2\/pages"}],"about":[{"href":"https:\/\/unser-quartier.de\/braunsfeld\/wp-json\/wp\/v2\/types\/page"}],"author":[{"embeddable":true,"href":"https:\/\/unser-quartier.de\/braunsfeld\/wp-json\/wp\/v2\/users\/526"}],"replies":[{"embeddable":true,"href":"https:\/\/unser-quartier.de\/braunsfeld\/wp-json\/wp\/v2\/comments?post=10808"}],"version-history":[{"count":0,"href":"https:\/\/unser-quartier.de\/braunsfeld\/wp-json\/wp\/v2\/pages\/10808\/revisions"}],"wp:attachment":[{"href":"https:\/\/unser-quartier.de\/braunsfeld\/wp-json\/wp\/v2\/media?parent=10808"}],"curies":[{"name":"wp","href":"https:\/\/api.w.org\/{rel}","templated":true}]}}