{"id":10812,"date":"2021-05-17T14:50:12","date_gmt":"2021-05-17T12:50:12","guid":{"rendered":"https:\/\/unser-quartier.de\/braunsfeld\/?page_id=10812"},"modified":"2022-11-04T13:27:58","modified_gmt":"2022-11-04T12:27:58","slug":"der-machtmenschliche","status":"publish","type":"page","link":"https:\/\/unser-quartier.de\/braunsfeld\/der-machtmenschliche\/","title":{"rendered":"Kann der Kanzler? Armin Laschets Aussichten auf die Merkel-Nachfolge"},"content":{"rendered":"\n\n\n<table style=\"border-collapse: collapse; width: 100%;\">\n<tbody>\n<tr>\n<td style=\"width: 33.3333%;\">\n<figure id=\"attachment_10873\" aria-describedby=\"caption-attachment-10873\" style=\"width: 290px\" class=\"wp-caption alignnone\"><a href=\"https:\/\/unser-quartier.de\/braunsfeld\/files\/2021\/05\/peter_pauls_cr.jpg\" data-wpel-link=\"internal\"><img loading=\"lazy\" decoding=\"async\" class=\"wp-image-10873 size-medium\" src=\"https:\/\/unser-quartier.de\/braunsfeld\/files\/2021\/05\/peter_pauls_cr-300x200.jpg\" alt=\"\" width=\"300\" height=\"200\" srcset=\"https:\/\/unser-quartier.de\/braunsfeld\/files\/2021\/05\/peter_pauls_cr-300x200.jpg 300w, https:\/\/unser-quartier.de\/braunsfeld\/files\/2021\/05\/peter_pauls_cr-1024x683.jpg 1024w, https:\/\/unser-quartier.de\/braunsfeld\/files\/2021\/05\/peter_pauls_cr-150x100.jpg 150w, https:\/\/unser-quartier.de\/braunsfeld\/files\/2021\/05\/peter_pauls_cr-768x512.jpg 768w, https:\/\/unser-quartier.de\/braunsfeld\/files\/2021\/05\/peter_pauls_cr-272x182.jpg 272w, https:\/\/unser-quartier.de\/braunsfeld\/files\/2021\/05\/peter_pauls_cr.jpg 1200w\" sizes=\"auto, (max-width: 300px) 100vw, 300px\" \/><\/a><figcaption id=\"caption-attachment-10873\" class=\"wp-caption-text\">Peter Pauls, Foto: Stefan Worring<\/figcaption><\/figure>\n<\/td>\n<td style=\"width: 33.3333%;\"><a href=\"https:\/\/unser-quartier.de\/braunsfeld\/files\/2021\/05\/Der_Machtmenschliche-kleiner.jpg\" data-wpel-link=\"internal\"><img loading=\"lazy\" decoding=\"async\" class=\"wp-image-10875 aligncenter\" src=\"https:\/\/unser-quartier.de\/braunsfeld\/files\/2021\/05\/Der_Machtmenschliche-kleiner.jpg\" alt=\"\" width=\"200\" height=\"289\" srcset=\"https:\/\/unser-quartier.de\/braunsfeld\/files\/2021\/05\/Der_Machtmenschliche-kleiner.jpg 831w, https:\/\/unser-quartier.de\/braunsfeld\/files\/2021\/05\/Der_Machtmenschliche-kleiner-300x433.jpg 300w, https:\/\/unser-quartier.de\/braunsfeld\/files\/2021\/05\/Der_Machtmenschliche-kleiner-709x1024.jpg 709w, https:\/\/unser-quartier.de\/braunsfeld\/files\/2021\/05\/Der_Machtmenschliche-kleiner-150x217.jpg 150w, https:\/\/unser-quartier.de\/braunsfeld\/files\/2021\/05\/Der_Machtmenschliche-kleiner-768x1109.jpg 768w\" sizes=\"auto, (max-width: 200px) 100vw, 200px\" \/><\/a><\/td>\n<td style=\"width: 33.3333%;\">\n<figure id=\"attachment_10876\" aria-describedby=\"caption-attachment-10876\" style=\"width: 290px\" class=\"wp-caption alignnone\"><a href=\"https:\/\/unser-quartier.de\/braunsfeld\/files\/2021\/05\/Moritz-Kuepper-kleiner.jpg\" data-wpel-link=\"internal\"><img loading=\"lazy\" decoding=\"async\" class=\"wp-image-10876 size-medium\" src=\"https:\/\/unser-quartier.de\/braunsfeld\/files\/2021\/05\/Moritz-Kuepper-kleiner-300x200.jpg\" alt=\"\" width=\"300\" height=\"200\" srcset=\"https:\/\/unser-quartier.de\/braunsfeld\/files\/2021\/05\/Moritz-Kuepper-kleiner-300x200.jpg 300w, https:\/\/unser-quartier.de\/braunsfeld\/files\/2021\/05\/Moritz-Kuepper-kleiner-1024x684.jpg 1024w, https:\/\/unser-quartier.de\/braunsfeld\/files\/2021\/05\/Moritz-Kuepper-kleiner-150x100.jpg 150w, https:\/\/unser-quartier.de\/braunsfeld\/files\/2021\/05\/Moritz-Kuepper-kleiner-768x513.jpg 768w, https:\/\/unser-quartier.de\/braunsfeld\/files\/2021\/05\/Moritz-Kuepper-kleiner-272x182.jpg 272w, https:\/\/unser-quartier.de\/braunsfeld\/files\/2021\/05\/Moritz-Kuepper-kleiner.jpg 1200w\" sizes=\"auto, (max-width: 300px) 100vw, 300px\" \/><\/a><figcaption id=\"caption-attachment-10876\" class=\"wp-caption-text\">Moritz K\u00fcpper<\/figcaption><\/figure>\n<\/td>\n<\/tr>\n<\/tbody>\n<\/table>\n<h3><strong><em><br \/>Laschet-Biograph Moritz K\u00fcpper im Gespr\u00e4ch mit Peter Pauls<\/em><\/strong><\/h3>\n<p>Ein Rheinl\u00e4nder mit Steher-Qualit\u00e4ten strebt nach der wichtigsten Machtposition der deutschen Politik. Dabei haben ihm viele schon NRW nicht zugetraut. Und doch regiert <strong>Armin Laschet <\/strong>das gr\u00f6\u00dfte Bundesland seit 2017 ziemlich reibungslos. Der Christdemokrat ist nicht nur ein aufger\u00e4umter und verbindlicher Zeitgenosse. Er kann auch \u2013 fragen Sie Markus S\u00f6der! \u2013 verdammt z\u00e4h sein. Und hat ein feines N\u00e4schen f\u00fcr das Aroma der Macht. Reicht das, um sich den CDU-Chef in Angela Merkels Fu\u00dfstapfen vorstellen zu k\u00f6nnen?<\/p>\n<p><strong>Moritz K\u00fcpper<\/strong>, Journalist beim Deutschlandsfunk und Mitverfasser der Laschet-Biographie \u201eDer Machtmenschliche\u201c (zusammen mit Tobias Blasius, Klartext-Verlag), hat die Karriere des CDU-Mannes aus Aachen seit Jahren aus n\u00e4chster N\u00e4he verfolgt. Im Gespr\u00e4ch mit<strong> Peter Pauls<\/strong>, Ex-Chefredakteur des K\u00f6lner Stadt-Anzeiger, sondiert K\u00fcpper die Chancen des Unionsspitzenkandidaten auf einen Wahlsieg im Herbst und seine Eignung zum Bundeskanzler.<\/p>\n<p><strong>Wann:<\/strong> 24. Juni 2021, 19:30 Uhr<br \/><strong>Wo:<\/strong> ZeitGeist Braunsfeld e.V. Kulturzentrum, Clarenbachplatz 2, 50933 K\u00f6ln<\/p>\n<p><strong>Eintritt:<\/strong>\u00a012 \u20ac p.P. \/ Um Anmeldung wird gebeten<br \/><strong>Reservierung\/Tickets:<\/strong> Buchhandlung Klinski, Aachener Str.529, 50933 K\u00f6ln,<br \/>Tel.: 0221 9416527 \/ E-Mail: <a href=\"mailto:info@buchhandlung-in-braunsfeld.de\">info@buchhandlung-in-braunsfeld.de<\/a><\/p>\n<p>Einlass lt. aktueller Corona-Verordnung f\u00fcr Getestete, Geimpfte, Genesene. Es besteht Maskenpflicht.<br \/>Danke f\u00fcr Ihr Verst\u00e4ndnis!<\/p>\n<p><a href=\"https:\/\/klartext-verlag.de\/buecher\/sachbuch\/6153\/der-machtmenschliche\" data-wpel-link=\"external\" target=\"_self\" rel=\"nofollow external noopener noreferrer\" title=\"Externer Link: Der Machtmenschliche | Sachbuch | B\u00dcCHER | Klartext Verlag (klartext-verlag.de)\" class=\"ext-link wpel-icon-right\">Der Machtmenschliche | Sachbuch | B\u00dcCHER | Klartext Verlag (klartext-verlag.de)<span class=\"wpel-icon wpel-image wpel-icon-6\"><\/span><\/a><\/p>\n<p>\u00a0<\/p>\n\n\n\n\n","protected":false},"excerpt":{"rendered":"<p>Laschet-Biograph Moritz K\u00fcpper im Gespr\u00e4ch mit Peter Pauls Ein Rheinl\u00e4nder mit Steher-Qualit\u00e4ten strebt nach der wichtigsten Machtposition der deutschen Politik. Dabei haben ihm viele schon NRW nicht zugetraut. Und doch regiert Armin Laschet das gr\u00f6\u00dfte Bundesland seit 2017 ziemlich reibungslos. Der Christdemokrat ist nicht nur ein aufger\u00e4umter und verbindlicher Zeitgenosse. Er kann auch \u2013 fragen&hellip; <a class=\"continue\" href=\"https:\/\/unser-quartier.de\/braunsfeld\/der-machtmenschliche\/\" data-wpel-link=\"internal\"> \u00bb weiterlesen: <span> Kann der Kanzler? Armin Laschets Aussichten auf die Merkel-Nachfolge<\/span><\/a><\/p>\n","protected":false},"author":526,"featured_media":0,"parent":0,"menu_order":0,"comment_status":"closed","ping_status":"closed","template":"","meta":{"generate_page_header":"","footnotes":""},"class_list":["post-10812","page","type-page","status-publish"],"_links":{"self":[{"href":"https:\/\/unser-quartier.de\/braunsfeld\/wp-json\/wp\/v2\/pages\/10812","targetHints":{"allow":["GET"]}}],"collection":[{"href":"https:\/\/unser-quartier.de\/braunsfeld\/wp-json\/wp\/v2\/pages"}],"about":[{"href":"https:\/\/unser-quartier.de\/braunsfeld\/wp-json\/wp\/v2\/types\/page"}],"author":[{"embeddable":true,"href":"https:\/\/unser-quartier.de\/braunsfeld\/wp-json\/wp\/v2\/users\/526"}],"replies":[{"embeddable":true,"href":"https:\/\/unser-quartier.de\/braunsfeld\/wp-json\/wp\/v2\/comments?post=10812"}],"version-history":[{"count":0,"href":"https:\/\/unser-quartier.de\/braunsfeld\/wp-json\/wp\/v2\/pages\/10812\/revisions"}],"wp:attachment":[{"href":"https:\/\/unser-quartier.de\/braunsfeld\/wp-json\/wp\/v2\/media?parent=10812"}],"curies":[{"name":"wp","href":"https:\/\/api.w.org\/{rel}","templated":true}]}}