{"id":11050,"date":"2021-08-22T14:17:25","date_gmt":"2021-08-22T12:17:25","guid":{"rendered":"https:\/\/unser-quartier.de\/braunsfeld\/?page_id=11050"},"modified":"2023-01-14T15:11:31","modified_gmt":"2023-01-14T14:11:31","slug":"filippa-gojo-friends","status":"publish","type":"page","link":"https:\/\/unser-quartier.de\/braunsfeld\/filippa-gojo-friends\/","title":{"rendered":"Filippa Gojo &#038; friends"},"content":{"rendered":"\n<p><a href=\"https:\/\/unser-quartier.de\/braunsfeld\/files\/2021\/08\/Philippa_gojo-1.jpg\" data-wpel-link=\"internal\"><img loading=\"lazy\" decoding=\"async\" class=\"alignnone size-full wp-image-11051\" src=\"https:\/\/unser-quartier.de\/braunsfeld\/files\/2021\/08\/Philippa_gojo-1.jpg\" alt=\"\" width=\"1200\" height=\"800\" srcset=\"https:\/\/unser-quartier.de\/braunsfeld\/files\/2021\/08\/Philippa_gojo-1.jpg 1200w, https:\/\/unser-quartier.de\/braunsfeld\/files\/2021\/08\/Philippa_gojo-1-300x200.jpg 300w, https:\/\/unser-quartier.de\/braunsfeld\/files\/2021\/08\/Philippa_gojo-1-1024x683.jpg 1024w, https:\/\/unser-quartier.de\/braunsfeld\/files\/2021\/08\/Philippa_gojo-1-150x100.jpg 150w, https:\/\/unser-quartier.de\/braunsfeld\/files\/2021\/08\/Philippa_gojo-1-768x512.jpg 768w, https:\/\/unser-quartier.de\/braunsfeld\/files\/2021\/08\/Philippa_gojo-1-272x182.jpg 272w\" sizes=\"auto, (max-width: 1200px) 100vw, 1200px\" \/><\/a><\/p>\n\n\n\n<p><strong>Gojo \/ Corvisier \/ Br\u00e4mswig<\/strong><\/p>\n\n\n\n<p>Ein spannendes Aufeinandertreffen dieser 3 etablierten K\u00f6lner Musiker*innen, die schon h\u00e4ufig die B\u00fchne miteinander geteilt haben, jetzt zum ersten Mal im intimen, kammermusikalischen Format.<\/p>\n\n\n\n<p>Alle 3 haben sich mit ihrer Pers\u00f6nlichkeit und Virtuosit\u00e4t einen Namen gemacht: so ist S\u00e4ngerin Filippa Gojo bekannt als Preistr\u00e4gerin des \u201eNeuen Deutschen Jazzpreises\u201c und des \u201eHorst und Gretl Will-Stipendiums\u201c sowie als Leiterin und Namensgeberin ihres Quartetts, Saxophonistin Christine Corvisier als Leiterin der Formation \u201eCC5\u201c und Gitarrist Philipp Br\u00e4mswig neben seinen diversen Bandprojekten u.a. durch seine regelm\u00e4ssige Zusammenarbeit mit der WDR Big Band.<\/p>\n\n\n\n<p>Das abwechslungsreiche Repertoire der Band aus behutsam arrangierten Standards, Eigenkompositionen und Lieblingssongs l\u00e4sst Raum f\u00fcr die individuelle Stimme der Musiker*innen und deren feinf\u00fchlige Interaktion.<\/p>\n\n\n\n<p>Filippa Gojo &#8211; Stimme<br>Christine Corvisier &#8211; Saxophon<br>Philipp Br\u00e4mswig &#8211; Gitarre<\/p>\n\n\n\n<p><strong>Wann<\/strong>: 29.01.2023, 11.30 Uhr<\/p>\n\n\n\n<p><strong>Wo:<\/strong> ZeitGeist Braunsfeld e.V. Kulturraum, Clarenbachplatz 2, 50933 K\u00f6ln<\/p>\n\n\n\n<p><strong>Eintritt:<\/strong> 12 \u20ac p.P.<br><strong>Reservierung\/Tickets:<\/strong> Anmeldung erforderlich unter: <a href=\"mailto:Zeitgeist@koeln.de\">Zeitgeist@koeln.de<\/a> oder 01781787965<br>Einlass lt. aktueller Corona-Verordnung. Danke f\u00fcr Ihr Verst\u00e4ndnis!<\/p>\n\n\n\n<p><\/p>\n\n\n\n<p><iframe loading=\"lazy\" style=\"border: 1px solid black;\" src=\"https:\/\/www.openstreetmap.org\/export\/embed.html?bbox=6.890090703964234%2C50.936813238628346%2C6.89767599105835%2C50.93914574801564&amp;layer=mapnik&amp;marker=50.93797952313329%2C6.8938833475112915\" marginwidth=\"0\" marginheight=\"0\" scrolling=\"no\" width=\"425\" height=\"350\" frameborder=\"0\"><\/iframe><br><small><a href=\"https:\/\/www.openstreetmap.org\/?mlat=50.93798&amp;mlon=6.89388#map=18\/50.93798\/6.89388\" data-wpel-link=\"external\" target=\"_self\" rel=\"nofollow external noopener noreferrer\" title=\"Externer Link: Gr\u00f6\u00dfere Karte anzeigen\" class=\"ext-link wpel-icon-right\">Gr\u00f6\u00dfere Karte anzeigen<span class=\"wpel-icon wpel-image wpel-icon-6\"><\/span><\/a><\/small><\/p>\n\n\n","protected":false},"excerpt":{"rendered":"<p>Gojo \/ Corvisier \/ Br\u00e4mswig Ein spannendes Aufeinandertreffen dieser 3 etablierten K\u00f6lner Musiker*innen, die schon h\u00e4ufig die B\u00fchne miteinander geteilt haben, jetzt zum ersten Mal im intimen, kammermusikalischen Format. Alle 3 haben sich mit ihrer Pers\u00f6nlichkeit und Virtuosit\u00e4t einen Namen gemacht: so ist S\u00e4ngerin Filippa Gojo bekannt als Preistr\u00e4gerin des \u201eNeuen Deutschen Jazzpreises\u201c und des&hellip; <a class=\"continue\" href=\"https:\/\/unser-quartier.de\/braunsfeld\/filippa-gojo-friends\/\" data-wpel-link=\"internal\"> \u00bb weiterlesen: <span> Filippa Gojo &#038; friends<\/span><\/a><\/p>\n","protected":false},"author":526,"featured_media":0,"parent":0,"menu_order":0,"comment_status":"closed","ping_status":"closed","template":"","meta":{"generate_page_header":"","footnotes":""},"class_list":["post-11050","page","type-page","status-publish"],"_links":{"self":[{"href":"https:\/\/unser-quartier.de\/braunsfeld\/wp-json\/wp\/v2\/pages\/11050","targetHints":{"allow":["GET"]}}],"collection":[{"href":"https:\/\/unser-quartier.de\/braunsfeld\/wp-json\/wp\/v2\/pages"}],"about":[{"href":"https:\/\/unser-quartier.de\/braunsfeld\/wp-json\/wp\/v2\/types\/page"}],"author":[{"embeddable":true,"href":"https:\/\/unser-quartier.de\/braunsfeld\/wp-json\/wp\/v2\/users\/526"}],"replies":[{"embeddable":true,"href":"https:\/\/unser-quartier.de\/braunsfeld\/wp-json\/wp\/v2\/comments?post=11050"}],"version-history":[{"count":1,"href":"https:\/\/unser-quartier.de\/braunsfeld\/wp-json\/wp\/v2\/pages\/11050\/revisions"}],"predecessor-version":[{"id":16201,"href":"https:\/\/unser-quartier.de\/braunsfeld\/wp-json\/wp\/v2\/pages\/11050\/revisions\/16201"}],"wp:attachment":[{"href":"https:\/\/unser-quartier.de\/braunsfeld\/wp-json\/wp\/v2\/media?parent=11050"}],"curies":[{"name":"wp","href":"https:\/\/api.w.org\/{rel}","templated":true}]}}