{"id":11080,"date":"2021-09-21T16:49:05","date_gmt":"2021-09-21T14:49:05","guid":{"rendered":"https:\/\/unser-quartier.de\/braunsfeld\/?page_id=11080"},"modified":"2021-09-21T17:06:25","modified_gmt":"2021-09-21T15:06:25","slug":"raum-fuer-analoge-erfahrungen-eine-einladung-zum-nachdenken-ueber-die-eigene-online-offline-balance","status":"publish","type":"page","link":"https:\/\/unser-quartier.de\/braunsfeld\/raum-fuer-analoge-erfahrungen-eine-einladung-zum-nachdenken-ueber-die-eigene-online-offline-balance\/","title":{"rendered":"Raum f\u00fcr analoge Erfahrungen"},"content":{"rendered":"\n<p><strong>Eine Einladung zum Nachdenken \u00fcber die eigene Online-Offline-Balance<\/strong><\/p>\n\n\n\n<p>Frau Dr. Katrin Drazek-Kappus<\/p>\n\n\n\n<p>Der Vortrag mit anschlie\u00dfender Diskussion betrachtet das Ph\u00e4nomen der st\u00e4ndigen Verf\u00fcgbar- und Erreichbarkeit. Wir nutzen meist jede freie Minute zum Koordinieren, Chatten oder Lesen von Nachrichten. Vieles, was eigentlich sch\u00f6n sein k\u00f6nnte, landet oftmals auf einer (digitalen) To-do-Liste und wird dadurch zur Pflicht. Katrin Drazek-Kappus gibt Einblicke aus ihrer therapeutischen Arbeit und erl\u00e4utert was passieren kann, wenn die Omnipr\u00e4senz bereits zum Leidensdruck geworden ist. Alltagsbeispiele geben Input, \u00fcber das eigene digitale Verhalten nachzudenken. Was w\u00fcrde passieren, wenn wir uns selber Zeit und Raum f\u00fcr analoge Erfahrungen nehmen?<\/p>\n\n\n\n<p>Dr. Katrin Drazek-Kappus ist klinische Musiktherapeutin und Gr\u00fcnderin von EchteZeit. Mit EchteZeit hat Sie gesundheitspr\u00e4ventive Veranstaltungsformate entwickelt, die das Zusammenspiel analoger M\u00f6glichkeiten im digitalen Raum fokussieren. Begleitende Aspekte in ihrer Arbeit sind der positive Umgang mit Zeit im Augenblick und Resonanz. Sie besch\u00e4ftigt sich seit vielen Jahren mit den gesundheitlichen Auswirkungen des sozialen Wandels auf das Individuum und ver\u00f6ffentlicht in der Fachpresse.<\/p>\n\n\n\n<p><strong>Wann<\/strong>: Freitag, 08.Oktober 2021, 19:30 Uhr<\/p>\n\n\n\n<p><strong>Wo:<\/strong> ZeitGeist Braunsfeld e.V. Kulturzentrum, Clarenbachplatz 2, 50933 K\u00f6ln<\/p>\n\n\n\n<p><strong>Eintritt: <\/strong>12 \u20ac p.P. <br>Reservierung\/ Tickets: Anmeldung unter <a href=\"https:\/\/echtezeit.de\/buchung\" data-wpel-link=\"external\" target=\"_self\" rel=\"nofollow external noopener noreferrer\" title=\"Externer Link: https:\/\/echtezeit.de\/buchung\" class=\"ext-link wpel-icon-right\">https:\/\/echtezeit.de\/buchung<span class=\"wpel-icon wpel-image wpel-icon-6\"><\/span><\/a><\/p>\n\n\n\n<p>Einlass lt. aktueller Corona-Verordnung f\u00fcr negativ Getestete, Geimpft, Genesene. Es besteht Maskenpflicht.<br>Danke f\u00fcr Ihr Verst\u00e4ndnis!<\/p>\n\n\n\n<p>N\u00e4here Informationen \u00fcber die Angebote von EchteZeit unter: <a href=\"http:\/\/www.echtezeit.de\" data-type=\"URL\" data-id=\"www.echtezeit.de\" data-wpel-link=\"external\" target=\"_self\" rel=\"nofollow external noopener noreferrer\" title=\"Externer Link: www.echtezeit.de\" class=\"ext-link wpel-icon-right\">www.echtezeit.de<span class=\"wpel-icon wpel-image wpel-icon-6\"><\/span><\/a>&nbsp;<\/p>\n\n\n\n<p><iframe loading=\"lazy\" style=\"border: 0;\" src=\"https:\/\/www.google.com\/maps\/embed?pb=!1m18!1m12!1m3!1d2514.230957347801!2d6.8915686163984144!3d50.93794167954542!2m3!1f0!2f0!3f0!3m2!1i1024!2i768!4f13.1!3m3!1m2!1s0x47bf2589c78f6179%3A0x39c0278acc397105!2sZeitgeist%20Braunsfeld%20%E2%80%93%20GenerationenNetzwerk%20e.V.!5e0!3m2!1sde!2sde!4v1620990059878!5m2!1sde!2sde\" allowfullscreen=\"allowfullscreen\" width=\"600\" height=\"450\"><\/iframe><\/p>\n","protected":false},"excerpt":{"rendered":"<p>Eine Einladung zum Nachdenken \u00fcber die eigene Online-Offline-Balance Frau Dr. Katrin Drazek-Kappus Der Vortrag mit anschlie\u00dfender Diskussion betrachtet das Ph\u00e4nomen der st\u00e4ndigen Verf\u00fcgbar- und Erreichbarkeit. Wir nutzen meist jede freie Minute zum Koordinieren, Chatten oder Lesen von Nachrichten. Vieles, was eigentlich sch\u00f6n sein k\u00f6nnte, landet oftmals auf einer (digitalen) To-do-Liste und wird dadurch zur Pflicht.&hellip; <a class=\"continue\" href=\"https:\/\/unser-quartier.de\/braunsfeld\/raum-fuer-analoge-erfahrungen-eine-einladung-zum-nachdenken-ueber-die-eigene-online-offline-balance\/\" data-wpel-link=\"internal\"> \u00bb weiterlesen: <span> Raum f\u00fcr analoge Erfahrungen<\/span><\/a><\/p>\n","protected":false},"author":526,"featured_media":0,"parent":0,"menu_order":0,"comment_status":"closed","ping_status":"closed","template":"","meta":{"generate_page_header":"","footnotes":""},"class_list":["post-11080","page","type-page","status-publish"],"_links":{"self":[{"href":"https:\/\/unser-quartier.de\/braunsfeld\/wp-json\/wp\/v2\/pages\/11080","targetHints":{"allow":["GET"]}}],"collection":[{"href":"https:\/\/unser-quartier.de\/braunsfeld\/wp-json\/wp\/v2\/pages"}],"about":[{"href":"https:\/\/unser-quartier.de\/braunsfeld\/wp-json\/wp\/v2\/types\/page"}],"author":[{"embeddable":true,"href":"https:\/\/unser-quartier.de\/braunsfeld\/wp-json\/wp\/v2\/users\/526"}],"replies":[{"embeddable":true,"href":"https:\/\/unser-quartier.de\/braunsfeld\/wp-json\/wp\/v2\/comments?post=11080"}],"version-history":[{"count":0,"href":"https:\/\/unser-quartier.de\/braunsfeld\/wp-json\/wp\/v2\/pages\/11080\/revisions"}],"wp:attachment":[{"href":"https:\/\/unser-quartier.de\/braunsfeld\/wp-json\/wp\/v2\/media?parent=11080"}],"curies":[{"name":"wp","href":"https:\/\/api.w.org\/{rel}","templated":true}]}}