{"id":11087,"date":"2021-09-21T17:11:42","date_gmt":"2021-09-21T15:11:42","guid":{"rendered":"https:\/\/unser-quartier.de\/braunsfeld\/?page_id=11087"},"modified":"2021-09-25T16:50:12","modified_gmt":"2021-09-25T14:50:12","slug":"input-fuer-anloge-erfahrungen-und-kreative-selbstfuersorge","status":"publish","type":"page","link":"https:\/\/unser-quartier.de\/braunsfeld\/input-fuer-anloge-erfahrungen-und-kreative-selbstfuersorge\/","title":{"rendered":"Seminar Teil 1: Input f\u00fcr anloge Erfahrungen und kreative Selbstf\u00fcrsorge"},"content":{"rendered":"\n<p>Frau Dr. Katrin Drazek-Kappus und Frau Sabine Nicodemus\u00a0\u00a0\u00a0\u00a0\u00a0\u00a0\u00a0\u00a0\u00a0\u00a0\u00a0\u00a0\u00a0\u00a0\u00a0\u00a0\u00a0\u00a0\u00a0\u00a0\u00a0\u00a0\u00a0\u00a0\u00a0\u00a0\u00a0\u00a0\u00a0<\/p>\n<p>In dieser Veranstaltung nehmen Sie sich Zeit f\u00fcr sich. Nach eingehender Vorstellungsrunde k\u00f6nnen Sie sich alleine und in Ruhe mit analogen M\u00f6glichkeiten im digitalen Alltag auseinandersetzen. Wir werden jeder Teilnehmer*in hierf\u00fcr ein Input-Paket zusammenstellen. Es beinhaltet bewusst ausgew\u00e4hlte, eigens konzipierte und nachhaltig hergestellte Materialien. Mit den Paketen arbeiten Sie w\u00e4hrend der Veranstaltung alleine. Hierbei besteht jederzeit die M\u00f6glichkeit, sich mit den Leiterinnen auszutauschen. Unser Input-Paket ist frei von Bewertung. Es gibt weder Richtig noch Falsch. Die Handhabung ist individuell in der Nutzung, Art und Dauer. Gesammelte Erfahrungen und Beobachtungen werden abschlie\u00dfend zusammengetragen. Die Intensit\u00e4t bestimmen Sie dabei selbst \u2013 der Austausch ist freiwillig. Neue Impulse und Klarheit f\u00fcr das Selbstmanagement k\u00f6nnen angeregt und entdeckt werden. Individuelle Symbole und Hilfen f\u00fcr den Alltag werden darauf aufbauend und abschlie\u00dfend erarbeitet.<\/p>\n<p><strong>Wann:<\/strong> 09. Oktober 2021, 11:00 \u2013 13:30 Uhr Teil 1 \u00a0\u00a0\u00a0\u00a0\u00a0\u00a0\u00a0\u00a0\u00a0\u00a0\u00a0\u00a0\u00a0\u00a0\u00a0\u00a0\u00a0\u00a0\u00a0\u00a0\u00a0\u00a0\u00a0\u00a0\u00a0\u00a0\u00a0\u00a0\u00a0\u00a0\u00a0\u00a0\u00a0\u00a0\u00a0\u00a0\u00a0\u00a0\u00a0\u00a0\u00a0\u00a0\u00a0\u00a0\u00a0\u00a0<\/p>\n<p><strong>Wo:<\/strong> ZeitGeist Braunsfeld e. V. Kulturzentrum, Clarenbachplatz 2, 50933 K\u00f6ln<\/p>\n<p><strong>Eintritt:<\/strong> \u00a0149,00 \u20ac p. P.<\/p>\n<p>Reservierung\/Tickets: Anmeldung unter <a href=\"https:\/\/echtezeit.de\/buchung\" data-wpel-link=\"external\" target=\"_self\" rel=\"nofollow external noopener noreferrer\" title=\"Externer Link: https:\/\/echtezeit.de\/buchung\" class=\"ext-link wpel-icon-right\">https:\/\/echtezeit.de\/buchung<span class=\"wpel-icon wpel-image wpel-icon-6\"><\/span><\/a><\/p>\n<p>Der Eintritt beinhaltet eines unserer analogen Input-Pakete.<br \/>N\u00e4heres unter <a href=\"https:\/\/echtezeit.de\/inspirationsspaket\" data-wpel-link=\"external\" target=\"_self\" rel=\"nofollow external noopener noreferrer\" title=\"Externer Link: https:\/\/echtezeit.de\/inspirationsspaket\" class=\"ext-link wpel-icon-right\">https:\/\/echtezeit.de\/inspirationsspaket<span class=\"wpel-icon wpel-image wpel-icon-6\"><\/span><\/a><\/p>\n<p>Einlass lt. aktueller Corona-Verordnung f\u00fcr negativ Getestete, Geimpft, Genesene. Es besteht Maskenpflicht.<br \/>Danke f\u00fcr Ihr Verst\u00e4ndnis!<\/p>\n<p>\u00a0<\/p>\n<p><iframe loading=\"lazy\" style=\"border: 0;\" src=\"https:\/\/www.google.com\/maps\/embed?pb=!1m18!1m12!1m3!1d2514.230957347801!2d6.8915686163984144!3d50.93794167954542!2m3!1f0!2f0!3f0!3m2!1i1024!2i768!4f13.1!3m3!1m2!1s0x47bf2589c78f6179%3A0x39c0278acc397105!2sZeitgeist%20Braunsfeld%20%E2%80%93%20GenerationenNetzwerk%20e.V.!5e0!3m2!1sde!2sde!4v1620990059878!5m2!1sde!2sde\" width=\"600\" height=\"450\" allowfullscreen=\"allowfullscreen\"><\/iframe><\/p>\n","protected":false},"excerpt":{"rendered":"<p>Frau Dr. Katrin Drazek-Kappus und Frau Sabine Nicodemus\u00a0\u00a0\u00a0\u00a0\u00a0\u00a0\u00a0\u00a0\u00a0\u00a0\u00a0\u00a0\u00a0\u00a0\u00a0\u00a0\u00a0\u00a0\u00a0\u00a0\u00a0\u00a0\u00a0\u00a0\u00a0\u00a0\u00a0\u00a0\u00a0 In dieser Veranstaltung nehmen Sie sich Zeit f\u00fcr sich. Nach eingehender Vorstellungsrunde k\u00f6nnen Sie sich alleine und in Ruhe mit analogen M\u00f6glichkeiten im digitalen Alltag auseinandersetzen. Wir werden jeder Teilnehmer*in hierf\u00fcr ein Input-Paket zusammenstellen. Es beinhaltet bewusst ausgew\u00e4hlte, eigens konzipierte und nachhaltig hergestellte Materialien. Mit den Paketen&hellip; <a class=\"continue\" href=\"https:\/\/unser-quartier.de\/braunsfeld\/input-fuer-anloge-erfahrungen-und-kreative-selbstfuersorge\/\" data-wpel-link=\"internal\"> \u00bb weiterlesen: <span> Seminar Teil 1: Input f\u00fcr anloge Erfahrungen und kreative Selbstf\u00fcrsorge<\/span><\/a><\/p>\n","protected":false},"author":526,"featured_media":0,"parent":0,"menu_order":0,"comment_status":"closed","ping_status":"closed","template":"","meta":{"generate_page_header":"","footnotes":""},"class_list":["post-11087","page","type-page","status-publish"],"_links":{"self":[{"href":"https:\/\/unser-quartier.de\/braunsfeld\/wp-json\/wp\/v2\/pages\/11087","targetHints":{"allow":["GET"]}}],"collection":[{"href":"https:\/\/unser-quartier.de\/braunsfeld\/wp-json\/wp\/v2\/pages"}],"about":[{"href":"https:\/\/unser-quartier.de\/braunsfeld\/wp-json\/wp\/v2\/types\/page"}],"author":[{"embeddable":true,"href":"https:\/\/unser-quartier.de\/braunsfeld\/wp-json\/wp\/v2\/users\/526"}],"replies":[{"embeddable":true,"href":"https:\/\/unser-quartier.de\/braunsfeld\/wp-json\/wp\/v2\/comments?post=11087"}],"version-history":[{"count":0,"href":"https:\/\/unser-quartier.de\/braunsfeld\/wp-json\/wp\/v2\/pages\/11087\/revisions"}],"wp:attachment":[{"href":"https:\/\/unser-quartier.de\/braunsfeld\/wp-json\/wp\/v2\/media?parent=11087"}],"curies":[{"name":"wp","href":"https:\/\/api.w.org\/{rel}","templated":true}]}}