{"id":11090,"date":"2021-09-21T17:42:48","date_gmt":"2021-09-21T15:42:48","guid":{"rendered":"https:\/\/unser-quartier.de\/braunsfeld\/?page_id=11090"},"modified":"2021-09-25T16:51:12","modified_gmt":"2021-09-25T14:51:12","slug":"wir-spielen-druckpause","status":"publish","type":"page","link":"https:\/\/unser-quartier.de\/braunsfeld\/wir-spielen-druckpause\/","title":{"rendered":"Seminar Teil 2: Wir spielen DruckPause"},"content":{"rendered":"\n<p>Frau Dr. Katrin Drazek-Kappus und Frau Sabine Nicodemus<\/p>\n<p>Unsere Spielinspiration haben wir f\u00fcr drei &#8211; 103j\u00e4hrige entwickelt. Gespielt werden kann mit bis zu vier Personen an einem Tisch. Wir werden sechs Tische zur Verf\u00fcgung stellen.<\/p>\n<p>DruckPause<\/p>\n<p>\u00a0: ist eine analoge Auszeit im digitalen Alltag<br \/>\u00a0: l\u00e4dt ein, Pause einmal anders zu erleben<br \/>\u00a0: ist ein Druck ganz ohne Zeitdruck<br \/>\u00a0: kann erm\u00f6glichen, Freude &amp; Raum f\u00fcr Neues zu erfahren<br \/>\u00a0: ist ebenso ein Ratespiel mit anregender Spurensuche<br \/>\u00a0: eignet sich zum Teambuilding<br \/>\u00a0: bietet Inspirationen<\/p>\n<p><strong>Wann:\u00a0<\/strong>\u00a0 09. Oktober 2021, 15:00 \u2013 16:00 Uhr Teil 2\u00a0\u00a0\u00a0\u00a0\u00a0\u00a0\u00a0\u00a0\u00a0\u00a0\u00a0\u00a0\u00a0\u00a0\u00a0\u00a0\u00a0\u00a0\u00a0\u00a0\u00a0\u00a0\u00a0\u00a0\u00a0\u00a0\u00a0\u00a0\u00a0\u00a0\u00a0\u00a0\u00a0\u00a0\u00a0<\/p>\n<p><strong>Wo:<\/strong>\u00a0\u00a0 ZeitGeist Braunsfeld e. V. Kulturzentrum, Clarenbachplatz 2, 50933 K\u00f6ln<\/p>\n<p><strong>Eintritt:<\/strong>\u00a0 10,00 \u20ac p. P.<br \/>Reservierung\/Tickets: Anmeldung unter <a href=\"https:\/\/echtezeit.de\/buchung\" data-wpel-link=\"external\" target=\"_self\" rel=\"nofollow external noopener noreferrer\" title=\"Externer Link: https:\/\/echtezeit.de\/buchung\" class=\"ext-link wpel-icon-right\">https:\/\/echtezeit.de\/buchung<span class=\"wpel-icon wpel-image wpel-icon-6\"><\/span><\/a><\/p>\n<p>Einlass lt. aktueller Corona-Verordnung f\u00fcr negativ Getestete, Geimpft, Genesene. Es besteht Maskenpflicht.<br \/>Danke f\u00fcr Ihr Verst\u00e4ndnis!<\/p>\n<p>\u00a0<\/p>\n<p><iframe loading=\"lazy\" style=\"border: 0;\" src=\"https:\/\/www.google.com\/maps\/embed?pb=!1m18!1m12!1m3!1d2514.230957347801!2d6.8915686163984144!3d50.93794167954542!2m3!1f0!2f0!3f0!3m2!1i1024!2i768!4f13.1!3m3!1m2!1s0x47bf2589c78f6179%3A0x39c0278acc397105!2sZeitgeist%20Braunsfeld%20%E2%80%93%20GenerationenNetzwerk%20e.V.!5e0!3m2!1sde!2sde!4v1620990059878!5m2!1sde!2sde\" width=\"600\" height=\"450\" allowfullscreen=\"allowfullscreen\"><\/iframe><\/p>\n","protected":false},"excerpt":{"rendered":"<p>Frau Dr. Katrin Drazek-Kappus und Frau Sabine Nicodemus Unsere Spielinspiration haben wir f\u00fcr drei &#8211; 103j\u00e4hrige entwickelt. Gespielt werden kann mit bis zu vier Personen an einem Tisch. Wir werden sechs Tische zur Verf\u00fcgung stellen. DruckPause \u00a0: ist eine analoge Auszeit im digitalen Alltag\u00a0: l\u00e4dt ein, Pause einmal anders zu erleben\u00a0: ist ein Druck ganz&hellip; <a class=\"continue\" href=\"https:\/\/unser-quartier.de\/braunsfeld\/wir-spielen-druckpause\/\" data-wpel-link=\"internal\"> \u00bb weiterlesen: <span> Seminar Teil 2: Wir spielen DruckPause<\/span><\/a><\/p>\n","protected":false},"author":526,"featured_media":0,"parent":0,"menu_order":0,"comment_status":"closed","ping_status":"closed","template":"","meta":{"generate_page_header":"","footnotes":""},"class_list":["post-11090","page","type-page","status-publish"],"_links":{"self":[{"href":"https:\/\/unser-quartier.de\/braunsfeld\/wp-json\/wp\/v2\/pages\/11090","targetHints":{"allow":["GET"]}}],"collection":[{"href":"https:\/\/unser-quartier.de\/braunsfeld\/wp-json\/wp\/v2\/pages"}],"about":[{"href":"https:\/\/unser-quartier.de\/braunsfeld\/wp-json\/wp\/v2\/types\/page"}],"author":[{"embeddable":true,"href":"https:\/\/unser-quartier.de\/braunsfeld\/wp-json\/wp\/v2\/users\/526"}],"replies":[{"embeddable":true,"href":"https:\/\/unser-quartier.de\/braunsfeld\/wp-json\/wp\/v2\/comments?post=11090"}],"version-history":[{"count":0,"href":"https:\/\/unser-quartier.de\/braunsfeld\/wp-json\/wp\/v2\/pages\/11090\/revisions"}],"wp:attachment":[{"href":"https:\/\/unser-quartier.de\/braunsfeld\/wp-json\/wp\/v2\/media?parent=11090"}],"curies":[{"name":"wp","href":"https:\/\/api.w.org\/{rel}","templated":true}]}}