{"id":11094,"date":"2021-09-21T17:50:39","date_gmt":"2021-09-21T15:50:39","guid":{"rendered":"https:\/\/unser-quartier.de\/braunsfeld\/?page_id=11094"},"modified":"2021-09-25T16:52:54","modified_gmt":"2021-09-25T14:52:54","slug":"seminar-teil-3-online-offline-balance","status":"publish","type":"page","link":"https:\/\/unser-quartier.de\/braunsfeld\/seminar-teil-3-online-offline-balance\/","title":{"rendered":"Seminar Teil 3: Online-Offline Balance"},"content":{"rendered":"\n<p>Frau Dr. Katrin Drazek-Kappus und Frau Sabine Nicodemus<\/p>\n\n\n\n<p>In dieser Veranstaltung werden Fragen gestellt, diskutiert und wenn Sie m\u00f6gen mit Hilfe eines Skizzenbuches gearbeitet. Nach eingehender Vorstellungsrunde analysieren wir die unterschiedlichen Nutzungsverhalten im Fokus der st\u00e4ndigen Verf\u00fcgbarkeit aller Teilnehmer*innen. Welches Verh\u00e4ltnis haben Sie gegen\u00fcber Ihren mobilen Endger\u00e4ten &#8211; was ist bereichernd, was stresst Sie und was m\u00f6chten Sie \u00e4ndern? Und was hat dies mit einer Verbesserung des eigenen Gem\u00fctszustandes zu tun?<\/p>\n\n\n\n<p>Die Veranstaltung versteht sich als Anregung, sich mit dem eigenen Online-Verhalten auseinanderzusetzen. Es werden keine L\u00f6sungen aufgezeigt und keine Regeln vermittelt. Vielmehr wird ein fachlicher Input gegeben, um mit Ihnen ein Bewusstsein zu entwickeln, f\u00fcr die Notwendigkeit medienfreier Zeiten, R\u00e4ume und Situationen. Gemeinsam schauen wir hin, welche Bed\u00fcrfnisse hinter Ihrem Verhalten stehen und wie Sie diesen neuartig begegnen k\u00f6nnen<\/p>\n\n\n\n<p><strong>Wann:<\/strong>\u00a0\u00a0 09. Oktober 2021, 18:00 \u2013 19:30 Uhr Teil 3\u00a0<\/p>\n\n\n\n<p><strong>Wo:&nbsp;<\/strong>&nbsp; ZeitGeist Braunsfeld e. V. Kulturzentrum, Clarenbachplatz 2, 50933 K\u00f6ln<\/p>\n\n\n\n<p>E<strong>intritt:&nbsp;<\/strong> 35,00 \u20ac p. P.<\/p>\n\n\n\n<p>Reservierung\/Tickets: Anmeldung unter <a href=\"https:\/\/echtezeit.de\/buchung\" data-wpel-link=\"external\" target=\"_self\" rel=\"nofollow external noopener noreferrer\" title=\"Externer Link: https:\/\/echtezeit.de\/buchung\" class=\"ext-link wpel-icon-right\">https:\/\/echtezeit.de\/buchung<span class=\"wpel-icon wpel-image wpel-icon-6\"><\/span><\/a><\/p>\n\n\n\n<p>Der Eintritt beinhaltet zus\u00e4tzlich ein hochwertiges Skizzenbuch und Bleistift.<\/p>\n\n\n\n<p>Einlass lt. aktueller Corona-Verordnung f\u00fcr negativ Getestete, Geimpft, Genesene. Es besteht Maskenpflicht.<br>Danke f\u00fcr Ihr Verst\u00e4ndnis!<\/p>\n\n\n\n<p><iframe loading=\"lazy\" style=\"border: 0;\" src=\"https:\/\/www.google.com\/maps\/embed?pb=!1m18!1m12!1m3!1d2514.230957347801!2d6.8915686163984144!3d50.93794167954542!2m3!1f0!2f0!3f0!3m2!1i1024!2i768!4f13.1!3m3!1m2!1s0x47bf2589c78f6179%3A0x39c0278acc397105!2sZeitgeist%20Braunsfeld%20%E2%80%93%20GenerationenNetzwerk%20e.V.!5e0!3m2!1sde!2sde!4v1620990059878!5m2!1sde!2sde\" allowfullscreen=\"allowfullscreen\" width=\"600\" height=\"450\"><\/iframe><\/p>\n\n\n\n<p class=\"has-text-align-justify\"><\/p>\n\n\n\n<p><\/p>\n","protected":false},"excerpt":{"rendered":"<p>Frau Dr. Katrin Drazek-Kappus und Frau Sabine Nicodemus In dieser Veranstaltung werden Fragen gestellt, diskutiert und wenn Sie m\u00f6gen mit Hilfe eines Skizzenbuches gearbeitet. Nach eingehender Vorstellungsrunde analysieren wir die unterschiedlichen Nutzungsverhalten im Fokus der st\u00e4ndigen Verf\u00fcgbarkeit aller Teilnehmer*innen. Welches Verh\u00e4ltnis haben Sie gegen\u00fcber Ihren mobilen Endger\u00e4ten &#8211; was ist bereichernd, was stresst Sie und&hellip; <a class=\"continue\" href=\"https:\/\/unser-quartier.de\/braunsfeld\/seminar-teil-3-online-offline-balance\/\" data-wpel-link=\"internal\"> \u00bb weiterlesen: <span> Seminar Teil 3: Online-Offline Balance<\/span><\/a><\/p>\n","protected":false},"author":526,"featured_media":0,"parent":0,"menu_order":0,"comment_status":"closed","ping_status":"closed","template":"","meta":{"generate_page_header":"","footnotes":""},"class_list":["post-11094","page","type-page","status-publish"],"_links":{"self":[{"href":"https:\/\/unser-quartier.de\/braunsfeld\/wp-json\/wp\/v2\/pages\/11094","targetHints":{"allow":["GET"]}}],"collection":[{"href":"https:\/\/unser-quartier.de\/braunsfeld\/wp-json\/wp\/v2\/pages"}],"about":[{"href":"https:\/\/unser-quartier.de\/braunsfeld\/wp-json\/wp\/v2\/types\/page"}],"author":[{"embeddable":true,"href":"https:\/\/unser-quartier.de\/braunsfeld\/wp-json\/wp\/v2\/users\/526"}],"replies":[{"embeddable":true,"href":"https:\/\/unser-quartier.de\/braunsfeld\/wp-json\/wp\/v2\/comments?post=11094"}],"version-history":[{"count":0,"href":"https:\/\/unser-quartier.de\/braunsfeld\/wp-json\/wp\/v2\/pages\/11094\/revisions"}],"wp:attachment":[{"href":"https:\/\/unser-quartier.de\/braunsfeld\/wp-json\/wp\/v2\/media?parent=11094"}],"curies":[{"name":"wp","href":"https:\/\/api.w.org\/{rel}","templated":true}]}}