{"id":1116,"date":"2016-01-23T12:54:37","date_gmt":"2016-01-23T11:54:37","guid":{"rendered":"http:\/\/unser-quartier.de\/tmp-musterblog3\/?page_id=1116"},"modified":"2025-01-24T17:29:25","modified_gmt":"2025-01-24T16:29:25","slug":"newsletter","status":"publish","type":"page","link":"https:\/\/unser-quartier.de\/braunsfeld\/service\/newsletter\/","title":{"rendered":"Newsletter"},"content":{"rendered":"<div id=\"pl-1116\"  class=\"panel-layout\" ><div id=\"pg-1116-0\"  class=\"panel-grid panel-no-style\" ><div id=\"pgc-1116-0-0\"  class=\"panel-grid-cell\" ><div id=\"panel-1116-0-0-0\" class=\"so-panel widget widget_sow-editor panel-first-child\" data-index=\"0\" ><div\n\t\t\t\n\t\t\tclass=\"so-widget-sow-editor so-widget-sow-editor-base\"\n\t\t\t\n\t\t>\n<div class=\"siteorigin-widget-tinymce textwidget\">\n\t<h4><span style=\"color: #ff0000;\">Aus technischen Gr\u00fcnden k\u00f6nnen wir zur Zeit keine Newsletter verschicken.<\/span><\/h4>\n<p>Sie k\u00f6nnen alle neuen Beitr\u00e4ge aus unserem Portal direkt per E-Mail erhalten.<\/p>\n<p>Bestellen Sie unseren Newsletter.<\/p>\n<p>&nbsp;<\/p>\n<p>Wenn Sie Ihre E-Mail-Adresse eingeben und dann auf abonnieren klicken erhalten Sie an Ihre E-Mail-Adresse eine E-Mail mit einem Link, den Sie best\u00e4tigen m\u00fcssen. Das geschieht, damit kein anderer mit Ihrer E-Mail-Adresse einen Newsletter bestellt, den Sie nicht haben wollen. Pr\u00fcfen Sie ggf. auch Ihren Spam-Filter und nehmen Sie die Absenderadresse in Ihr Adressbuch auf.<\/p>\n<p>Sie k\u00f6nnen den Newsletter jederzeit abbestellen.<\/p>\n<p><iframe loading=\"lazy\" style=\"display: block; margin-left: auto; margin-right: auto; max-width: 100%;\" src=\"https:\/\/f58e6f2d.sibforms.com\/serve\/MUIFANf-g2PurAiixh01Ir1fgsCTPeFWDKqLJOUXrLE_Jf9a2cKuBZI24rxKB2QHJAl0JSF0VxvZQMZetgB1_g1yLkHGmLjQghusRjnYjhj3YEqzRWtNEiysUr0jquMay-LMhg8K-w-PUU1cC0uD6FC1UgbiL2LMzR_YAad4RK7l-dqP2UcAz3yfX3X65kLqGTllzwNKyg7Ig8OB\" width=\"540\" height=\"305\" frameborder=\"0\" scrolling=\"auto\" allowfullscreen=\"allowfullscreen\"><\/iframe><\/p>\n<\/div>\n<\/div><\/div><div id=\"panel-1116-0-0-1\" class=\"so-panel widget panel-last-child\" data-index=\"1\" ><\/div><\/div><\/div><\/div>","protected":false},"excerpt":{"rendered":"<p>Aus technischen Gr\u00fcnden k\u00f6nnen wir zur Zeit keine Newsletter verschicken. Sie k\u00f6nnen alle neuen Beitr\u00e4ge aus unserem Portal direkt per E-Mail erhalten. Bestellen Sie unseren Newsletter. &nbsp; Wenn Sie Ihre E-Mail-Adresse eingeben und dann auf abonnieren klicken erhalten Sie an Ihre E-Mail-Adresse eine E-Mail mit einem Link, den Sie best\u00e4tigen m\u00fcssen. Das geschieht, damit kein&hellip; <a class=\"continue\" href=\"https:\/\/unser-quartier.de\/braunsfeld\/service\/newsletter\/\" data-wpel-link=\"internal\"> \u00bb weiterlesen: <span> Newsletter<\/span><\/a><\/p>\n","protected":false},"author":525,"featured_media":0,"parent":1114,"menu_order":2,"comment_status":"closed","ping_status":"closed","template":"","meta":{"generate_page_header":"","footnotes":""},"class_list":["post-1116","page","type-page","status-publish"],"_links":{"self":[{"href":"https:\/\/unser-quartier.de\/braunsfeld\/wp-json\/wp\/v2\/pages\/1116","targetHints":{"allow":["GET"]}}],"collection":[{"href":"https:\/\/unser-quartier.de\/braunsfeld\/wp-json\/wp\/v2\/pages"}],"about":[{"href":"https:\/\/unser-quartier.de\/braunsfeld\/wp-json\/wp\/v2\/types\/page"}],"author":[{"embeddable":true,"href":"https:\/\/unser-quartier.de\/braunsfeld\/wp-json\/wp\/v2\/users\/525"}],"replies":[{"embeddable":true,"href":"https:\/\/unser-quartier.de\/braunsfeld\/wp-json\/wp\/v2\/comments?post=1116"}],"version-history":[{"count":4,"href":"https:\/\/unser-quartier.de\/braunsfeld\/wp-json\/wp\/v2\/pages\/1116\/revisions"}],"predecessor-version":[{"id":21746,"href":"https:\/\/unser-quartier.de\/braunsfeld\/wp-json\/wp\/v2\/pages\/1116\/revisions\/21746"}],"up":[{"embeddable":true,"href":"https:\/\/unser-quartier.de\/braunsfeld\/wp-json\/wp\/v2\/pages\/1114"}],"wp:attachment":[{"href":"https:\/\/unser-quartier.de\/braunsfeld\/wp-json\/wp\/v2\/media?parent=1116"}],"curies":[{"name":"wp","href":"https:\/\/api.w.org\/{rel}","templated":true}]}}