{"id":11164,"date":"2021-10-18T13:46:09","date_gmt":"2021-10-18T11:46:09","guid":{"rendered":"https:\/\/unser-quartier.de\/braunsfeld\/?page_id=11164"},"modified":"2021-10-18T13:52:32","modified_gmt":"2021-10-18T11:52:32","slug":"wider-den-magerzins","status":"publish","type":"page","link":"https:\/\/unser-quartier.de\/braunsfeld\/wider-den-magerzins\/","title":{"rendered":"Wider den Magerzins"},"content":{"rendered":"\n<h3>Aktien versus Festgeld &amp; Co.<\/h3>\n<p>Ein Vortrag von Dietmar Peikert<\/p>\n<p><img loading=\"lazy\" decoding=\"async\" class=\"alignright wp-image-4462\" src=\"https:\/\/unser-quartier.de\/braunsfeld\/files\/2018\/01\/Peikert-300x400.png\" alt=\"Der Referent Dietmar Peikert\" width=\"168\" height=\"224\" srcset=\"https:\/\/unser-quartier.de\/braunsfeld\/files\/2018\/01\/Peikert-300x400.png 300w, https:\/\/unser-quartier.de\/braunsfeld\/files\/2018\/01\/Peikert-150x200.png 150w, https:\/\/unser-quartier.de\/braunsfeld\/files\/2018\/01\/Peikert.png 744w\" sizes=\"auto, (max-width: 168px) 100vw, 168px\" \/><\/p>\n<p>Nachdem die Zinsen seit Jahren praktisch abgeschafft sind, ist es schwierig geworden, etwas anzusparen. Sei es f\u00fcr ein neues Auto, f\u00fcr ein neues Haus oder zur Aufbesserung der Rente. Aber es gibt M\u00f6glichkeiten. Denn Aktien sind g\u00fcnstig, aussichtsreich und bringen sogar Zinsen in Form von Dividenden.<\/p>\n<p>Dies ist die Meinung von Dietmar Peikert. Er hat langj\u00e4hrige B\u00f6rsenerfahrung und gibt diese Erfahrung gerne weiter. Mit seiner langfristig angelegten Strategie gegen die Mager- oder sogar Minuszinsen gibt er Tipps zu dieser rentablen Form der Geldanlage und macht dabei aus seiner Begeisterung f\u00fcr die B\u00f6rse keinen Hehl.<\/p>\n<p>Lassen Sie sich \u00fcberraschen, was durch den Erwerb von Qualit\u00e4tsaktien langfristig m\u00f6glich ist.<\/p>\n<p><strong>Wann<\/strong>: Freitag, 29. Oktober 2021, 18:00 Uhr<\/p>\n<p><strong>Wo<\/strong>: Zeitgeist Braunsfeld Kulturzentrum, Clarenbachplatz 2, 50933 K\u00f6ln<\/p>\n<p><strong>Eintritt<\/strong>: 8 Euro, Anmeldung unter <a href=\"mailto:zeitgeist@koeln.de\">zeitgeist@koeln.de<\/a><\/p>\n<p>Einlass laut aktueller Corona-Verordnung f\u00fcr Geimpfte, Getestete und Genesene. Danke f\u00fcr Ihr Verst\u00e4ndnis.<\/p>\n","protected":false},"excerpt":{"rendered":"<p>Aktien versus Festgeld &amp; Co. Ein Vortrag von Dietmar Peikert Nachdem die Zinsen seit Jahren praktisch abgeschafft sind, ist es schwierig geworden, etwas anzusparen. Sei es f\u00fcr ein neues Auto, f\u00fcr ein neues Haus oder zur Aufbesserung der Rente. Aber es gibt M\u00f6glichkeiten. Denn Aktien sind g\u00fcnstig, aussichtsreich und bringen sogar Zinsen in Form von&hellip; <a class=\"continue\" href=\"https:\/\/unser-quartier.de\/braunsfeld\/wider-den-magerzins\/\" data-wpel-link=\"internal\"> \u00bb weiterlesen: <span> Wider den Magerzins<\/span><\/a><\/p>\n","protected":false},"author":526,"featured_media":0,"parent":0,"menu_order":0,"comment_status":"closed","ping_status":"closed","template":"","meta":{"generate_page_header":"","footnotes":""},"class_list":["post-11164","page","type-page","status-publish"],"_links":{"self":[{"href":"https:\/\/unser-quartier.de\/braunsfeld\/wp-json\/wp\/v2\/pages\/11164","targetHints":{"allow":["GET"]}}],"collection":[{"href":"https:\/\/unser-quartier.de\/braunsfeld\/wp-json\/wp\/v2\/pages"}],"about":[{"href":"https:\/\/unser-quartier.de\/braunsfeld\/wp-json\/wp\/v2\/types\/page"}],"author":[{"embeddable":true,"href":"https:\/\/unser-quartier.de\/braunsfeld\/wp-json\/wp\/v2\/users\/526"}],"replies":[{"embeddable":true,"href":"https:\/\/unser-quartier.de\/braunsfeld\/wp-json\/wp\/v2\/comments?post=11164"}],"version-history":[{"count":0,"href":"https:\/\/unser-quartier.de\/braunsfeld\/wp-json\/wp\/v2\/pages\/11164\/revisions"}],"wp:attachment":[{"href":"https:\/\/unser-quartier.de\/braunsfeld\/wp-json\/wp\/v2\/media?parent=11164"}],"curies":[{"name":"wp","href":"https:\/\/api.w.org\/{rel}","templated":true}]}}