{"id":11187,"date":"2021-10-24T17:30:14","date_gmt":"2021-10-24T15:30:14","guid":{"rendered":"https:\/\/unser-quartier.de\/braunsfeld\/?page_id=11187"},"modified":"2022-11-04T14:00:16","modified_gmt":"2022-11-04T13:00:16","slug":"weihnachtskonzert-mueller-michalke","status":"publish","type":"page","link":"https:\/\/unser-quartier.de\/braunsfeld\/weihnachtskonzert-mueller-michalke\/","title":{"rendered":"M\u00fcller &#038; Michalke"},"content":{"rendered":"\n<h1 style=\"text-align: left;\"><a href=\"https:\/\/unser-quartier.de\/braunsfeld\/files\/2022\/04\/Bild1.jpg\" data-wpel-link=\"internal\"><img loading=\"lazy\" decoding=\"async\" class=\"alignright wp-image-15049 size-medium\" src=\"https:\/\/unser-quartier.de\/braunsfeld\/files\/2022\/04\/Bild1-300x200.jpg\" alt=\"\" width=\"300\" height=\"200\" srcset=\"https:\/\/unser-quartier.de\/braunsfeld\/files\/2022\/04\/Bild1-300x200.jpg 300w, https:\/\/unser-quartier.de\/braunsfeld\/files\/2022\/04\/Bild1-1024x681.jpg 1024w, https:\/\/unser-quartier.de\/braunsfeld\/files\/2022\/04\/Bild1-150x100.jpg 150w, https:\/\/unser-quartier.de\/braunsfeld\/files\/2022\/04\/Bild1-768x511.jpg 768w, https:\/\/unser-quartier.de\/braunsfeld\/files\/2022\/04\/Bild1-272x182.jpg 272w, https:\/\/unser-quartier.de\/braunsfeld\/files\/2022\/04\/Bild1.jpg 1200w\" sizes=\"auto, (max-width: 300px) 100vw, 300px\" \/><\/a><\/h1>\n<p>Eva Viola M\u00fcller und Stefan Michalke fanden nach langj\u00e4hriger Freundschaft zu einer musikalischen Einheit, die den Zuh\u00f6rer tief bewegt.<\/p>\n<p>Die beiden Musiker erz\u00e4hlen mit Einfl\u00fcssen aus Jazz, Pop und Weltmusik von Ihren ganz pers\u00f6nlichen Erkenntnissen auf der Reise des Lebens.\u2028<br \/>Spannende Kompositionen, vertr\u00e4umte Poesie, facettenreiche Klangfarben und Tanz laden ein zum Versinken in andere Sph\u00e4ren &#8211; in Welten von Mythen, Naturerlebnissen und zwischenmenschlichen Beziehungen.<\/p>\n<p style=\"text-align: left;\">\u201c\u2026voller zart melancholischer T\u00f6ne, die von den Protagonisten mit diversen Tasteninstrumenten und einer sanften Stimme in prickelnde Melodien gegossen werden.\u201c (Jazzthetik)<br \/><br \/><\/p>\n<p><strong>Wann<\/strong>: 31.07.2022, 11.30 Uhr<\/p>\n<p><strong>Wo:<\/strong> ZeitGeist Braunsfeld e.V. Kulturraum, Clarenbachplatz 2 50933 K\u00f6ln<\/p>\n<p><strong>Eintritt:<\/strong> 12 \u20ac p.P.<br \/><strong>Reservierung\/Tickets:<\/strong> Anmeldung erforderlich unter: <a href=\"mailto:Zeitgeist@koeln.de\">Zeitgeist@koeln.de<\/a><br \/>oder 01781787965.<br \/>Einlass lt. aktueller Corona-Verordnung. Danke f\u00fcr Ihr Verst\u00e4ndnis!<\/p>\n<p>\u00a0<\/p>\n","protected":false},"excerpt":{"rendered":"<p>Eva Viola M\u00fcller und Stefan Michalke fanden nach langj\u00e4hriger Freundschaft zu einer musikalischen Einheit, die den Zuh\u00f6rer tief bewegt. Die beiden Musiker erz\u00e4hlen mit Einfl\u00fcssen aus Jazz, Pop und Weltmusik von Ihren ganz pers\u00f6nlichen Erkenntnissen auf der Reise des Lebens.\u2028Spannende Kompositionen, vertr\u00e4umte Poesie, facettenreiche Klangfarben und Tanz laden ein zum Versinken in andere Sph\u00e4ren &#8211;&hellip; <a class=\"continue\" href=\"https:\/\/unser-quartier.de\/braunsfeld\/weihnachtskonzert-mueller-michalke\/\" data-wpel-link=\"internal\"> \u00bb weiterlesen: <span> M\u00fcller &#038; Michalke<\/span><\/a><\/p>\n","protected":false},"author":526,"featured_media":0,"parent":0,"menu_order":0,"comment_status":"closed","ping_status":"closed","template":"","meta":{"generate_page_header":"","footnotes":""},"class_list":["post-11187","page","type-page","status-publish"],"_links":{"self":[{"href":"https:\/\/unser-quartier.de\/braunsfeld\/wp-json\/wp\/v2\/pages\/11187","targetHints":{"allow":["GET"]}}],"collection":[{"href":"https:\/\/unser-quartier.de\/braunsfeld\/wp-json\/wp\/v2\/pages"}],"about":[{"href":"https:\/\/unser-quartier.de\/braunsfeld\/wp-json\/wp\/v2\/types\/page"}],"author":[{"embeddable":true,"href":"https:\/\/unser-quartier.de\/braunsfeld\/wp-json\/wp\/v2\/users\/526"}],"replies":[{"embeddable":true,"href":"https:\/\/unser-quartier.de\/braunsfeld\/wp-json\/wp\/v2\/comments?post=11187"}],"version-history":[{"count":0,"href":"https:\/\/unser-quartier.de\/braunsfeld\/wp-json\/wp\/v2\/pages\/11187\/revisions"}],"wp:attachment":[{"href":"https:\/\/unser-quartier.de\/braunsfeld\/wp-json\/wp\/v2\/media?parent=11187"}],"curies":[{"name":"wp","href":"https:\/\/api.w.org\/{rel}","templated":true}]}}