{"id":11202,"date":"2021-11-08T14:42:49","date_gmt":"2021-11-08T13:42:49","guid":{"rendered":"https:\/\/unser-quartier.de\/braunsfeld\/?page_id=11202"},"modified":"2022-11-04T14:02:43","modified_gmt":"2022-11-04T13:02:43","slug":"soulcrane","status":"publish","type":"page","link":"https:\/\/unser-quartier.de\/braunsfeld\/soulcrane\/","title":{"rendered":"Mathias Schwengler Trio &#8211; Soulcrane"},"content":{"rendered":"\n<p style=\"margin-bottom: .0001pt;\"><span style=\"font-size: 12.0pt; font-family: 'Arial','sans-serif'; color: black;\"><a href=\"https:\/\/unser-quartier.de\/braunsfeld\/files\/2021\/11\/Soulcrane1b-1.jpg\" data-wpel-link=\"internal\"><img loading=\"lazy\" decoding=\"async\" class=\"alignright wp-image-11207 size-medium\" src=\"https:\/\/unser-quartier.de\/braunsfeld\/files\/2021\/11\/Soulcrane1b-1-300x315.jpg\" alt=\"\" width=\"300\" height=\"315\" srcset=\"https:\/\/unser-quartier.de\/braunsfeld\/files\/2021\/11\/Soulcrane1b-1-300x315.jpg 300w, https:\/\/unser-quartier.de\/braunsfeld\/files\/2021\/11\/Soulcrane1b-1-975x1024.jpg 975w, https:\/\/unser-quartier.de\/braunsfeld\/files\/2021\/11\/Soulcrane1b-1-150x158.jpg 150w, https:\/\/unser-quartier.de\/braunsfeld\/files\/2021\/11\/Soulcrane1b-1-768x807.jpg 768w, https:\/\/unser-quartier.de\/braunsfeld\/files\/2021\/11\/Soulcrane1b-1.jpg 1142w\" sizes=\"auto, (max-width: 300px) 100vw, 300px\" \/><\/a><\/span>Mit \u201cSoulcrane\u201d pr\u00e4sentiert Matthias Schwengler einen Klangk\u00f6rper, der es gl\u00e4nzend versteht, Retro-Feeling und neue Ans\u00e4tze unter einen Hut zu bringen. Bei ihrem zweiten Album \u201eAnother Step We Take\u201c arbeiten die Musiker gemeinsam kompositorisch an einem klanglichen Werk und bleiben mit dem warmen Charakter dieser Musik stets auf einem kammermusikalischen Niveau. Es wird eine Atmosph\u00e4re geschaffen, die einer Unterhaltung unter Freunden gleicht. Soulcrane \u00fcberzeugt mit einer fast famili\u00e4ren Pers\u00f6nlichkeit und verdeutlicht, wie eindringlich insbesondere die leisen T\u00f6ne wirken k\u00f6nnen. Jedes Instrument ist gleichberechtigt und die drei K\u00f6lner Musiker verstehen es, den gro\u00dfen Spielraum stets musikalisch wertvoll zu f\u00fcllen.Gemeinsam treten sie ganz nat\u00fcrlich als Kollektiv in Erscheinung und strahlen dabei gro\u00dfe Harmonie und innere Ruhe aus.<\/p>\n<p>\u00a0<\/p>\n<p style=\"margin-bottom: 0cm;\">Mathias Schwengler &#8211; Trompete<br \/>Reza Askari &#8211; Bass<br \/>Philipp Br\u00e4mswig &#8211; Gitarre<br \/><br \/><\/p>\n<p><strong>Wann<\/strong>: 25.09.2022, 11.30 Uhr<br \/><strong>Wo:<\/strong> ZeitGeist Braunsfeld e.V. Kulturraum, Clarenbachplatz 2 50933 K\u00f6ln<br \/><strong>Eintritt:<\/strong> 12 \u20ac p.P.<br \/><strong>Reservierung\/Tickets:<\/strong> Anmeldung erforderlich unter: <a href=\"mailto:Zeitgeist@koeln.de\">Zeitgeist@koeln.de\u00a0<\/a>oder 01781787965<br \/>Einlass lt. aktueller Corona-Verordnung. Danke f\u00fcr Ihr Verst\u00e4ndnis!<\/p>\n<p>\u00a0<\/p>\n","protected":false},"excerpt":{"rendered":"<p>Mit \u201cSoulcrane\u201d pr\u00e4sentiert Matthias Schwengler einen Klangk\u00f6rper, der es gl\u00e4nzend versteht, Retro-Feeling und neue Ans\u00e4tze unter einen Hut zu bringen. Bei ihrem zweiten Album \u201eAnother Step We Take\u201c arbeiten die Musiker gemeinsam kompositorisch an einem klanglichen Werk und bleiben mit dem warmen Charakter dieser Musik stets auf einem kammermusikalischen Niveau. Es wird eine Atmosph\u00e4re geschaffen,&hellip; <a class=\"continue\" href=\"https:\/\/unser-quartier.de\/braunsfeld\/soulcrane\/\" data-wpel-link=\"internal\"> \u00bb weiterlesen: <span> Mathias Schwengler Trio &#8211; Soulcrane<\/span><\/a><\/p>\n","protected":false},"author":526,"featured_media":0,"parent":0,"menu_order":0,"comment_status":"closed","ping_status":"closed","template":"","meta":{"generate_page_header":"","footnotes":""},"class_list":["post-11202","page","type-page","status-publish"],"_links":{"self":[{"href":"https:\/\/unser-quartier.de\/braunsfeld\/wp-json\/wp\/v2\/pages\/11202","targetHints":{"allow":["GET"]}}],"collection":[{"href":"https:\/\/unser-quartier.de\/braunsfeld\/wp-json\/wp\/v2\/pages"}],"about":[{"href":"https:\/\/unser-quartier.de\/braunsfeld\/wp-json\/wp\/v2\/types\/page"}],"author":[{"embeddable":true,"href":"https:\/\/unser-quartier.de\/braunsfeld\/wp-json\/wp\/v2\/users\/526"}],"replies":[{"embeddable":true,"href":"https:\/\/unser-quartier.de\/braunsfeld\/wp-json\/wp\/v2\/comments?post=11202"}],"version-history":[{"count":0,"href":"https:\/\/unser-quartier.de\/braunsfeld\/wp-json\/wp\/v2\/pages\/11202\/revisions"}],"wp:attachment":[{"href":"https:\/\/unser-quartier.de\/braunsfeld\/wp-json\/wp\/v2\/media?parent=11202"}],"curies":[{"name":"wp","href":"https:\/\/api.w.org\/{rel}","templated":true}]}}