{"id":14776,"date":"2022-02-14T14:03:04","date_gmt":"2022-02-14T13:03:04","guid":{"rendered":"https:\/\/unser-quartier.de\/braunsfeld\/?page_id=14776"},"modified":"2022-11-04T13:34:02","modified_gmt":"2022-11-04T12:34:02","slug":"iranischer-frauenchor","status":"publish","type":"page","link":"https:\/\/unser-quartier.de\/braunsfeld\/iranischer-frauenchor\/","title":{"rendered":"Iranischer Frauenchor"},"content":{"rendered":"\n<p><strong><a href=\"https:\/\/unser-quartier.de\/braunsfeld\/files\/2022\/02\/Bild1.jpg\" data-wpel-link=\"internal\"><img loading=\"lazy\" decoding=\"async\" id=\"longdesc-return-14345\" class=\"alignright wp-image-14345 size-medium\" tabindex=\"-1\" src=\"https:\/\/unser-quartier.de\/braunsfeld\/files\/2022\/02\/Bild1-300x200.jpg\" alt=\"\" width=\"300\" height=\"200\" longdesc=\"https:\/\/unser-quartier.de\/braunsfeld?longdesc=14345&amp;referrer=14776\" srcset=\"https:\/\/unser-quartier.de\/braunsfeld\/files\/2022\/02\/Bild1-300x200.jpg 300w, https:\/\/unser-quartier.de\/braunsfeld\/files\/2022\/02\/Bild1-1024x683.jpg 1024w, https:\/\/unser-quartier.de\/braunsfeld\/files\/2022\/02\/Bild1-150x100.jpg 150w, https:\/\/unser-quartier.de\/braunsfeld\/files\/2022\/02\/Bild1-768x512.jpg 768w, https:\/\/unser-quartier.de\/braunsfeld\/files\/2022\/02\/Bild1-272x182.jpg 272w, https:\/\/unser-quartier.de\/braunsfeld\/files\/2022\/02\/Bild1.jpg 1200w\" sizes=\"auto, (max-width: 300px) 100vw, 300px\" \/><\/a>Maryam Akhondy &amp; Banu<\/strong><\/p>\n<p>Iranischer Frauenchor<\/p>\n<p>Maryam Akhondys Musikprojekt BANU (persisch f\u00fcr &#8220;vornehme Dame&#8221;) ist das weltweit erste seiner Art, das sich der Erforschung der Frauenges\u00e4nge im Vielv\u00f6lkerstaat Iran verschrieben hat und seit dem Jahr 2000 auf der B\u00fchne pr\u00e4sentiert.<\/p>\n<p><strong>Wann<\/strong>: Mittwochs, von 18:00 &#8211; 19:30 Uhr<\/p>\n<p><strong>Wo: <\/strong>ZeitGeist e.V. Kulturraum, Clarenbachplatz 2, 50933 K\u00f6ln<\/p>\n<p><strong>Kontakt:<\/strong> Maryam Akhondy<br \/>+49 (0)174 9678437<\/p>\n<p><a href=\"mailto:persischemusik@web.de\">persischemusik@web.de<\/a><\/p>\n<p><a href=\"https:\/\/deref-web.de\/mail\/client\/FtC_1BHiugM\/dereferrer\/?redirectUrl=https%3A%2F%2Fpersischsingen.wordpress.com\" data-wpel-link=\"external\" target=\"_self\" rel=\"nofollow external noopener noreferrer\" title=\"Externer Link: https:\/\/persischsingen.wordpress.com\" class=\"ext-link wpel-icon-right\">https:\/\/persischsingen.wordpress.com<span class=\"wpel-icon wpel-image wpel-icon-6\"><\/span><\/a><\/p>\n<p><a href=\"http:\/\/www.maryamakhondy.com\" data-wpel-link=\"external\" target=\"_self\" rel=\"nofollow external noopener noreferrer\" title=\"Externer Link: www.maryamakhondy.com\" class=\"ext-link wpel-icon-right\">www.maryamakhondy.com<span class=\"wpel-icon wpel-image wpel-icon-6\"><\/span><\/a><\/p>\n<p><iframe loading=\"lazy\" style=\"border: 1px solid black;\" src=\"https:\/\/www.openstreetmap.org\/export\/embed.html?bbox=6.890090703964234%2C50.936813238628346%2C6.89767599105835%2C50.93914574801564&amp;layer=mapnik&amp;marker=50.93797952313329%2C6.8938833475112915\" width=\"425\" height=\"350\" frameborder=\"0\" marginwidth=\"0\" marginheight=\"0\" scrolling=\"no\"><\/iframe><br \/><small><a href=\"https:\/\/www.openstreetmap.org\/?mlat=50.93798&amp;mlon=6.89388#map=18\/50.93798\/6.89388\" data-wpel-link=\"external\" target=\"_self\" rel=\"nofollow external noopener noreferrer\" title=\"Externer Link: Gr\u00f6\u00dfere Karte anzeigen\" class=\"ext-link wpel-icon-right\">Gr\u00f6\u00dfere Karte anzeigen<span class=\"wpel-icon wpel-image wpel-icon-6\"><\/span><\/a><\/small><\/p>\n","protected":false},"excerpt":{"rendered":"<p>Maryam Akhondy &amp; Banu Iranischer Frauenchor Maryam Akhondys Musikprojekt BANU (persisch f\u00fcr &#8220;vornehme Dame&#8221;) ist das weltweit erste seiner Art, das sich der Erforschung der Frauenges\u00e4nge im Vielv\u00f6lkerstaat Iran verschrieben hat und seit dem Jahr 2000 auf der B\u00fchne pr\u00e4sentiert. Wann: Mittwochs, von 18:00 &#8211; 19:30 Uhr Wo: ZeitGeist e.V. Kulturraum, Clarenbachplatz 2, 50933 K\u00f6ln&hellip; <a class=\"continue\" href=\"https:\/\/unser-quartier.de\/braunsfeld\/iranischer-frauenchor\/\" data-wpel-link=\"internal\"> \u00bb weiterlesen: <span> Iranischer Frauenchor<\/span><\/a><\/p>\n","protected":false},"author":526,"featured_media":0,"parent":0,"menu_order":0,"comment_status":"closed","ping_status":"closed","template":"","meta":{"generate_page_header":"","footnotes":""},"class_list":["post-14776","page","type-page","status-publish"],"_links":{"self":[{"href":"https:\/\/unser-quartier.de\/braunsfeld\/wp-json\/wp\/v2\/pages\/14776","targetHints":{"allow":["GET"]}}],"collection":[{"href":"https:\/\/unser-quartier.de\/braunsfeld\/wp-json\/wp\/v2\/pages"}],"about":[{"href":"https:\/\/unser-quartier.de\/braunsfeld\/wp-json\/wp\/v2\/types\/page"}],"author":[{"embeddable":true,"href":"https:\/\/unser-quartier.de\/braunsfeld\/wp-json\/wp\/v2\/users\/526"}],"replies":[{"embeddable":true,"href":"https:\/\/unser-quartier.de\/braunsfeld\/wp-json\/wp\/v2\/comments?post=14776"}],"version-history":[{"count":0,"href":"https:\/\/unser-quartier.de\/braunsfeld\/wp-json\/wp\/v2\/pages\/14776\/revisions"}],"wp:attachment":[{"href":"https:\/\/unser-quartier.de\/braunsfeld\/wp-json\/wp\/v2\/media?parent=14776"}],"curies":[{"name":"wp","href":"https:\/\/api.w.org\/{rel}","templated":true}]}}