{"id":14783,"date":"2022-02-14T14:43:09","date_gmt":"2022-02-14T13:43:09","guid":{"rendered":"https:\/\/unser-quartier.de\/braunsfeld\/?page_id=14783"},"modified":"2024-07-30T11:43:20","modified_gmt":"2024-07-30T09:43:20","slug":"moeglichkeitsraum-supervision-coaching-fuer-lehrkraefte","status":"publish","type":"page","link":"https:\/\/unser-quartier.de\/braunsfeld\/moeglichkeitsraum-supervision-coaching-fuer-lehrkraefte\/","title":{"rendered":"M\u00f6glichkeitsraum &#8211; Supervision &#038; Coaching f\u00fcr Lehrkr\u00e4fte"},"content":{"rendered":"\n<p class=\"mobile-undersized-upper\"><span class=\"\">Sie suchen eine Gelegenheit, um in einem professionell angeleiteten Setting belastende schulische Erlebnisse aufzuarbeiten, herausfordernde Situationen vorzubereiten oder neue Inspirationen zu gewinnen? Diese Anliegen und auch viele weitere haben im &#8216;M\u00f6glichkeitsraum&#8217; Platz. Unsere <a class=\"link1 ext-link wpel-icon-right\" href=\"https:\/\/www.moeglichkeitsraum-koelnbonn.de\/supervision-coaching-lehrer\" data-wpel-link=\"external\" target=\"_self\" rel=\"nofollow external noopener noreferrer\" title=\"Externer Link: Supervision f\u00fcr Lehrkr\u00e4fte\">Supervision f\u00fcr Lehrkr\u00e4fte<span class=\"wpel-icon wpel-image wpel-icon-6\"><\/span><\/a> bietet einen gesch\u00fctzten Raum, schulische Erlebnisse zu reflektieren sowie individuell passende Handlungsoptionen und eigene Visionen zu entwickeln. Wir unterst\u00fctzen Sie als systemische Beraterinnen in diesem Prozess einf\u00fchlsam und zielorientiert. Da wir auch selber Lehrerinnen sind, kennen wir die Herausforderungen des Schulalltages. Diese Erfahrungen flie\u00dfen ebenfalls in unsere supervisorische Arbeit ein.\u00a0 \u00a0<\/span><\/p>\n<p class=\"mobile-undersized-upper\"><span class=\"\">Falls Sie Interesse an unserem Angebot haben, informieren Sie sich auf unserer Homepage <a href=\"https:\/\/www.moeglichkeitsraum-koelnbonn.de\/\" data-wpel-link=\"external\" target=\"_self\" rel=\"nofollow external noopener noreferrer\" title=\"Externer Link: www.moeglichkeitsraum-koelnbonn.de\" class=\"ext-link wpel-icon-right\">www.moeglichkeitsraum-koelnbonn.de<span class=\"wpel-icon wpel-image wpel-icon-6\"><\/span><\/a> oder wenden Sie sich \u00fcber <a class=\"link1\" href=\"mailto:supervision@moeglichkeitsraum-koelnbonn.de\">supervision@moeglichkeitsraum-koelnbonn.de<\/a>\u00a0 an uns.<\/span><\/p>\n<p>\u00a0<\/p>\n<p class=\"mobile-undersized-upper\">\u00a0<\/p>\n<p>\u00a0<\/p>\n","protected":false},"excerpt":{"rendered":"<p>Sie suchen eine Gelegenheit, um in einem professionell angeleiteten Setting belastende schulische Erlebnisse aufzuarbeiten, herausfordernde Situationen vorzubereiten oder neue Inspirationen zu gewinnen? Diese Anliegen und auch viele weitere haben im &#8216;M\u00f6glichkeitsraum&#8217; Platz. Unsere Supervision f\u00fcr Lehrkr\u00e4fte bietet einen gesch\u00fctzten Raum, schulische Erlebnisse zu reflektieren sowie individuell passende Handlungsoptionen und eigene Visionen zu entwickeln. Wir unterst\u00fctzen&hellip; <a class=\"continue\" href=\"https:\/\/unser-quartier.de\/braunsfeld\/moeglichkeitsraum-supervision-coaching-fuer-lehrkraefte\/\" data-wpel-link=\"internal\"> \u00bb weiterlesen: <span> M\u00f6glichkeitsraum &#8211; Supervision &#038; Coaching f\u00fcr Lehrkr\u00e4fte<\/span><\/a><\/p>\n","protected":false},"author":526,"featured_media":0,"parent":0,"menu_order":0,"comment_status":"closed","ping_status":"closed","template":"","meta":{"generate_page_header":"","footnotes":""},"class_list":["post-14783","page","type-page","status-publish"],"_links":{"self":[{"href":"https:\/\/unser-quartier.de\/braunsfeld\/wp-json\/wp\/v2\/pages\/14783","targetHints":{"allow":["GET"]}}],"collection":[{"href":"https:\/\/unser-quartier.de\/braunsfeld\/wp-json\/wp\/v2\/pages"}],"about":[{"href":"https:\/\/unser-quartier.de\/braunsfeld\/wp-json\/wp\/v2\/types\/page"}],"author":[{"embeddable":true,"href":"https:\/\/unser-quartier.de\/braunsfeld\/wp-json\/wp\/v2\/users\/526"}],"replies":[{"embeddable":true,"href":"https:\/\/unser-quartier.de\/braunsfeld\/wp-json\/wp\/v2\/comments?post=14783"}],"version-history":[{"count":2,"href":"https:\/\/unser-quartier.de\/braunsfeld\/wp-json\/wp\/v2\/pages\/14783\/revisions"}],"predecessor-version":[{"id":20247,"href":"https:\/\/unser-quartier.de\/braunsfeld\/wp-json\/wp\/v2\/pages\/14783\/revisions\/20247"}],"wp:attachment":[{"href":"https:\/\/unser-quartier.de\/braunsfeld\/wp-json\/wp\/v2\/media?parent=14783"}],"curies":[{"name":"wp","href":"https:\/\/api.w.org\/{rel}","templated":true}]}}