{"id":14958,"date":"2022-03-04T13:14:56","date_gmt":"2022-03-04T12:14:56","guid":{"rendered":"https:\/\/unser-quartier.de\/braunsfeld\/?page_id=14958"},"modified":"2022-03-04T13:36:39","modified_gmt":"2022-03-04T12:36:39","slug":"zurueck-ins-volle-leben","status":"publish","type":"page","link":"https:\/\/unser-quartier.de\/braunsfeld\/zurueck-ins-volle-leben\/","title":{"rendered":"Zur\u00fcck ins volle Leben"},"content":{"rendered":"\n<p><strong>Mit Ingo Frob\u00f6se raus aus der Corona &#8211; L\u00e4hmung<\/strong><\/p>\n\n\n\n<p><\/p>\n\n\n\n<p>Hinter den l\u00e4stigen Masken, beim ewigen Streaming und im Home Office sind wir alle bedenklich eingerostet.<\/p>\n<figure id=\"attachment_14959\" aria-describedby=\"caption-attachment-14959\" style=\"width: 213px\" class=\"wp-caption alignright\"><img loading=\"lazy\" decoding=\"async\" class=\" wp-image-14959\" src=\"https:\/\/unser-quartier.de\/braunsfeld\/files\/2022\/03\/Shooting_Froboese_2020_06-e1646395567741-300x300.jpg\" alt=\"\" width=\"223\" height=\"223\" srcset=\"https:\/\/unser-quartier.de\/braunsfeld\/files\/2022\/03\/Shooting_Froboese_2020_06-e1646395567741-300x300.jpg 300w, https:\/\/unser-quartier.de\/braunsfeld\/files\/2022\/03\/Shooting_Froboese_2020_06-e1646395567741-150x150.jpg 150w, https:\/\/unser-quartier.de\/braunsfeld\/files\/2022\/03\/Shooting_Froboese_2020_06-e1646395567741-768x767.jpg 768w, https:\/\/unser-quartier.de\/braunsfeld\/files\/2022\/03\/Shooting_Froboese_2020_06-e1646395567741.jpg 801w\" sizes=\"auto, (max-width: 223px) 100vw, 223px\" \/><figcaption id=\"caption-attachment-14959\" class=\"wp-caption-text\">Foto: Sebastian Bahr<\/figcaption><\/figure>\n<p>Ingo Frob\u00f6se, Fitness-Guru von der K\u00f6lner Sporthochschule, wei\u00df, was zu tun ist. Der fr\u00fchere Leistungssportler und Autor von mehr als 40 B\u00fcchern erkl\u00e4rt, wie man die Corona &#8211; Schlappheit hinter sich l\u00e4sst und Stoffwechsel, Kreislauf und erlahmendes Muskelgewebe wieder auf Zack bringt.<br data-rich-text-line-break=\"true\" \/><br data-rich-text-line-break=\"true\" \/>Dr. Ingo Frob\u00f6se ist Universit\u00e4tsprofessor f\u00fcr Pr\u00e4vention und Rehabilitation<br data-rich-text-line-break=\"true\" \/>im Sport an der Deutschen Sporthochschule K\u00f6ln. Er ist dort Leiter des<br data-rich-text-line-break=\"true\" \/>Zentrums f\u00fcr Gesundheit durch Sport und Bewegung und Leiter des Instituts f\u00fcr Bewegungstherapie und bewegungsorientierte Pr\u00e4vention und Rehabilitation.<br data-rich-text-line-break=\"true\" \/><br data-rich-text-line-break=\"true\" \/><strong>Wann<\/strong>: Donnerstag, 31. M\u00e4rz 2022, 19:30 Uhr<br data-rich-text-line-break=\"true\" \/><strong>Wo<\/strong>: ZeitGeist Braunsfeld e.V. Kulturzentrum, Clarenbachplatz 2, 50933 K\u00f6ln<br data-rich-text-line-break=\"true\" \/><br data-rich-text-line-break=\"true\" \/>Eintritt: 12 \u20ac. Um Anmeldung wird gebeten.<br data-rich-text-line-break=\"true\" \/>Einlass lt. aktueller Corona-Verordnung.<br data-rich-text-line-break=\"true\" \/><br data-rich-text-line-break=\"true\" \/>Reservierung\/Tickets in der Buchhandlung Klinski, Aachener Str.529, 50933 K\u00f6ln, Tel.: 0221 9416527 \/ info@buchhandlung-in-braunsfeld.de<br data-rich-text-line-break=\"true\" \/><br data-rich-text-line-break=\"true\" \/>IM GESPR\u00c4CH. Eine Veranstaltungsreihe von Gabriele Klinski und Knut Pries<\/p>\n\n\n\n<p class=\"has-text-align-right\"><\/p>\n\n\n\n<p class=\"has-text-align-justify\"><\/p>\n","protected":false},"excerpt":{"rendered":"<p>Mit Ingo Frob\u00f6se raus aus der Corona &#8211; L\u00e4hmung Hinter den l\u00e4stigen Masken, beim ewigen Streaming und im Home Office sind wir alle bedenklich eingerostet. Ingo Frob\u00f6se, Fitness-Guru von der K\u00f6lner Sporthochschule, wei\u00df, was zu tun ist. Der fr\u00fchere Leistungssportler und Autor von mehr als 40 B\u00fcchern erkl\u00e4rt, wie man die Corona &#8211; Schlappheit hinter&hellip; <a class=\"continue\" href=\"https:\/\/unser-quartier.de\/braunsfeld\/zurueck-ins-volle-leben\/\" data-wpel-link=\"internal\"> \u00bb weiterlesen: <span> Zur\u00fcck ins volle Leben<\/span><\/a><\/p>\n","protected":false},"author":526,"featured_media":0,"parent":0,"menu_order":0,"comment_status":"closed","ping_status":"closed","template":"","meta":{"generate_page_header":"","footnotes":""},"class_list":["post-14958","page","type-page","status-publish"],"_links":{"self":[{"href":"https:\/\/unser-quartier.de\/braunsfeld\/wp-json\/wp\/v2\/pages\/14958","targetHints":{"allow":["GET"]}}],"collection":[{"href":"https:\/\/unser-quartier.de\/braunsfeld\/wp-json\/wp\/v2\/pages"}],"about":[{"href":"https:\/\/unser-quartier.de\/braunsfeld\/wp-json\/wp\/v2\/types\/page"}],"author":[{"embeddable":true,"href":"https:\/\/unser-quartier.de\/braunsfeld\/wp-json\/wp\/v2\/users\/526"}],"replies":[{"embeddable":true,"href":"https:\/\/unser-quartier.de\/braunsfeld\/wp-json\/wp\/v2\/comments?post=14958"}],"version-history":[{"count":0,"href":"https:\/\/unser-quartier.de\/braunsfeld\/wp-json\/wp\/v2\/pages\/14958\/revisions"}],"wp:attachment":[{"href":"https:\/\/unser-quartier.de\/braunsfeld\/wp-json\/wp\/v2\/media?parent=14958"}],"curies":[{"name":"wp","href":"https:\/\/api.w.org\/{rel}","templated":true}]}}