{"id":14974,"date":"2022-03-15T12:02:23","date_gmt":"2022-03-15T11:02:23","guid":{"rendered":"https:\/\/unser-quartier.de\/braunsfeld\/?page_id=14974"},"modified":"2022-11-04T13:57:23","modified_gmt":"2022-11-04T12:57:23","slug":"tamara-lukasheva","status":"publish","type":"page","link":"https:\/\/unser-quartier.de\/braunsfeld\/tamara-lukasheva\/","title":{"rendered":"Tamara Lukasheva"},"content":{"rendered":"\n<h3><img loading=\"lazy\" decoding=\"async\" class=\"size-medium wp-image-14976 alignright\" src=\"https:\/\/unser-quartier.de\/braunsfeld\/files\/2022\/03\/Tamara-Lukasheva_22mae_solidaritaetskonzert-ukraine_1_foto-gerhard-richter-300x200.jpg\" alt=\"\" width=\"300\" height=\"200\" srcset=\"https:\/\/unser-quartier.de\/braunsfeld\/files\/2022\/03\/Tamara-Lukasheva_22mae_solidaritaetskonzert-ukraine_1_foto-gerhard-richter-300x200.jpg 300w, https:\/\/unser-quartier.de\/braunsfeld\/files\/2022\/03\/Tamara-Lukasheva_22mae_solidaritaetskonzert-ukraine_1_foto-gerhard-richter-1024x682.jpg 1024w, https:\/\/unser-quartier.de\/braunsfeld\/files\/2022\/03\/Tamara-Lukasheva_22mae_solidaritaetskonzert-ukraine_1_foto-gerhard-richter-150x100.jpg 150w, https:\/\/unser-quartier.de\/braunsfeld\/files\/2022\/03\/Tamara-Lukasheva_22mae_solidaritaetskonzert-ukraine_1_foto-gerhard-richter-768x511.jpg 768w, https:\/\/unser-quartier.de\/braunsfeld\/files\/2022\/03\/Tamara-Lukasheva_22mae_solidaritaetskonzert-ukraine_1_foto-gerhard-richter-272x182.jpg 272w, https:\/\/unser-quartier.de\/braunsfeld\/files\/2022\/03\/Tamara-Lukasheva_22mae_solidaritaetskonzert-ukraine_1_foto-gerhard-richter.jpg 1200w\" sizes=\"auto, (max-width: 300px) 100vw, 300px\" \/>Jazz f\u00fcr die Ukraine<\/h3>\n<p>Die ukrainische S\u00e4ngerin Tamara Lukasheva lebt seit vielen Jahren in K\u00f6ln und hat sich schnell als eine der besten deutschen Jazzs\u00e4ngerinnen etabliert. In den letzten Jahren hat sie sich in Deutschland und Europa einen Namen gemacht und zahlreiche Preise wie den &#8220;Neuen deutschen Jazzpreis&#8221;, das &#8220;Horst und Gretl Will Stipendium&#8221; oder den &#8220;WDR Jazzpreis&#8221; gewonnen.<\/p>\n<p>Vom Krieg in der Ukraine pers\u00f6nlich betroffen wird sie im ZeitGeist ukrainische Melodien und Lieder im Jazzstil interpretieren und neu erfinden,<\/p>\n<p>Begleitet wird sie dabei von Christine Corvisier am Saxophon und Frank Wingold an der Gitarre.<\/p>\n<p><strong>Wann<\/strong>: 24.04.2022, 11.30 Uhr<\/p>\n<p><strong>Wo:<\/strong> ZeitGeist Braunsfeld e.V. Kulturraum, Clarenbachplatz 2 50933 K\u00f6ln<\/p>\n<p><strong>Eintritt:<\/strong> 12 \u20ac p.P.<br \/><strong>Reservierung\/Tickets:<\/strong> Anmeldung erforderlich unter: <a href=\"mailto:Zeitgeist@koeln.de\">Zeitgeist@koeln.de<\/a><br \/>oder 01781787965<br \/>Einlass lt. aktueller Corona-Verordnung. Danke f\u00fcr Ihr Verst\u00e4ndnis!<\/p>\n<p>\u00a0<\/p>\n","protected":false},"excerpt":{"rendered":"<p>Jazz f\u00fcr die Ukraine Die ukrainische S\u00e4ngerin Tamara Lukasheva lebt seit vielen Jahren in K\u00f6ln und hat sich schnell als eine der besten deutschen Jazzs\u00e4ngerinnen etabliert. In den letzten Jahren hat sie sich in Deutschland und Europa einen Namen gemacht und zahlreiche Preise wie den &#8220;Neuen deutschen Jazzpreis&#8221;, das &#8220;Horst und Gretl Will Stipendium&#8221; oder&hellip; <a class=\"continue\" href=\"https:\/\/unser-quartier.de\/braunsfeld\/tamara-lukasheva\/\" data-wpel-link=\"internal\"> \u00bb weiterlesen: <span> Tamara Lukasheva<\/span><\/a><\/p>\n","protected":false},"author":526,"featured_media":0,"parent":0,"menu_order":0,"comment_status":"closed","ping_status":"closed","template":"","meta":{"generate_page_header":"","footnotes":""},"class_list":["post-14974","page","type-page","status-publish"],"_links":{"self":[{"href":"https:\/\/unser-quartier.de\/braunsfeld\/wp-json\/wp\/v2\/pages\/14974","targetHints":{"allow":["GET"]}}],"collection":[{"href":"https:\/\/unser-quartier.de\/braunsfeld\/wp-json\/wp\/v2\/pages"}],"about":[{"href":"https:\/\/unser-quartier.de\/braunsfeld\/wp-json\/wp\/v2\/types\/page"}],"author":[{"embeddable":true,"href":"https:\/\/unser-quartier.de\/braunsfeld\/wp-json\/wp\/v2\/users\/526"}],"replies":[{"embeddable":true,"href":"https:\/\/unser-quartier.de\/braunsfeld\/wp-json\/wp\/v2\/comments?post=14974"}],"version-history":[{"count":0,"href":"https:\/\/unser-quartier.de\/braunsfeld\/wp-json\/wp\/v2\/pages\/14974\/revisions"}],"wp:attachment":[{"href":"https:\/\/unser-quartier.de\/braunsfeld\/wp-json\/wp\/v2\/media?parent=14974"}],"curies":[{"name":"wp","href":"https:\/\/api.w.org\/{rel}","templated":true}]}}