{"id":15059,"date":"2022-05-06T13:57:22","date_gmt":"2022-05-06T11:57:22","guid":{"rendered":"https:\/\/unser-quartier.de\/braunsfeld\/?page_id=15059"},"modified":"2022-05-10T10:35:11","modified_gmt":"2022-05-10T08:35:11","slug":"theaterworkshop","status":"publish","type":"page","link":"https:\/\/unser-quartier.de\/braunsfeld\/theaterworkshop\/","title":{"rendered":"Theaterworkshop"},"content":{"rendered":"\n<p>\u00a0<\/p>\n<p style=\"margin: 0cm; text-align: left;\"><b><span style=\"font-family: 'Arial',sans-serif; color: black;\"><a href=\"https:\/\/unser-quartier.de\/braunsfeld\/files\/2022\/05\/Bild1.jpg\" data-wpel-link=\"internal\"><img loading=\"lazy\" decoding=\"async\" class=\"alignright  wp-image-15076\" src=\"https:\/\/unser-quartier.de\/braunsfeld\/files\/2022\/05\/Bild1-300x382.jpg\" alt=\"\" width=\"208\" height=\"265\" srcset=\"https:\/\/unser-quartier.de\/braunsfeld\/files\/2022\/05\/Bild1-300x382.jpg 300w, https:\/\/unser-quartier.de\/braunsfeld\/files\/2022\/05\/Bild1-804x1024.jpg 804w, https:\/\/unser-quartier.de\/braunsfeld\/files\/2022\/05\/Bild1-150x191.jpg 150w, https:\/\/unser-quartier.de\/braunsfeld\/files\/2022\/05\/Bild1-768x978.jpg 768w, https:\/\/unser-quartier.de\/braunsfeld\/files\/2022\/05\/Bild1.jpg 942w\" sizes=\"auto, (max-width: 208px) 100vw, 208px\" \/><\/a>Raus aus dem Alltagstrott und rein in die Kreativit\u00e4t<\/span><\/b><\/p>\n<p style=\"margin: 0cm; text-align: left;\"><b><span style=\"font-family: 'Arial',sans-serif; color: black;\">\u00a0<\/span><\/b><\/p>\n<p style=\"margin: 0cm; text-align: left;\"><b><span style=\"font-family: 'Arial',sans-serif; color: black;\">K\u00f6ln-Braunsfeld<\/span><\/b><span style=\"font-family: 'Arial',sans-serif; color: black;\"> Das GenerationenNetzwerk ZeitGeist bietet am 21.05.2022 von 11:00-15:00 einen Theaterworkshop f\u00fcr alle an, die Lust haben in die Welt des Schauspiels hinein zu schnuppern und etwas Neues auszuprobieren. Der Kurs findet im Kulturraum des Vereins statt: Clarenbachplatz 2, 50933 K\u00f6ln.<\/span><\/p>\n<p style=\"margin: 0cm; text-align: left;\"><span style=\"font-family: 'Arial',sans-serif; color: black;\">\u00a0<\/span><\/p>\n<p style=\"margin: 0cm; text-align: left;\"><span style=\"font-family: 'Arial',sans-serif; color: black;\">Theater &#8211; bei diesem Wort denken viele erst einmal an antike Kost\u00fcme, komplizierte Texte und selbstverliebte Schauspieler*innen. Doch modernes Theater ist alles andere als das und findet nicht \u201enur\u201c auf den gro\u00dfen B\u00fchnen der Schauspielh\u00e4user statt. Theater kann leicht und lebendig sein, sich mit den aktuellen Themen dieser Zeit besch\u00e4ftigen und zum Schmunzeln und zum Nachdenken anregen. Doch vor allem ist Theater etwas, an dem jede*r aktiv teilhaben kann und zwar nicht nur als Zuschauer*in vor der B\u00fchne, sondern auch als Akteur*in auf der B\u00fchne. Dies soll in dem Workshop erfahrbar gemacht werden. <\/span><\/p>\n<p style=\"margin: 0cm; text-align: left;\"><span style=\"font-family: 'Arial',sans-serif; color: black;\">Angeleitet von der Theaterp\u00e4dagogin Maria Mock haben die Teilnehmenden die M\u00f6glichkeit, die Tricks der B\u00fchnenk\u00fcnstler*innen kennenzulernen. Zusammen erforscht die Gruppe spielerisch, wie man gemeinsam kleine Szenen improvisiert, Rollen erfindet und am Stimmausdruck wie an der K\u00f6rperpr\u00e4senz abreitet. Der Kurs bietet eine lockere Atmosph\u00e4re, die es jedem erlaubt, frei zu spielen, Schritt f\u00fcr Schritt die Welt des Theaters zu erkunden und sich selbst neu zu entdecken. Neben dem k\u00fcnstlerischen Schaffen steht vor allem eins im Mittelpunkt: Das Miteinander. So m\u00f6chte der Workshop auch ein Raum des gegenseitigen Kennenlernens seins und eine M\u00f6glichkeit des Austauschs unter Veedels-Nachbar*innen bieten. <\/span><\/p>\n<p style=\"margin: 0cm; text-align: left;\"><span style=\"font-family: 'Arial',sans-serif; color: black;\">\u00a0<\/span><\/p>\n<p style=\"margin: 0cm; text-align: left;\"><span style=\"font-family: 'Arial',sans-serif; color: black;\">Der Workshop ist eine erste Schnupperveranstaltung. Bei Interesse besteht die M\u00f6glichkeit, dass weitere Workshops oder ein fortlaufender Kurs organisiert werden.<\/span><\/p>\n<p style=\"margin: 0cm; text-align: left;\"><b><span style=\"font-family: 'Arial',sans-serif; color: black;\">\u00a0<\/span><\/b><\/p>\n<p style=\"margin: 0cm; text-align: left;\"><b><span style=\"font-family: 'Arial',sans-serif; color: black;\">Der Kurs ist offen f\u00fcr alle Interessenten von 18-99 Jahren. Anmeldung bitte unter <\/span><\/b><span style=\"font-size: 12.0pt; font-family: 'Times New Roman',serif;\"><a href=\"mailto:mariamock27@gmail.com\"><b><span style=\"font-size: 11.0pt; font-family: 'Arial',sans-serif; color: #0563c1;\">mariamock27@gmail.com<\/span><\/b><\/a><\/span><b><span style=\"font-family: 'Arial',sans-serif; color: black;\">.\u00a0 Die Workshopgeb\u00fchr betr\u00e4gt 25 Euro pro Teilnehmer*in.<\/span><\/b><\/p>\n<p>\u00a0<\/p>\n<p><iframe loading=\"lazy\" style=\"border: 0;\" src=\"https:\/\/www.google.com\/maps\/embed?pb=!1m18!1m12!1m3!1d2514.230774568609!2d6.891568615688666!3d50.93794505999918!2m3!1f0!2f0!3f0!3m2!1i1024!2i768!4f13.1!3m3!1m2!1s0x47bf2589c78f6179%3A0x39c0278acc397105!2sZeitgeist%20Braunsfeld%20%E2%80%93%20GenerationenNetzwerk%20e.V.!5e0!3m2!1sde!2sde!4v1622290591524!5m2!1sde!2sde\" width=\"600\" height=\"450\" allowfullscreen=\"allowfullscreen\"><\/iframe><\/p>\n","protected":false},"excerpt":{"rendered":"<p>\u00a0 Raus aus dem Alltagstrott und rein in die Kreativit\u00e4t \u00a0 K\u00f6ln-Braunsfeld Das GenerationenNetzwerk ZeitGeist bietet am 21.05.2022 von 11:00-15:00 einen Theaterworkshop f\u00fcr alle an, die Lust haben in die Welt des Schauspiels hinein zu schnuppern und etwas Neues auszuprobieren. Der Kurs findet im Kulturraum des Vereins statt: Clarenbachplatz 2, 50933 K\u00f6ln. \u00a0 Theater &#8211;&hellip; <a class=\"continue\" href=\"https:\/\/unser-quartier.de\/braunsfeld\/theaterworkshop\/\" data-wpel-link=\"internal\"> \u00bb weiterlesen: <span> Theaterworkshop<\/span><\/a><\/p>\n","protected":false},"author":526,"featured_media":0,"parent":0,"menu_order":0,"comment_status":"closed","ping_status":"closed","template":"","meta":{"generate_page_header":"","footnotes":""},"class_list":["post-15059","page","type-page","status-publish"],"_links":{"self":[{"href":"https:\/\/unser-quartier.de\/braunsfeld\/wp-json\/wp\/v2\/pages\/15059","targetHints":{"allow":["GET"]}}],"collection":[{"href":"https:\/\/unser-quartier.de\/braunsfeld\/wp-json\/wp\/v2\/pages"}],"about":[{"href":"https:\/\/unser-quartier.de\/braunsfeld\/wp-json\/wp\/v2\/types\/page"}],"author":[{"embeddable":true,"href":"https:\/\/unser-quartier.de\/braunsfeld\/wp-json\/wp\/v2\/users\/526"}],"replies":[{"embeddable":true,"href":"https:\/\/unser-quartier.de\/braunsfeld\/wp-json\/wp\/v2\/comments?post=15059"}],"version-history":[{"count":0,"href":"https:\/\/unser-quartier.de\/braunsfeld\/wp-json\/wp\/v2\/pages\/15059\/revisions"}],"wp:attachment":[{"href":"https:\/\/unser-quartier.de\/braunsfeld\/wp-json\/wp\/v2\/media?parent=15059"}],"curies":[{"name":"wp","href":"https:\/\/api.w.org\/{rel}","templated":true}]}}