{"id":15157,"date":"2022-05-23T11:30:35","date_gmt":"2022-05-23T09:30:35","guid":{"rendered":"https:\/\/unser-quartier.de\/braunsfeld\/?page_id=15157"},"modified":"2023-12-04T11:47:26","modified_gmt":"2023-12-04T10:47:26","slug":"oekumenisches-fruehstueck","status":"publish","type":"page","link":"https:\/\/unser-quartier.de\/braunsfeld\/oekumenisches-fruehstueck\/","title":{"rendered":"\u00d6kumenisches Fr\u00fchst\u00fcck"},"content":{"rendered":"\n<p>Gemeinsames Fr\u00fchst\u00fcck im Pfarrzentrum Sankt Joseph<\/p>\n<p><strong>Wann<\/strong>: Jeden Montag von 9:30 &#8211; 11:00 Uhr<br \/><strong>Wo<\/strong>: Pfarrzentrum St. Joseph, Wiethasestr. 54, 50933 K\u00f6ln<\/p>\n<p>N\u00e4here Informationen bei Carola M\u00f6lich<br \/>Tel.: 0176 50983433 <\/p>\n<p><iframe loading=\"lazy\" style=\"border: 1px solid black;\" src=\"https:\/\/www.openstreetmap.org\/export\/embed.html?bbox=6.890069246292115%2C50.933219593018634%2C6.905239820480348%2C50.93788485529608&amp;layer=mapnik&amp;marker=50.935552282659486%2C6.8976545333862305\" width=\"425\" height=\"350\" frameborder=\"0\" marginwidth=\"0\" marginheight=\"0\" scrolling=\"no\"><\/iframe><br \/><small><a href=\"https:\/\/www.openstreetmap.org\/?mlat=50.93555&amp;mlon=6.89765#map=17\/50.93555\/6.89765\" data-wpel-link=\"external\" target=\"_self\" rel=\"nofollow external noopener noreferrer\" title=\"Externer Link: Gr\u00f6\u00dfere Karte anzeigen\" class=\"ext-link wpel-icon-right\">Gr\u00f6\u00dfere Karte anzeigen<span class=\"wpel-icon wpel-image wpel-icon-6\"><\/span><\/a><\/small><\/p>\n","protected":false},"excerpt":{"rendered":"<p>Gemeinsames Fr\u00fchst\u00fcck im Pfarrzentrum Sankt Joseph Wann: Jeden Montag von 9:30 &#8211; 11:00 UhrWo: Pfarrzentrum St. Joseph, Wiethasestr. 54, 50933 K\u00f6ln N\u00e4here Informationen bei Carola M\u00f6lichTel.: 0176 50983433 Gr\u00f6\u00dfere Karte anzeigen<\/p>\n","protected":false},"author":526,"featured_media":0,"parent":0,"menu_order":0,"comment_status":"closed","ping_status":"closed","template":"","meta":{"generate_page_header":"","footnotes":""},"class_list":["post-15157","page","type-page","status-publish"],"_links":{"self":[{"href":"https:\/\/unser-quartier.de\/braunsfeld\/wp-json\/wp\/v2\/pages\/15157","targetHints":{"allow":["GET"]}}],"collection":[{"href":"https:\/\/unser-quartier.de\/braunsfeld\/wp-json\/wp\/v2\/pages"}],"about":[{"href":"https:\/\/unser-quartier.de\/braunsfeld\/wp-json\/wp\/v2\/types\/page"}],"author":[{"embeddable":true,"href":"https:\/\/unser-quartier.de\/braunsfeld\/wp-json\/wp\/v2\/users\/526"}],"replies":[{"embeddable":true,"href":"https:\/\/unser-quartier.de\/braunsfeld\/wp-json\/wp\/v2\/comments?post=15157"}],"version-history":[{"count":2,"href":"https:\/\/unser-quartier.de\/braunsfeld\/wp-json\/wp\/v2\/pages\/15157\/revisions"}],"predecessor-version":[{"id":17323,"href":"https:\/\/unser-quartier.de\/braunsfeld\/wp-json\/wp\/v2\/pages\/15157\/revisions\/17323"}],"wp:attachment":[{"href":"https:\/\/unser-quartier.de\/braunsfeld\/wp-json\/wp\/v2\/media?parent=15157"}],"curies":[{"name":"wp","href":"https:\/\/api.w.org\/{rel}","templated":true}]}}