{"id":15430,"date":"2022-06-17T11:07:30","date_gmt":"2022-06-17T09:07:30","guid":{"rendered":"https:\/\/unser-quartier.de\/braunsfeld\/?page_id=15430"},"modified":"2022-06-20T12:30:31","modified_gmt":"2022-06-20T10:30:31","slug":"europa-ja-aber-mit-vorsicht","status":"publish","type":"page","link":"https:\/\/unser-quartier.de\/braunsfeld\/europa-ja-aber-mit-vorsicht\/","title":{"rendered":"Europa ja &#8211; aber mit Vorsicht"},"content":{"rendered":"\n<h3><a href=\"https:\/\/unser-quartier.de\/braunsfeld\/files\/2022\/06\/7-Mythen-ueber-Europa.jpg\" data-wpel-link=\"internal\"><img loading=\"lazy\" decoding=\"async\" class=\"alignleft  wp-image-15408\" src=\"https:\/\/unser-quartier.de\/braunsfeld\/files\/2022\/06\/7-Mythen-ueber-Europa-300x456.jpg\" alt=\"\" width=\"90\" height=\"137\" srcset=\"https:\/\/unser-quartier.de\/braunsfeld\/files\/2022\/06\/7-Mythen-ueber-Europa-300x456.jpg 300w, https:\/\/unser-quartier.de\/braunsfeld\/files\/2022\/06\/7-Mythen-ueber-Europa-673x1024.jpg 673w, https:\/\/unser-quartier.de\/braunsfeld\/files\/2022\/06\/7-Mythen-ueber-Europa-150x228.jpg 150w, https:\/\/unser-quartier.de\/braunsfeld\/files\/2022\/06\/7-Mythen-ueber-Europa-768x1168.jpg 768w, https:\/\/unser-quartier.de\/braunsfeld\/files\/2022\/06\/7-Mythen-ueber-Europa.jpg 789w\" sizes=\"auto, (max-width: 90px) 100vw, 90px\" \/><\/a><\/h3>\n<p>\u00a0<\/p>\n<h3>\u00a0<\/h3>\n<h3>Pl\u00e4doyer f\u00fcr eine EU, die ihre Grenzen kennt<\/h3>\n<p>Russlands Krieg gegen die Ukraine stellt Europa vor eine noch nicht dagewesene Bew\u00e4hrungsprobe.<br \/>Dabei stehen nach Ansicht des renommierten niederl\u00e4ndischen Politologen Ren\u00e9 Cuperus unsinnige Zukunftsvorstellungen im Weg, bei Euromantikern wie bei Euroskeptikern.<br \/>Im Gespr\u00e4ch mit dem Historiker Siebo Janssen stellt Ren\u00e9 Cuperus sein neues Buch vor, in dem er sich mit der gegenw\u00e4rtigen Entwicklung innerhalb der EU auseinandersetzt. Er pl\u00e4diert f\u00fcr den Verzicht auf unrealistische Visionen und fordert: Die europ\u00e4ische Zusammenarbeit muss neu gestaltet werden.<\/p>\n<p><a href=\"https:\/\/unser-quartier.de\/braunsfeld\/files\/2022\/06\/Rene-Cuperius-Slovenie-klein960.jpg\" data-wpel-link=\"internal\"><img loading=\"lazy\" decoding=\"async\" class=\"wp-image-15425 alignright\" src=\"https:\/\/unser-quartier.de\/braunsfeld\/files\/2022\/06\/Rene-Cuperius-Slovenie-klein960-300x433.jpg\" alt=\"\" width=\"85\" height=\"123\" srcset=\"https:\/\/unser-quartier.de\/braunsfeld\/files\/2022\/06\/Rene-Cuperius-Slovenie-klein960-300x433.jpg 300w, https:\/\/unser-quartier.de\/braunsfeld\/files\/2022\/06\/Rene-Cuperius-Slovenie-klein960-710x1024.jpg 710w, https:\/\/unser-quartier.de\/braunsfeld\/files\/2022\/06\/Rene-Cuperius-Slovenie-klein960-150x216.jpg 150w, https:\/\/unser-quartier.de\/braunsfeld\/files\/2022\/06\/Rene-Cuperius-Slovenie-klein960-768x1108.jpg 768w, https:\/\/unser-quartier.de\/braunsfeld\/files\/2022\/06\/Rene-Cuperius-Slovenie-klein960.jpg 832w\" sizes=\"auto, (max-width: 85px) 100vw, 85px\" \/><\/a>Ren\u00e9 Cuperus,\u00a0\u00a0 <br \/>Jahrgang 1960, ist Politikwissenschaftler und Autor.<br \/>Er forscht am Instituut Clingendael in Den Haag.<br \/>Sein j\u00fcngstes Buch wendet sich gegen \u201e7 Mythen \u00fcber Europa\u201c<\/p>\n<p><a href=\"https:\/\/unser-quartier.de\/braunsfeld\/files\/2022\/06\/Siebo-Janssen-klein962.jpg\" data-wpel-link=\"internal\"><img loading=\"lazy\" decoding=\"async\" class=\"wp-image-15426 alignright\" src=\"https:\/\/unser-quartier.de\/braunsfeld\/files\/2022\/06\/Siebo-Janssen-klein962-300x360.jpg\" alt=\"\" width=\"85\" height=\"102\" srcset=\"https:\/\/unser-quartier.de\/braunsfeld\/files\/2022\/06\/Siebo-Janssen-klein962-300x360.jpg 300w, https:\/\/unser-quartier.de\/braunsfeld\/files\/2022\/06\/Siebo-Janssen-klein962-854x1024.jpg 854w, https:\/\/unser-quartier.de\/braunsfeld\/files\/2022\/06\/Siebo-Janssen-klein962-150x180.jpg 150w, https:\/\/unser-quartier.de\/braunsfeld\/files\/2022\/06\/Siebo-Janssen-klein962-768x921.jpg 768w, https:\/\/unser-quartier.de\/braunsfeld\/files\/2022\/06\/Siebo-Janssen-klein962.jpg 1001w\" sizes=\"auto, (max-width: 85px) 100vw, 85px\" \/><\/a>Siebo Janssen,<br \/>Jahrgang 1969, forscht als Zeitgeschichtler in Bonn, mit Schwerpunkt Europa und internationale Beziehungen<\/p>\n<p>Weitere Informationen: <a href=\"https:\/\/unser-quartier.de\/braunsfeld\/files\/2022\/06\/Im-Gespraech.-Europa-ja.pdf\" class=\"mtli_attachment mtli_pdf\" data-wpel-link=\"internal\">Im Gespr\u00e4ch. &#8211; Europa ja<\/a><\/p>\n<p>Donnerstag, 30. Juni 2022, 19:30 Uhr<br \/>im ZeitGeist Braunsfeld e.V. Kulturraum<br \/>Clarenbachplatz 2, 50933 K\u00f6ln<br \/>Eintritt: 12 \u20ac. Um Anmeldung wird gebeten.<br \/>Einlass lt. aktueller Corona-Verordnung.<br \/>Reservierung\/Tickets in der Buchhandlung Klinski, Aachener Str.529, 50933 K\u00f6ln, Tel.: 0221 9416527 \/ <a href=\"mailto:info@buchhandlung-in-braunsfeld.de\">info@buchhandlung-in-braunsfeld.de<\/a><br \/>IM GESPR\u00c4CH. Eine Veranstaltungsreihe von Gabriele Klinski und Knut Pries<\/p>\n<p>In Kooperation mit BLICKWECHSEL \u00a0\u00a0 Willi-Eichler-Akademie e.V.<\/p>\n","protected":false},"excerpt":{"rendered":"<p>\u00a0 \u00a0 Pl\u00e4doyer f\u00fcr eine EU, die ihre Grenzen kennt Russlands Krieg gegen die Ukraine stellt Europa vor eine noch nicht dagewesene Bew\u00e4hrungsprobe.Dabei stehen nach Ansicht des renommierten niederl\u00e4ndischen Politologen Ren\u00e9 Cuperus unsinnige Zukunftsvorstellungen im Weg, bei Euromantikern wie bei Euroskeptikern.Im Gespr\u00e4ch mit dem Historiker Siebo Janssen stellt Ren\u00e9 Cuperus sein neues Buch vor, in&hellip; <a class=\"continue\" href=\"https:\/\/unser-quartier.de\/braunsfeld\/europa-ja-aber-mit-vorsicht\/\" data-wpel-link=\"internal\"> \u00bb weiterlesen: <span> Europa ja &#8211; aber mit Vorsicht<\/span><\/a><\/p>\n","protected":false},"author":526,"featured_media":0,"parent":0,"menu_order":0,"comment_status":"closed","ping_status":"closed","template":"","meta":{"generate_page_header":"","footnotes":""},"class_list":["post-15430","page","type-page","status-publish"],"_links":{"self":[{"href":"https:\/\/unser-quartier.de\/braunsfeld\/wp-json\/wp\/v2\/pages\/15430","targetHints":{"allow":["GET"]}}],"collection":[{"href":"https:\/\/unser-quartier.de\/braunsfeld\/wp-json\/wp\/v2\/pages"}],"about":[{"href":"https:\/\/unser-quartier.de\/braunsfeld\/wp-json\/wp\/v2\/types\/page"}],"author":[{"embeddable":true,"href":"https:\/\/unser-quartier.de\/braunsfeld\/wp-json\/wp\/v2\/users\/526"}],"replies":[{"embeddable":true,"href":"https:\/\/unser-quartier.de\/braunsfeld\/wp-json\/wp\/v2\/comments?post=15430"}],"version-history":[{"count":0,"href":"https:\/\/unser-quartier.de\/braunsfeld\/wp-json\/wp\/v2\/pages\/15430\/revisions"}],"wp:attachment":[{"href":"https:\/\/unser-quartier.de\/braunsfeld\/wp-json\/wp\/v2\/media?parent=15430"}],"curies":[{"name":"wp","href":"https:\/\/api.w.org\/{rel}","templated":true}]}}