{"id":15718,"date":"2022-07-04T11:27:56","date_gmt":"2022-07-04T09:27:56","guid":{"rendered":"https:\/\/unser-quartier.de\/braunsfeld\/?page_id=15718"},"modified":"2022-11-04T14:03:53","modified_gmt":"2022-11-04T13:03:53","slug":"chansons-de-cologne","status":"publish","type":"page","link":"https:\/\/unser-quartier.de\/braunsfeld\/chansons-de-cologne\/","title":{"rendered":"Chansons De Cologne"},"content":{"rendered":"\n<h3><img loading=\"lazy\" decoding=\"async\" class=\" wp-image-15719 alignright\" src=\"https:\/\/unser-quartier.de\/braunsfeld\/files\/2022\/07\/Christine_Saxophon-300x225.jpg\" alt=\"\" width=\"247\" height=\"185\" srcset=\"https:\/\/unser-quartier.de\/braunsfeld\/files\/2022\/07\/Christine_Saxophon-300x225.jpg 300w, https:\/\/unser-quartier.de\/braunsfeld\/files\/2022\/07\/Christine_Saxophon-1024x768.jpg 1024w, https:\/\/unser-quartier.de\/braunsfeld\/files\/2022\/07\/Christine_Saxophon-150x113.jpg 150w, https:\/\/unser-quartier.de\/braunsfeld\/files\/2022\/07\/Christine_Saxophon-768x576.jpg 768w, https:\/\/unser-quartier.de\/braunsfeld\/files\/2022\/07\/Christine_Saxophon.jpg 1200w\" sizes=\"auto, (max-width: 247px) 100vw, 247px\" \/>Christine Corvisier Trio pr\u00e4sentiert:<\/h3>\n<h3>&#8220;Chansons de Cologne&#8221;<\/h3>\n<p>&#8211; Christine Corvisier: Saxophon<br \/>&#8211; Sebastian Scobel: Klavier<br \/>&#8211; David Andres: Bass<\/p>\n<p>\u00a0<\/p>\n<p>Christine Corvisier: Warum &#8220;Chansons de Cologne&#8221;?<br \/>Seit ich 15 Jahre alt bin, habe ich nie aufgeh\u00f6rt, mich f\u00fcr Jazz zu interessieren und mich auf diese Musik zu spezialisieren, die meiner Meinung nach viele Emotionen hervorruft und eine Leidenschaft bleibt.<br \/>Aber als ich ins Ausland zog, merkte ich, dass die Lieder, die ich in meiner Kindheit h\u00f6rte, n\u00e4mlich die Chansons vieler ber\u00fchmter franz\u00f6sischer S\u00e4nger, mich enorm beeinflusst hatten.<br \/>Dieses Repertoire an franz\u00f6sischen Liedern schlummerte in mir und gesellte sich zu den vielen sch\u00f6nen Erinnerungen an meine Kindheit.<br \/>Ich wollte sie einfach hervorholen, sie wieder erleben, sie mit meinem Erwachsenenleben als Jazzmusikerin und Auswandererin in K\u00f6ln vermischen.<br \/>Es war eine intensive und emotionale Erfahrung f\u00fcr mich, die ich gerne mit den wunderbaren Musikern dieser Band geteilt habe, die sie m\u00f6glich gemacht haben.<\/p>\n<p>Die \u00c4sthetik und das Konzept des Christine Corvisier Trios basieren auf einem nat\u00fcrlichen akustischen Sound mit viel Raum f\u00fcr Improvisation und der Hervorhebung der solistischen Qualit\u00e4ten aller Mitglieder der Band.<br \/>In jedem Solo versuchen wir, die Kreativit\u00e4t durch die Interaktion zwischen den Musikern zu erhalten, was uns bei Konzerten oft in unerwartete Richtungen oder Atmosph\u00e4ren f\u00fchrt.<br \/>Wir haben im Vorfeld der Aufnahme Teile des Repertoires bei unseren Konzerten getestet und waren besonders ger\u00fchrt und erfreut, als wir feststellten, dass diese Chansons (die schlie\u00dflich so viele kennen) bei den Zuh\u00f6rer:innen auf eine besonders positive Resonanz stie\u00dfen.<br \/>&#8220;Es ist immer einfacher, die musikalische Welt von jemandem durch ein St\u00fcck zu verstehen, das man bereits kennt, das aber v\u00f6llig neu arrangiert wurde&#8230; irgendwie hat das manchmal eine noch st\u00e4rkere Wirkung als eine Komposition&#8221;, hei\u00dft es.<\/p>\n<p>Christine Corvisier<br \/>Saxophone player &amp; Composer<br \/><a href=\"http:\/\/www.christinecorvisier.com\" data-wpel-link=\"external\" target=\"_self\" rel=\"nofollow external noopener noreferrer\" title=\"Externer Link: www.christinecorvisier.com\" class=\"ext-link wpel-icon-right\">www.christinecorvisier.com<span class=\"wpel-icon wpel-image wpel-icon-6\"><\/span><\/a><br \/><a href=\"https:\/\/www.youtube.com\/watch?v=NY_FbfmBMq4\" data-wpel-link=\"external\" target=\"_self\" rel=\"nofollow external noopener noreferrer\" title=\"Externer Link: https:\/\/www.youtube.com\/watch?v=NY_FbfmBMq4\" class=\"ext-link wpel-icon-right\">https:\/\/www.youtube.com\/watch?v=NY_FbfmBMq4<span class=\"wpel-icon wpel-image wpel-icon-6\"><\/span><\/a><\/p>\n<p><strong>Wann:<\/strong> 30. Oktober 2022, 11:30 Uhr<br \/><strong>Wo:<\/strong> ZeitGeist &#8211; Braunsfeld e.V. Kulturraum, Clarenbachplatz 2, 50933 K\u00f6ln<\/p>\n<p><strong>Eintritt:<\/strong> 12 \u20ac p.P. <br \/><strong>Reservierung\/Tickets:<\/strong> Anmeldung erforderlich unter: <a href=\"mailto:zeitgeist@koeln.de\">zeitgeist@koeln.de<\/a><br \/>Einlass lt. aktueller Corona-Verordnung f\u00fcr Getestete, Geimpfte, Genesene. Es besteht Maskenpflicht.<br \/>Danke f\u00fcr Ihr Verst\u00e4ndnis!<\/p>\n<p>\u00a0<\/p>\n","protected":false},"excerpt":{"rendered":"<p>Christine Corvisier Trio pr\u00e4sentiert: &#8220;Chansons de Cologne&#8221; &#8211; Christine Corvisier: Saxophon&#8211; Sebastian Scobel: Klavier&#8211; David Andres: Bass \u00a0 Christine Corvisier: Warum &#8220;Chansons de Cologne&#8221;?Seit ich 15 Jahre alt bin, habe ich nie aufgeh\u00f6rt, mich f\u00fcr Jazz zu interessieren und mich auf diese Musik zu spezialisieren, die meiner Meinung nach viele Emotionen hervorruft und eine Leidenschaft&hellip; <a class=\"continue\" href=\"https:\/\/unser-quartier.de\/braunsfeld\/chansons-de-cologne\/\" data-wpel-link=\"internal\"> \u00bb weiterlesen: <span> Chansons De Cologne<\/span><\/a><\/p>\n","protected":false},"author":526,"featured_media":0,"parent":0,"menu_order":0,"comment_status":"closed","ping_status":"closed","template":"","meta":{"generate_page_header":"","footnotes":""},"class_list":["post-15718","page","type-page","status-publish"],"_links":{"self":[{"href":"https:\/\/unser-quartier.de\/braunsfeld\/wp-json\/wp\/v2\/pages\/15718","targetHints":{"allow":["GET"]}}],"collection":[{"href":"https:\/\/unser-quartier.de\/braunsfeld\/wp-json\/wp\/v2\/pages"}],"about":[{"href":"https:\/\/unser-quartier.de\/braunsfeld\/wp-json\/wp\/v2\/types\/page"}],"author":[{"embeddable":true,"href":"https:\/\/unser-quartier.de\/braunsfeld\/wp-json\/wp\/v2\/users\/526"}],"replies":[{"embeddable":true,"href":"https:\/\/unser-quartier.de\/braunsfeld\/wp-json\/wp\/v2\/comments?post=15718"}],"version-history":[{"count":0,"href":"https:\/\/unser-quartier.de\/braunsfeld\/wp-json\/wp\/v2\/pages\/15718\/revisions"}],"wp:attachment":[{"href":"https:\/\/unser-quartier.de\/braunsfeld\/wp-json\/wp\/v2\/media?parent=15718"}],"curies":[{"name":"wp","href":"https:\/\/api.w.org\/{rel}","templated":true}]}}