{"id":15886,"date":"2022-10-17T12:56:25","date_gmt":"2022-10-17T10:56:25","guid":{"rendered":"https:\/\/unser-quartier.de\/braunsfeld\/?page_id=15886"},"modified":"2022-11-04T14:23:26","modified_gmt":"2022-11-04T13:23:26","slug":"stadtwaldspaziergaenge","status":"publish","type":"page","link":"https:\/\/unser-quartier.de\/braunsfeld\/stadtwaldspaziergaenge\/","title":{"rendered":"Stadtwaldspazierg\u00e4nge"},"content":{"rendered":"\n<p>Gem\u00fctliche Spazierg\u00e4nge im K\u00f6lner Stadtwald &#8211; jeden Donnerstag Morgen.<\/p>\n<p>Treffpunkt: Christian-Gau-Stra\u00dfe &#8211; Ecke Voigtelstra\u00dfe, 11:00 &#8211; 12:30 Uhr<\/p>\n<p>Bei R\u00fcckfragen melden Sie sich bitte bei Annelie Radermacher.<\/p>\n<p>Tel.: 4911741<\/p>\n<p>mailto: <a href=\"mailto:annelie_radermacher@yahoo.de\">annelie_radermacher@yahoo.de<\/a><\/p>\n<p>\u00a0<\/p>\n<p><iframe loading=\"lazy\" style=\"border: 1px solid black;\" src=\"https:\/\/www.openstreetmap.org\/export\/embed.html?bbox=6.8867647647857675%2C50.93379432451729%2C6.901935338974%2C50.93845952914059&amp;layer=mapnik&amp;marker=50.93612695299803%2C6.894350051879883\" width=\"425\" height=\"350\" frameborder=\"0\" marginwidth=\"0\" marginheight=\"0\" scrolling=\"no\"><\/iframe><br \/><small><a href=\"https:\/\/www.openstreetmap.org\/?mlat=50.93613&amp;mlon=6.89435#map=17\/50.93613\/6.89435\" data-wpel-link=\"external\" target=\"_self\" rel=\"nofollow external noopener noreferrer\" title=\"Externer Link: Gr\u00f6\u00dfere Karte anzeigen\" class=\"ext-link wpel-icon-right\">Gr\u00f6\u00dfere Karte anzeigen<span class=\"wpel-icon wpel-image wpel-icon-6\"><\/span><\/a><\/small><\/p>\n","protected":false},"excerpt":{"rendered":"<p>Gem\u00fctliche Spazierg\u00e4nge im K\u00f6lner Stadtwald &#8211; jeden Donnerstag Morgen. Treffpunkt: Christian-Gau-Stra\u00dfe &#8211; Ecke Voigtelstra\u00dfe, 11:00 &#8211; 12:30 Uhr Bei R\u00fcckfragen melden Sie sich bitte bei Annelie Radermacher. Tel.: 4911741 mailto: annelie_radermacher@yahoo.de \u00a0 Gr\u00f6\u00dfere Karte anzeigen<\/p>\n","protected":false},"author":526,"featured_media":0,"parent":0,"menu_order":0,"comment_status":"closed","ping_status":"closed","template":"","meta":{"generate_page_header":"","footnotes":""},"class_list":["post-15886","page","type-page","status-publish"],"_links":{"self":[{"href":"https:\/\/unser-quartier.de\/braunsfeld\/wp-json\/wp\/v2\/pages\/15886","targetHints":{"allow":["GET"]}}],"collection":[{"href":"https:\/\/unser-quartier.de\/braunsfeld\/wp-json\/wp\/v2\/pages"}],"about":[{"href":"https:\/\/unser-quartier.de\/braunsfeld\/wp-json\/wp\/v2\/types\/page"}],"author":[{"embeddable":true,"href":"https:\/\/unser-quartier.de\/braunsfeld\/wp-json\/wp\/v2\/users\/526"}],"replies":[{"embeddable":true,"href":"https:\/\/unser-quartier.de\/braunsfeld\/wp-json\/wp\/v2\/comments?post=15886"}],"version-history":[{"count":0,"href":"https:\/\/unser-quartier.de\/braunsfeld\/wp-json\/wp\/v2\/pages\/15886\/revisions"}],"wp:attachment":[{"href":"https:\/\/unser-quartier.de\/braunsfeld\/wp-json\/wp\/v2\/media?parent=15886"}],"curies":[{"name":"wp","href":"https:\/\/api.w.org\/{rel}","templated":true}]}}