{"id":15932,"date":"2022-10-31T13:11:35","date_gmt":"2022-10-31T12:11:35","guid":{"rendered":"https:\/\/unser-quartier.de\/braunsfeld\/?page_id=15932"},"modified":"2022-11-04T13:48:27","modified_gmt":"2022-11-04T12:48:27","slug":"lydia-schiller-david-andres-deep-talk","status":"publish","type":"page","link":"https:\/\/unser-quartier.de\/braunsfeld\/lydia-schiller-david-andres-deep-talk\/","title":{"rendered":"Lydia Schiller\/David Andres \u201cDeep Talk\u201d"},"content":{"rendered":"\n<p><a href=\"https:\/\/unser-quartier.de\/braunsfeld\/files\/2022\/10\/Bild1.jpg\" data-wpel-link=\"internal\"><img loading=\"lazy\" decoding=\"async\" class=\"size-medium wp-image-15937 alignright\" src=\"https:\/\/unser-quartier.de\/braunsfeld\/files\/2022\/10\/Bild1-300x180.jpg\" alt=\"\" width=\"300\" height=\"180\" srcset=\"https:\/\/unser-quartier.de\/braunsfeld\/files\/2022\/10\/Bild1-300x180.jpg 300w, https:\/\/unser-quartier.de\/braunsfeld\/files\/2022\/10\/Bild1-1024x614.jpg 1024w, https:\/\/unser-quartier.de\/braunsfeld\/files\/2022\/10\/Bild1-150x90.jpg 150w, https:\/\/unser-quartier.de\/braunsfeld\/files\/2022\/10\/Bild1-768x461.jpg 768w, https:\/\/unser-quartier.de\/braunsfeld\/files\/2022\/10\/Bild1.jpg 1200w\" sizes=\"auto, (max-width: 300px) 100vw, 300px\" \/><\/a><\/p>\n<p>\u00a0<\/p>\n<p>\u00a0<\/p>\n<p><strong>Lydia Schiller<\/strong> \u2013 Stimme<br \/><strong>David Andres<\/strong> \u2013 Kontrabass<\/p>\n<p>\u00a0<\/p>\n<p>Vertraue Deiner Vorstellungskraft.<\/p>\n<p>Die Musik dieser au\u00dfergew\u00f6hnlichen Duo-Besetzung l\u00e4sst einen Sog entstehen, dem man sich als Zuh\u00f6rer nur schwer entziehen kann. Gerade der freie Raum zwischen der Tiefe des Kontrabasses und der hohen Stimme animiert die Zuh\u00f6rer dazu, ein Teil des Geschehens zu werden: Die Vorstellungskraft verbindet das Publikum mit den beiden Musikern, sie wird zur inspirierenden Kommunikationsebene.<\/p>\n<p>Lydia Schiller und David Andres genie\u00dfen es,\u00a0jeder Note, jeder Pause und jeder gestalterischen Nuance durch gelassene Reduktion einerseits Gewicht zu geben, sie andererseits wie im schwerelosen Raum schweben zu lassen. So entspinnt sich ein spannender Dialog voller spontaner, interaktiver Wendungen.<\/p>\n<p>Lydia Schiller hat in W\u00fcrzburg und New York Gesang studiert und lebt seit 2015 in K\u00f6ln. David Andres hat seinen Lebensmittelpunkt bereits seit 2006 in der Domstadt und hat an der K\u00f6lner Musikhochschule Kontrabass und E-Bass studiert. Im kreativen Umfeld der umtriebigen Szene haben sie sich 2016 getroffen und kurze Zeit sp\u00e4ter begonnen, als Duo Musik zu machen.<\/p>\n<p><strong>Wann<\/strong>: 26.02.2023, 11.30 Uhr<br \/><strong>Wo:<\/strong> ZeitGeist Braunsfeld e.V. Kulturzentrum, Clarenbachplatz 2, 50933 K\u00f6ln<\/p>\n<p><strong>Eintritt:<\/strong> 12 \u20ac p.P.<br \/><strong>Reservierung\/Tickets:<\/strong> Anmeldung erforderlich unter: <a href=\"mailto:Zeitgeist@koeln.de\">Zeitgeist@koeln.de<\/a> oder 01781787965<br \/>Einlass lt. aktueller Corona-Verordnung. Danke f\u00fcr Ihr Verst\u00e4ndnis!<\/p>\n\n\n\n<p><iframe loading=\"lazy\" style=\"border: 1px solid black;\" src=\"https:\/\/www.openstreetmap.org\/export\/embed.html?bbox=6.890090703964234%2C50.936813238628346%2C6.89767599105835%2C50.93914574801564&amp;layer=mapnik&amp;marker=50.93797952313329%2C6.8938833475112915\" width=\"425\" height=\"350\" frameborder=\"0\" marginwidth=\"0\" marginheight=\"0\" scrolling=\"no\"><\/iframe><br \/><small><a href=\"https:\/\/www.openstreetmap.org\/?mlat=50.93798&amp;mlon=6.89388#map=18\/50.93798\/6.89388\" data-wpel-link=\"external\" target=\"_self\" rel=\"nofollow external noopener noreferrer\" title=\"Externer Link: Gr\u00f6\u00dfere Karte anzeigen\" class=\"ext-link wpel-icon-right\">Gr\u00f6\u00dfere Karte anzeigen<span class=\"wpel-icon wpel-image wpel-icon-6\"><\/span><\/a><\/small><\/p>\n","protected":false},"excerpt":{"rendered":"<p>\u00a0 \u00a0 Lydia Schiller \u2013 StimmeDavid Andres \u2013 Kontrabass \u00a0 Vertraue Deiner Vorstellungskraft. Die Musik dieser au\u00dfergew\u00f6hnlichen Duo-Besetzung l\u00e4sst einen Sog entstehen, dem man sich als Zuh\u00f6rer nur schwer entziehen kann. Gerade der freie Raum zwischen der Tiefe des Kontrabasses und der hohen Stimme animiert die Zuh\u00f6rer dazu, ein Teil des Geschehens zu werden: Die&hellip; <a class=\"continue\" href=\"https:\/\/unser-quartier.de\/braunsfeld\/lydia-schiller-david-andres-deep-talk\/\" data-wpel-link=\"internal\"> \u00bb weiterlesen: <span> Lydia Schiller\/David Andres \u201cDeep Talk\u201d<\/span><\/a><\/p>\n","protected":false},"author":526,"featured_media":0,"parent":0,"menu_order":0,"comment_status":"closed","ping_status":"closed","template":"","meta":{"generate_page_header":"","footnotes":""},"class_list":["post-15932","page","type-page","status-publish"],"_links":{"self":[{"href":"https:\/\/unser-quartier.de\/braunsfeld\/wp-json\/wp\/v2\/pages\/15932","targetHints":{"allow":["GET"]}}],"collection":[{"href":"https:\/\/unser-quartier.de\/braunsfeld\/wp-json\/wp\/v2\/pages"}],"about":[{"href":"https:\/\/unser-quartier.de\/braunsfeld\/wp-json\/wp\/v2\/types\/page"}],"author":[{"embeddable":true,"href":"https:\/\/unser-quartier.de\/braunsfeld\/wp-json\/wp\/v2\/users\/526"}],"replies":[{"embeddable":true,"href":"https:\/\/unser-quartier.de\/braunsfeld\/wp-json\/wp\/v2\/comments?post=15932"}],"version-history":[{"count":0,"href":"https:\/\/unser-quartier.de\/braunsfeld\/wp-json\/wp\/v2\/pages\/15932\/revisions"}],"wp:attachment":[{"href":"https:\/\/unser-quartier.de\/braunsfeld\/wp-json\/wp\/v2\/media?parent=15932"}],"curies":[{"name":"wp","href":"https:\/\/api.w.org\/{rel}","templated":true}]}}