{"id":16429,"date":"2023-04-25T18:37:55","date_gmt":"2023-04-25T16:37:55","guid":{"rendered":"https:\/\/unser-quartier.de\/braunsfeld\/?page_id=16429"},"modified":"2023-04-26T14:20:17","modified_gmt":"2023-04-26T12:20:17","slug":"unterwegs-mit-dem-deutschland-ticket","status":"publish","type":"page","link":"https:\/\/unser-quartier.de\/braunsfeld\/unterwegs-mit-dem-deutschland-ticket\/","title":{"rendered":"Unterwegs mit dem Deutschland-Ticket"},"content":{"rendered":"\n<h3><b>Einfach mal etwas Neues entdecken mit dem 49-Euro-Ticket?<\/b><\/h3>\n<p><a href=\"https:\/\/unser-quartier.de\/braunsfeld\/files\/2023\/04\/train-g3f851d523_1920.jpg\" data-wpel-link=\"internal\"><img loading=\"lazy\" decoding=\"async\" class=\"size-medium wp-image-16435 alignright\" src=\"https:\/\/unser-quartier.de\/braunsfeld\/files\/2023\/04\/train-g3f851d523_1920-300x200.jpg\" alt=\"\" width=\"300\" height=\"200\" srcset=\"https:\/\/unser-quartier.de\/braunsfeld\/files\/2023\/04\/train-g3f851d523_1920-300x200.jpg 300w, https:\/\/unser-quartier.de\/braunsfeld\/files\/2023\/04\/train-g3f851d523_1920-1024x683.jpg 1024w, https:\/\/unser-quartier.de\/braunsfeld\/files\/2023\/04\/train-g3f851d523_1920-150x100.jpg 150w, https:\/\/unser-quartier.de\/braunsfeld\/files\/2023\/04\/train-g3f851d523_1920-768x512.jpg 768w, https:\/\/unser-quartier.de\/braunsfeld\/files\/2023\/04\/train-g3f851d523_1920-272x182.jpg 272w, https:\/\/unser-quartier.de\/braunsfeld\/files\/2023\/04\/train-g3f851d523_1920.jpg 1200w\" sizes=\"auto, (max-width: 300px) 100vw, 300px\" \/><\/a>Sie haben sich f\u00fcr das 49-Euro-Ticket entschieden und m\u00f6chten damit nicht nur in K\u00f6ln unterwegs sein, sondern sind auch an anderen St\u00e4dten interessiert? Dann haben Sie vielleicht Interesse daran, sich unserer WhatsApp-Gruppe anzuschlie\u00dfen. Hier werden wir &#8211; nach der Einf\u00fchrung zum 1. Mai 2023 &#8211; Vorschl\u00e4ge f\u00fcr Unternehmungen, seien es entweder kulturelle oder St\u00e4dtebesichtigungen, Einkaufstouren oder Restaurantbesuche, unterbreiten zu einem festen Termin (Datum und Uhrzeit). Treffpunkt wird der K\u00f6lner Hauptbahnhof sein.<\/p>\n<p>Bei Interesse melden Sie sich bitte bei Sabine Schulz unter der <br \/>Handynummer 0176 43442975.<\/p>\n<p>\u00a0<\/p>\n","protected":false},"excerpt":{"rendered":"<p>Einfach mal etwas Neues entdecken mit dem 49-Euro-Ticket? Sie haben sich f\u00fcr das 49-Euro-Ticket entschieden und m\u00f6chten damit nicht nur in K\u00f6ln unterwegs sein, sondern sind auch an anderen St\u00e4dten interessiert? Dann haben Sie vielleicht Interesse daran, sich unserer WhatsApp-Gruppe anzuschlie\u00dfen. Hier werden wir &#8211; nach der Einf\u00fchrung zum 1. Mai 2023 &#8211; Vorschl\u00e4ge f\u00fcr&hellip; <a class=\"continue\" href=\"https:\/\/unser-quartier.de\/braunsfeld\/unterwegs-mit-dem-deutschland-ticket\/\" data-wpel-link=\"internal\"> \u00bb weiterlesen: <span> Unterwegs mit dem Deutschland-Ticket<\/span><\/a><\/p>\n","protected":false},"author":526,"featured_media":0,"parent":0,"menu_order":0,"comment_status":"closed","ping_status":"closed","template":"","meta":{"generate_page_header":"","footnotes":""},"class_list":["post-16429","page","type-page","status-publish"],"_links":{"self":[{"href":"https:\/\/unser-quartier.de\/braunsfeld\/wp-json\/wp\/v2\/pages\/16429","targetHints":{"allow":["GET"]}}],"collection":[{"href":"https:\/\/unser-quartier.de\/braunsfeld\/wp-json\/wp\/v2\/pages"}],"about":[{"href":"https:\/\/unser-quartier.de\/braunsfeld\/wp-json\/wp\/v2\/types\/page"}],"author":[{"embeddable":true,"href":"https:\/\/unser-quartier.de\/braunsfeld\/wp-json\/wp\/v2\/users\/526"}],"replies":[{"embeddable":true,"href":"https:\/\/unser-quartier.de\/braunsfeld\/wp-json\/wp\/v2\/comments?post=16429"}],"version-history":[{"count":3,"href":"https:\/\/unser-quartier.de\/braunsfeld\/wp-json\/wp\/v2\/pages\/16429\/revisions"}],"predecessor-version":[{"id":16436,"href":"https:\/\/unser-quartier.de\/braunsfeld\/wp-json\/wp\/v2\/pages\/16429\/revisions\/16436"}],"wp:attachment":[{"href":"https:\/\/unser-quartier.de\/braunsfeld\/wp-json\/wp\/v2\/media?parent=16429"}],"curies":[{"name":"wp","href":"https:\/\/api.w.org\/{rel}","templated":true}]}}