{"id":2236,"date":"2017-05-11T17:17:40","date_gmt":"2017-05-11T15:17:40","guid":{"rendered":"https:\/\/unser-quartier.de\/braunsfeld\/?page_id=2236"},"modified":"2024-06-20T14:10:20","modified_gmt":"2024-06-20T12:10:20","slug":"unterhaltungbegegnung","status":"publish","type":"page","link":"https:\/\/unser-quartier.de\/braunsfeld\/unterhaltungbegegnung\/","title":{"rendered":"Unterhaltung\/Begegnung"},"content":{"rendered":"<p>&nbsp;<\/p>\n<ul>\n<li><a href=\"https:\/\/unser-quartier.de\/braunsfeld\/oekumenisches-fruehstueck\/\" data-wpel-link=\"internal\">\u00d6kumenisches Fr\u00fchst\u00fcck<\/a><\/li>\n<li><a href=\"https:\/\/unser-quartier.de\/braunsfeld\/offenes-treffen\/\" data-wpel-link=\"internal\">Offenes Treffen<\/a><\/li>\n<li><a href=\"https:\/\/unser-quartier.de\/braunsfeld\/singkreis\/\" data-wpel-link=\"internal\">Singkreis<\/a><\/li>\n<li><a href=\"https:\/\/unser-quartier.de\/braunsfeld\/spielenachmittag-bei-kaffee-und-kuchen\/\" data-wpel-link=\"internal\">Spielenachmittag bei Kaffee und Kuchen<\/a><\/li>\n<li><a href=\"https:\/\/unser-quartier.de\/braunsfeld\/stammtisch\/\" data-wpel-link=\"internal\">Stammtisch<\/a><\/li>\n<\/ul>\n","protected":false},"excerpt":{"rendered":"<p>&nbsp; \u00d6kumenisches Fr\u00fchst\u00fcck Offenes Treffen Singkreis Spielenachmittag bei Kaffee und Kuchen Stammtisch<\/p>\n","protected":false},"author":526,"featured_media":0,"parent":0,"menu_order":29,"comment_status":"closed","ping_status":"closed","template":"","meta":{"generate_page_header":"","footnotes":""},"class_list":["post-2236","page","type-page","status-publish"],"_links":{"self":[{"href":"https:\/\/unser-quartier.de\/braunsfeld\/wp-json\/wp\/v2\/pages\/2236","targetHints":{"allow":["GET"]}}],"collection":[{"href":"https:\/\/unser-quartier.de\/braunsfeld\/wp-json\/wp\/v2\/pages"}],"about":[{"href":"https:\/\/unser-quartier.de\/braunsfeld\/wp-json\/wp\/v2\/types\/page"}],"author":[{"embeddable":true,"href":"https:\/\/unser-quartier.de\/braunsfeld\/wp-json\/wp\/v2\/users\/526"}],"replies":[{"embeddable":true,"href":"https:\/\/unser-quartier.de\/braunsfeld\/wp-json\/wp\/v2\/comments?post=2236"}],"version-history":[{"count":3,"href":"https:\/\/unser-quartier.de\/braunsfeld\/wp-json\/wp\/v2\/pages\/2236\/revisions"}],"predecessor-version":[{"id":19883,"href":"https:\/\/unser-quartier.de\/braunsfeld\/wp-json\/wp\/v2\/pages\/2236\/revisions\/19883"}],"wp:attachment":[{"href":"https:\/\/unser-quartier.de\/braunsfeld\/wp-json\/wp\/v2\/media?parent=2236"}],"curies":[{"name":"wp","href":"https:\/\/api.w.org\/{rel}","templated":true}]}}