{"id":2282,"date":"2017-05-15T12:13:05","date_gmt":"2017-05-15T10:13:05","guid":{"rendered":"https:\/\/unser-quartier.de\/braunsfeld\/?page_id=2282"},"modified":"2024-03-21T13:42:36","modified_gmt":"2024-03-21T12:42:36","slug":"tanzen-fuer-singles","status":"publish","type":"page","link":"https:\/\/unser-quartier.de\/braunsfeld\/tanzen-fuer-singles\/","title":{"rendered":"Tanzen f\u00fcr Singles"},"content":{"rendered":"<p><a href=\"https:\/\/unser-quartier.de\/braunsfeld\/files\/2019\/03\/DSC_0139.jpeg\" data-wpel-link=\"internal\"><img loading=\"lazy\" decoding=\"async\" class=\"size-medium wp-image-6820 alignright\" src=\"https:\/\/unser-quartier.de\/braunsfeld\/files\/2019\/03\/DSC_0139-300x199.jpeg\" alt=\"Die TeilnehmerInnen des Tanzkreises\" width=\"300\" height=\"199\" srcset=\"https:\/\/unser-quartier.de\/braunsfeld\/files\/2019\/03\/DSC_0139-300x199.jpeg 300w, https:\/\/unser-quartier.de\/braunsfeld\/files\/2019\/03\/DSC_0139-150x100.jpeg 150w, https:\/\/unser-quartier.de\/braunsfeld\/files\/2019\/03\/DSC_0139-768x510.jpeg 768w, https:\/\/unser-quartier.de\/braunsfeld\/files\/2019\/03\/DSC_0139-1024x680.jpeg 1024w, https:\/\/unser-quartier.de\/braunsfeld\/files\/2019\/03\/DSC_0139-600x400.jpeg 600w, https:\/\/unser-quartier.de\/braunsfeld\/files\/2019\/03\/DSC_0139.jpeg 1200w\" sizes=\"auto, (max-width: 300px) 100vw, 300px\" \/><\/a>Seit Anfang 2016 besteht der Tanzkreis in Braunsfeld.<br \/>\nWir treffen uns Dienstags um 17.15 Uhr und tanzen mit unserer Tanzlehrerin bis 18.15 Uhr.<br \/>\nUns allen macht es noch immer viel Spass und die meisten von uns sind von Anfang an dabei . Wir sind alle der Meinung, da\u00df das Tanzen von den vielen Aktivit\u00e4ten, die jede von uns hat, uns am meisten Freude macht. Wir tun etwas f\u00fcr Kopf und K\u00f6rper und es ist nicht immer leicht beides in Einklang zu bringen.<br \/>\nDas Bierchen, das wir hinterher noch trinken, f\u00f6rdert die Gemeinschaft und das ist f\u00fcr den Zusammenhalt auch sehr sch\u00f6n.<br \/>\nHelga Sch\u00fctte<\/p>\n<p><strong>Wann<\/strong>: Jede Woche Dienstags, 17:15 \u2013 18:15 Uhr<\/p>\n<p><strong>Wo<\/strong>: Pfarrzentrum St. Joseph, Wiethasestr.54<\/p>\n<p><strong>Infos:<\/strong> Helga Sch\u00fctte, Tel: 4060905<\/p>\n<p>mailto: <a href=\"mailto:helgaschuette@googlemail.com\">helgaschuette@googlemail.com<\/a><\/p>\n<p>&nbsp;<\/p>\n<p><iframe loading=\"lazy\" style=\"border: 1px solid black;\" src=\"https:\/\/www.openstreetmap.org\/export\/embed.html?bbox=6.890069246292115%2C50.933219593018634%2C6.905239820480348%2C50.93788485529608&amp;layer=mapnik&amp;marker=50.935552282659486%2C6.8976545333862305\" width=\"425\" height=\"350\" frameborder=\"0\" marginwidth=\"0\" marginheight=\"0\" scrolling=\"no\"><\/iframe><br \/>\n<small><a href=\"https:\/\/www.openstreetmap.org\/?mlat=50.93555&amp;mlon=6.89765#map=17\/50.93555\/6.89765\" data-wpel-link=\"external\" target=\"_self\" rel=\"nofollow external noopener noreferrer\" title=\"Externer Link: Gr\u00f6\u00dfere Karte anzeigen\" class=\"ext-link wpel-icon-right\">Gr\u00f6\u00dfere Karte anzeigen<span class=\"wpel-icon wpel-image wpel-icon-6\"><\/span><\/a><\/small><\/p>\n","protected":false},"excerpt":{"rendered":"<p>Seit Anfang 2016 besteht der Tanzkreis in Braunsfeld. Wir treffen uns Dienstags um 17.15 Uhr und tanzen mit unserer Tanzlehrerin bis 18.15 Uhr. Uns allen macht es noch immer viel Spass und die meisten von uns sind von Anfang an dabei . Wir sind alle der Meinung, da\u00df das Tanzen von den vielen Aktivit\u00e4ten, die&hellip; <a class=\"continue\" href=\"https:\/\/unser-quartier.de\/braunsfeld\/tanzen-fuer-singles\/\" data-wpel-link=\"internal\"> \u00bb weiterlesen: <span> Tanzen f\u00fcr Singles<\/span><\/a><\/p>\n","protected":false},"author":526,"featured_media":0,"parent":0,"menu_order":26,"comment_status":"closed","ping_status":"closed","template":"","meta":{"generate_page_header":"","footnotes":""},"class_list":["post-2282","page","type-page","status-publish"],"_links":{"self":[{"href":"https:\/\/unser-quartier.de\/braunsfeld\/wp-json\/wp\/v2\/pages\/2282","targetHints":{"allow":["GET"]}}],"collection":[{"href":"https:\/\/unser-quartier.de\/braunsfeld\/wp-json\/wp\/v2\/pages"}],"about":[{"href":"https:\/\/unser-quartier.de\/braunsfeld\/wp-json\/wp\/v2\/types\/page"}],"author":[{"embeddable":true,"href":"https:\/\/unser-quartier.de\/braunsfeld\/wp-json\/wp\/v2\/users\/526"}],"replies":[{"embeddable":true,"href":"https:\/\/unser-quartier.de\/braunsfeld\/wp-json\/wp\/v2\/comments?post=2282"}],"version-history":[{"count":1,"href":"https:\/\/unser-quartier.de\/braunsfeld\/wp-json\/wp\/v2\/pages\/2282\/revisions"}],"predecessor-version":[{"id":19007,"href":"https:\/\/unser-quartier.de\/braunsfeld\/wp-json\/wp\/v2\/pages\/2282\/revisions\/19007"}],"wp:attachment":[{"href":"https:\/\/unser-quartier.de\/braunsfeld\/wp-json\/wp\/v2\/media?parent=2282"}],"curies":[{"name":"wp","href":"https:\/\/api.w.org\/{rel}","templated":true}]}}