{"id":2309,"date":"2017-05-15T12:24:08","date_gmt":"2017-05-15T10:24:08","guid":{"rendered":"https:\/\/unser-quartier.de\/braunsfeld\/?page_id=2309"},"modified":"2025-07-01T12:03:30","modified_gmt":"2025-07-01T10:03:30","slug":"mal-atelier","status":"publish","type":"page","link":"https:\/\/unser-quartier.de\/braunsfeld\/mal-atelier\/","title":{"rendered":"Mal-Atelier"},"content":{"rendered":"<h3 style=\"text-align: left;\"><strong>Schritt f\u00fcr Schritt zum eigenen Kunstwerk<\/strong><\/h3>\n<p>&#8211; Malen f\u00fcr Einsteiger<br \/>\n&#8211; f\u00fcr jedes Alter<\/p>\n<p>Die Malerei ist eine Ausdrucksform, die man f\u00fcr sich entwickeln kann, um durch Kompositionen einen eigenen Stil zu finden.<a href=\"https:\/\/unser-quartier.de\/braunsfeld\/files\/2017\/05\/IMG_1432-e1496833898210.jpg\" data-wpel-link=\"internal\"><img loading=\"lazy\" decoding=\"async\" class=\"alignright size-medium wp-image-2370\" src=\"https:\/\/unser-quartier.de\/braunsfeld\/files\/2017\/05\/IMG_1432-300x225.jpg\" alt=\"Im Mal-Atelier\" width=\"300\" height=\"225\" \/><\/a><br \/>\nVermittelt werden in diesem Kursus Techniken, die Kreativit\u00e4t hervorrufen, die dann in Kunst\u00a0umgesetzt werden, um eine eigene Formensprache zu entwickeln.<br \/>\nMan erlernt die Grundlagen der Malerei, den Umgang mit unterschiedlichen Materialien und wie durch Experimentieren mit verschiedenen Techniken, Formen, Farben, Licht und Schatten\u00a0Effekte in den Zeichnungen entstehen, von der Idee bis zum fertigen Bild.<br \/>\nMan lernt Aquarellieren und Skizzieren in der Natur, Fig\u00fcrliches oder Perspektivisches Zeichnen, und wird begleitet und angeleitet w\u00e4hrend des gesamten Malprozesses bis zur Fertigstellung des Bildes.<br \/>\nDas Malen f\u00fcr sich zu entdecken ist eine ganz besondere Erfahrung!<br \/>\nLassen Sie sich \u00fcberraschen, wie auch aus Ihrer Hand schon bald Kunstvolles entstehen kann. Wenn Sie in die Grundlagen der Malerei eingef\u00fchrt werden m\u00f6chten, um sicher mit Pinsel, Stift und Farben umgehen zu k\u00f6nnen, ist dieser Kurs Ihr Weg dorthin!<br \/>\nSchon bald werden Sie erstaunt sein, welch eindrucksvolle Ergebnisse Sie mit Aquarell-, Acryl-, Pastellfarben und Buntstiften erzielen k\u00f6nnen.<\/p>\n<p>Ich freue mich auf Sie!<\/p>\n<figure id=\"attachment_3028\" aria-describedby=\"caption-attachment-3028\" style=\"width: 254px\" class=\"wp-caption alignright\"><a href=\"https:\/\/unser-quartier.de\/braunsfeld\/files\/2017\/05\/DSC05671-e1503485162734.jpeg\" data-wpel-link=\"internal\"><img loading=\"lazy\" decoding=\"async\" id=\"longdesc-return-3028\" class=\"wp-image-3028 \" src=\"https:\/\/unser-quartier.de\/braunsfeld\/files\/2017\/05\/DSC05671-300x225.jpeg\" alt=\"Bild Sommertraum\" width=\"264\" height=\"198\" longdesc=\"https:\/\/unser-quartier.de\/braunsfeld?longdesc=3028&amp;referrer=2309\" \/><\/a><figcaption id=\"caption-attachment-3028\" class=\"wp-caption-text\">&#8220;Sommertraum&#8221; von Rouhi Mohamadi<\/figcaption><\/figure>\n<p>Der Kurs ist kostenlos, lediglich Materialkosten sind zu entrichten.<\/p>\n<p><strong>Wann :<\/strong> Jeden Donnerstag von<br \/>\n12:30 &#8211; 14:30 Uhr<br \/>\n<strong>Wo: <\/strong>SeniorenNetzwerk Braunsfeld, Wiethasestr.54<\/p>\n<p><strong>Kursleitung:<\/strong> Helga Helbig<br \/>\nTel: 0151-50619500<\/p>\n<p>Beispielarbeiten:<br \/>\n<a href=\"https:\/\/unser-quartier.de\/braunsfeld\/ein-spannendes-experiment-eine-kreative-herausforderung\/\" data-wpel-link=\"internal\">Ein spannendes Experiment, eine kreative Herausforderung<\/a><\/p>\n<p><iframe loading=\"lazy\" style=\"border: 1px solid black;\" src=\"https:\/\/www.openstreetmap.org\/export\/embed.html?bbox=6.893609762191773%2C50.93379432451729%2C6.901592016220094%2C50.937343979307535&amp;layer=mapnik&amp;marker=50.935565982772374%2C6.897600889205933\" width=\"425\" height=\"350\"><\/iframe><br \/>\n<small><a href=\"https:\/\/www.openstreetmap.org\/?mlat=50.935566&amp;mlon=6.897601#map=17\/50.935569\/6.897601\" data-wpel-link=\"external\" target=\"_self\" rel=\"nofollow external noopener noreferrer\" title=\"Externer Link: Gr\u00f6\u00dfere Karte anzeigen\" class=\"ext-link wpel-icon-right\">Gr\u00f6\u00dfere Karte anzeigen<span class=\"wpel-icon wpel-image wpel-icon-6\"><\/span><\/a><\/small><\/p>\n","protected":false},"excerpt":{"rendered":"<p>Schritt f\u00fcr Schritt zum eigenen Kunstwerk &#8211; Malen f\u00fcr Einsteiger &#8211; f\u00fcr jedes Alter Die Malerei ist eine Ausdrucksform, die man f\u00fcr sich entwickeln kann, um durch Kompositionen einen eigenen Stil zu finden. Vermittelt werden in diesem Kursus Techniken, die Kreativit\u00e4t hervorrufen, die dann in Kunst\u00a0umgesetzt werden, um eine eigene Formensprache zu entwickeln. Man erlernt&hellip; <a class=\"continue\" href=\"https:\/\/unser-quartier.de\/braunsfeld\/mal-atelier\/\" data-wpel-link=\"internal\"> \u00bb weiterlesen: <span> Mal-Atelier<\/span><\/a><\/p>\n","protected":false},"author":526,"featured_media":0,"parent":0,"menu_order":15,"comment_status":"closed","ping_status":"closed","template":"","meta":{"generate_page_header":"","footnotes":""},"class_list":["post-2309","page","type-page","status-publish"],"_links":{"self":[{"href":"https:\/\/unser-quartier.de\/braunsfeld\/wp-json\/wp\/v2\/pages\/2309","targetHints":{"allow":["GET"]}}],"collection":[{"href":"https:\/\/unser-quartier.de\/braunsfeld\/wp-json\/wp\/v2\/pages"}],"about":[{"href":"https:\/\/unser-quartier.de\/braunsfeld\/wp-json\/wp\/v2\/types\/page"}],"author":[{"embeddable":true,"href":"https:\/\/unser-quartier.de\/braunsfeld\/wp-json\/wp\/v2\/users\/526"}],"replies":[{"embeddable":true,"href":"https:\/\/unser-quartier.de\/braunsfeld\/wp-json\/wp\/v2\/comments?post=2309"}],"version-history":[{"count":3,"href":"https:\/\/unser-quartier.de\/braunsfeld\/wp-json\/wp\/v2\/pages\/2309\/revisions"}],"predecessor-version":[{"id":22888,"href":"https:\/\/unser-quartier.de\/braunsfeld\/wp-json\/wp\/v2\/pages\/2309\/revisions\/22888"}],"wp:attachment":[{"href":"https:\/\/unser-quartier.de\/braunsfeld\/wp-json\/wp\/v2\/media?parent=2309"}],"curies":[{"name":"wp","href":"https:\/\/api.w.org\/{rel}","templated":true}]}}