{"id":2814,"date":"2017-06-20T18:09:45","date_gmt":"2017-06-20T16:09:45","guid":{"rendered":"https:\/\/unser-quartier.de\/braunsfeld\/?page_id=2814"},"modified":"2017-08-23T13:15:31","modified_gmt":"2017-08-23T11:15:31","slug":"quartierzeit-ein-stadtteilportrait-zum-hoeren","status":"publish","type":"page","link":"https:\/\/unser-quartier.de\/braunsfeld\/quartierzeit-ein-stadtteilportrait-zum-hoeren\/","title":{"rendered":"Quartierzeit \u2013 ein Stadtteilportrait zum H\u00f6ren"},"content":{"rendered":"<p>Aus Gespr\u00e4chen, Aussagen, Liebeserkl\u00e4rungen und Kritik der Braunsfelder B\u00fcrgerInnen zu ihrem Stadtteil haben die beiden Journalistinnen Anne Siebertz und Corinna G\u00fcsken ein facettenreiches, spannendes Audioportrait erarbeitet. Es setzt ungew\u00f6hnliche Akzente und macht charakteristische Feinheiten h\u00f6rbar.<br \/>\n Wie klingt der Stadtteil, wie die Erinnerungen, Perspektiven, Erlebnisse und Geschichten der Braunsfelder?<br \/>\n Was bewegt die B\u00fcrgerInnen, was ist ihnen wichtig, was wollen sie umsetzen?<br \/>\n Neun sehr unterschiedliche Themenbereiche quer durch die Jahrzehnte sind entstanden \u2013 so individuell und eigenwillig wie die Bewohner.<\/p>\n<p>Hier drei H\u00f6rbeispiele: <a href=\"https:\/\/soundcloud.com\/user-838505012\/sets\/stadtteil-braunsfeld\" data-wpel-link=\"external\" target=\"_self\" rel=\"nofollow external noopener noreferrer\" title=\"Externer Link: https:\/\/soundcloud.com\/user-838505012\/sets\/stadtteil-braunsfeld\" class=\"ext-link wpel-icon-right\">https:\/\/soundcloud.com\/user-838505012\/sets\/stadtteil-braunsfeld<span class=\"wpel-icon wpel-image wpel-icon-6\"><\/span><\/a><\/p>\n<p>Wer den Stadtteil vielschichtig und neu erleben m\u00f6chte, bekommt die Audio-CD bei uns.<\/p>\n<p>Anne Siebertz\/Corinna G\u00fcsken<\/p>\n<p>Bachstr. 13a<br \/>\n 50259 Pulheim<\/p>\n<div>mailto: <a href=\"mailto:entrez@biografie-als-hoerbuch.de\">entrez@biografie-als-hoerbuch.de<\/a><\/div>\n<p><a href=\"https:\/\/www.biografie-als-hoerbuch.de\/\" data-wpel-link=\"external\" target=\"_self\" rel=\"nofollow external noopener noreferrer\" title=\"Externer Link: http:\/\/www.biografie-als-hoerbuch.de\/\" class=\"ext-link wpel-icon-right\">http:\/\/www.biografie-als-hoerbuch.de\/<span class=\"wpel-icon wpel-image wpel-icon-6\"><\/span><\/a><\/p>\n","protected":false},"excerpt":{"rendered":"<p>Aus Gespr\u00e4chen, Aussagen, Liebeserkl\u00e4rungen und Kritik der Braunsfelder B\u00fcrgerInnen zu ihrem Stadtteil haben die beiden Journalistinnen Anne Siebertz und Corinna G\u00fcsken ein facettenreiches, spannendes Audioportrait erarbeitet. Es setzt ungew\u00f6hnliche Akzente und macht charakteristische Feinheiten h\u00f6rbar. Wie klingt der Stadtteil, wie die Erinnerungen, Perspektiven, Erlebnisse und Geschichten der Braunsfelder? Was bewegt die B\u00fcrgerInnen, was ist ihnen&hellip; <a class=\"continue\" href=\"https:\/\/unser-quartier.de\/braunsfeld\/quartierzeit-ein-stadtteilportrait-zum-hoeren\/\" data-wpel-link=\"internal\"> \u00bb weiterlesen: <span> Quartierzeit \u2013 ein Stadtteilportrait zum H\u00f6ren<\/span><\/a><\/p>\n","protected":false},"author":526,"featured_media":0,"parent":0,"menu_order":4,"comment_status":"closed","ping_status":"closed","template":"","meta":{"generate_page_header":"","footnotes":""},"class_list":["post-2814","page","type-page","status-publish"],"_links":{"self":[{"href":"https:\/\/unser-quartier.de\/braunsfeld\/wp-json\/wp\/v2\/pages\/2814","targetHints":{"allow":["GET"]}}],"collection":[{"href":"https:\/\/unser-quartier.de\/braunsfeld\/wp-json\/wp\/v2\/pages"}],"about":[{"href":"https:\/\/unser-quartier.de\/braunsfeld\/wp-json\/wp\/v2\/types\/page"}],"author":[{"embeddable":true,"href":"https:\/\/unser-quartier.de\/braunsfeld\/wp-json\/wp\/v2\/users\/526"}],"replies":[{"embeddable":true,"href":"https:\/\/unser-quartier.de\/braunsfeld\/wp-json\/wp\/v2\/comments?post=2814"}],"version-history":[{"count":0,"href":"https:\/\/unser-quartier.de\/braunsfeld\/wp-json\/wp\/v2\/pages\/2814\/revisions"}],"wp:attachment":[{"href":"https:\/\/unser-quartier.de\/braunsfeld\/wp-json\/wp\/v2\/media?parent=2814"}],"curies":[{"name":"wp","href":"https:\/\/api.w.org\/{rel}","templated":true}]}}