{"id":2933,"date":"2017-06-28T13:57:39","date_gmt":"2017-06-28T11:57:39","guid":{"rendered":"https:\/\/unser-quartier.de\/braunsfeld\/?page_id=2933"},"modified":"2025-12-17T15:12:30","modified_gmt":"2025-12-17T14:12:30","slug":"buecherstube","status":"publish","type":"page","link":"https:\/\/unser-quartier.de\/braunsfeld\/buecherstube\/","title":{"rendered":"B\u00fccher- und Spielestube"},"content":{"rendered":"<h3><span style=\"color: #ff0000;\"><strong>Wir haben etwas f\u00fcr Sie !<\/strong><\/span><\/h3>\n<h3><strong><span style=\"color: #ff0000;\">B\u00fccher ausleihen, Spiele spielen<\/span><\/strong><\/h3>\n<p><a href=\"https:\/\/unser-quartier.de\/braunsfeld\/files\/2023\/08\/Buecherstapel.jpg\" data-wpel-link=\"internal\"><img loading=\"lazy\" decoding=\"async\" class=\"alignnone size-medium wp-image-16794\" src=\"https:\/\/unser-quartier.de\/braunsfeld\/files\/2023\/08\/Buecherstapel-300x357.jpg\" alt=\"\" width=\"300\" height=\"357\" srcset=\"https:\/\/unser-quartier.de\/braunsfeld\/files\/2023\/08\/Buecherstapel-300x357.jpg 300w, https:\/\/unser-quartier.de\/braunsfeld\/files\/2023\/08\/Buecherstapel-150x179.jpg 150w, https:\/\/unser-quartier.de\/braunsfeld\/files\/2023\/08\/Buecherstapel.jpg 514w\" sizes=\"auto, (max-width: 300px) 100vw, 300px\" \/><\/a><\/p>\n<p>Unsere B\u00fccher- und Spielestube findet jeden 2. und 4. Dienstag im Monat von 15:00 bis 16:30 Uhr in der Wiethasestr.54 statt.<\/p>\n<p>&nbsp;<\/p>\n<p>Ingeborg Steck, Tel: 01575-1334702 <br \/>\nKarin Lingen, Tel: 0152-33529910<\/p>\n<p>&nbsp;<\/p>\n","protected":false},"excerpt":{"rendered":"<p>Wir haben etwas f\u00fcr Sie ! B\u00fccher ausleihen, Spiele spielen Unsere B\u00fccher- und Spielestube findet jeden 2. und 4. Dienstag im Monat von 15:00 bis 16:30 Uhr in der Wiethasestr.54 statt. &nbsp; Ingeborg Steck, Tel: 01575-1334702 Karin Lingen, Tel: 0152-33529910 &nbsp;<\/p>\n","protected":false},"author":526,"featured_media":0,"parent":0,"menu_order":1,"comment_status":"closed","ping_status":"closed","template":"","meta":{"generate_page_header":"","footnotes":""},"class_list":["post-2933","page","type-page","status-publish"],"_links":{"self":[{"href":"https:\/\/unser-quartier.de\/braunsfeld\/wp-json\/wp\/v2\/pages\/2933","targetHints":{"allow":["GET"]}}],"collection":[{"href":"https:\/\/unser-quartier.de\/braunsfeld\/wp-json\/wp\/v2\/pages"}],"about":[{"href":"https:\/\/unser-quartier.de\/braunsfeld\/wp-json\/wp\/v2\/types\/page"}],"author":[{"embeddable":true,"href":"https:\/\/unser-quartier.de\/braunsfeld\/wp-json\/wp\/v2\/users\/526"}],"replies":[{"embeddable":true,"href":"https:\/\/unser-quartier.de\/braunsfeld\/wp-json\/wp\/v2\/comments?post=2933"}],"version-history":[{"count":4,"href":"https:\/\/unser-quartier.de\/braunsfeld\/wp-json\/wp\/v2\/pages\/2933\/revisions"}],"predecessor-version":[{"id":23495,"href":"https:\/\/unser-quartier.de\/braunsfeld\/wp-json\/wp\/v2\/pages\/2933\/revisions\/23495"}],"wp:attachment":[{"href":"https:\/\/unser-quartier.de\/braunsfeld\/wp-json\/wp\/v2\/media?parent=2933"}],"curies":[{"name":"wp","href":"https:\/\/api.w.org\/{rel}","templated":true}]}}