{"id":4247,"date":"2017-11-30T15:32:47","date_gmt":"2017-11-30T14:32:47","guid":{"rendered":"https:\/\/unser-quartier.de\/braunsfeld\/?page_id=4247"},"modified":"2025-07-01T12:02:36","modified_gmt":"2025-07-01T10:02:36","slug":"kalligraphie","status":"publish","type":"page","link":"https:\/\/unser-quartier.de\/braunsfeld\/kalligraphie\/","title":{"rendered":"Kalligraphie"},"content":{"rendered":"<div>\n<div>\n<div>\n<figure id=\"attachment_3246\" aria-describedby=\"caption-attachment-3246\" style=\"width: 290px\" class=\"wp-caption alignright\"><a href=\"https:\/\/unser-quartier.de\/braunsfeld\/files\/2017\/11\/IMG_0742.jpg\" data-wpel-link=\"internal\"><img loading=\"lazy\" decoding=\"async\" id=\"longdesc-return-3246\" class=\"size-medium wp-image-3246\" src=\"https:\/\/unser-quartier.de\/braunsfeld\/files\/2017\/11\/IMG_0742-300x225.jpg\" alt=\"Kurs Kalligraphie\" width=\"300\" height=\"225\" longdesc=\"https:\/\/unser-quartier.de\/braunsfeld?longdesc=3246&amp;referrer=4247\" srcset=\"https:\/\/unser-quartier.de\/braunsfeld\/files\/2017\/11\/IMG_0742-300x225.jpg 300w, https:\/\/unser-quartier.de\/braunsfeld\/files\/2017\/11\/IMG_0742-150x113.jpg 150w, https:\/\/unser-quartier.de\/braunsfeld\/files\/2017\/11\/IMG_0742-768x576.jpg 768w, https:\/\/unser-quartier.de\/braunsfeld\/files\/2017\/11\/IMG_0742-1024x768.jpg 1024w, https:\/\/unser-quartier.de\/braunsfeld\/files\/2017\/11\/IMG_0742.jpg 1200w\" sizes=\"auto, (max-width: 300px) 100vw, 300px\" \/><\/a><figcaption id=\"caption-attachment-3246\" class=\"wp-caption-text\">Kalligraphie<\/figcaption><\/figure>\n<p>Kalligraphie ist eine erlernbar Form der Sch\u00f6nschrift. Durch kunstvolle Schw\u00fcnge und Schn\u00f6rkel kann man einen Text kreativ gestalten. So bekommen Urkunden, Gl\u00fcckwunschkarten, Einladungen oder Sinnspr\u00fcche eine individuelle k\u00fcnstlerische Pr\u00e4gung. Durch zugef\u00fcgte Malerei erzielt man zus\u00e4tzliche Effekte.<br \/>\nIn diesem Kursus soll diese faszinierende Kunst erlernt werden. Die \u00dcbung mit Pinsel und Feder machen mit den Grundlagen und Techniken der verschiedenen Schrift- und Gestaltungsarten vertraut.<br \/>\nJeder kann durch viele faszinierende M\u00f6glichkeiten des Schreibens seine eigene k\u00fcnstlerische Handschrift entwickeln.<\/p>\n<\/div>\n<\/div>\n<\/div>\n<div><\/div>\n<div><strong>Wann:<\/strong> Jeden Mittwoch von 14:00 bis 16:00 Uhr, um Anmeldung wird gebeten.<\/div>\n<div><strong>Wo:<\/strong> SeniorenNetzwerk Braunsfeld, Wiehasestr. 54, 50933 K\u00f6ln<\/div>\n<div><strong>Infos und Kontakt:<\/strong> Helga Helbig, Tel: 0151 \/ 50619500<br \/>\nEmail: <a href=\"mailto:helbighelga@web.de\">helbighelga@web.de<\/a><\/div>\n<div><\/div>\n<p><iframe loading=\"lazy\" style=\"border: 1px solid black;\" src=\"https:\/\/www.openstreetmap.org\/export\/embed.html?bbox=6.893609762191773%2C50.93379432451729%2C6.901592016220094%2C50.937343979307535&amp;layer=mapnik&amp;marker=50.935565982772374%2C6.897600889205933\" width=\"425\" height=\"350\"><\/iframe><br \/>\n<small><a href=\"https:\/\/www.openstreetmap.org\/?mlat=50.935566&amp;mlon=6.897601#map=17\/50.935569\/6.897601\" data-wpel-link=\"external\" target=\"_self\" rel=\"nofollow external noopener noreferrer\" title=\"Externer Link: Gr\u00f6\u00dfere Karte anzeigen\" class=\"ext-link wpel-icon-right\">Gr\u00f6\u00dfere Karte anzeigen<span class=\"wpel-icon wpel-image wpel-icon-6\"><\/span><\/a><\/small><\/p>\n","protected":false},"excerpt":{"rendered":"<p>Kalligraphie ist eine erlernbar Form der Sch\u00f6nschrift. Durch kunstvolle Schw\u00fcnge und Schn\u00f6rkel kann man einen Text kreativ gestalten. So bekommen Urkunden, Gl\u00fcckwunschkarten, Einladungen oder Sinnspr\u00fcche eine individuelle k\u00fcnstlerische Pr\u00e4gung. Durch zugef\u00fcgte Malerei erzielt man zus\u00e4tzliche Effekte. In diesem Kursus soll diese faszinierende Kunst erlernt werden. Die \u00dcbung mit Pinsel und Feder machen mit den Grundlagen&hellip; <a class=\"continue\" href=\"https:\/\/unser-quartier.de\/braunsfeld\/kalligraphie\/\" data-wpel-link=\"internal\"> \u00bb weiterlesen: <span> Kalligraphie<\/span><\/a><\/p>\n","protected":false},"author":526,"featured_media":0,"parent":0,"menu_order":0,"comment_status":"closed","ping_status":"closed","template":"","meta":{"generate_page_header":"","footnotes":""},"class_list":["post-4247","page","type-page","status-publish"],"_links":{"self":[{"href":"https:\/\/unser-quartier.de\/braunsfeld\/wp-json\/wp\/v2\/pages\/4247","targetHints":{"allow":["GET"]}}],"collection":[{"href":"https:\/\/unser-quartier.de\/braunsfeld\/wp-json\/wp\/v2\/pages"}],"about":[{"href":"https:\/\/unser-quartier.de\/braunsfeld\/wp-json\/wp\/v2\/types\/page"}],"author":[{"embeddable":true,"href":"https:\/\/unser-quartier.de\/braunsfeld\/wp-json\/wp\/v2\/users\/526"}],"replies":[{"embeddable":true,"href":"https:\/\/unser-quartier.de\/braunsfeld\/wp-json\/wp\/v2\/comments?post=4247"}],"version-history":[{"count":3,"href":"https:\/\/unser-quartier.de\/braunsfeld\/wp-json\/wp\/v2\/pages\/4247\/revisions"}],"predecessor-version":[{"id":22887,"href":"https:\/\/unser-quartier.de\/braunsfeld\/wp-json\/wp\/v2\/pages\/4247\/revisions\/22887"}],"wp:attachment":[{"href":"https:\/\/unser-quartier.de\/braunsfeld\/wp-json\/wp\/v2\/media?parent=4247"}],"curies":[{"name":"wp","href":"https:\/\/api.w.org\/{rel}","templated":true}]}}