{"id":7412,"date":"2019-11-14T18:50:24","date_gmt":"2019-11-14T17:50:24","guid":{"rendered":"https:\/\/unser-quartier.de\/braunsfeld\/?page_id=7412"},"modified":"2021-05-20T10:26:18","modified_gmt":"2021-05-20T08:26:18","slug":"qi-gong-8-brokatuebungen","status":"publish","type":"page","link":"https:\/\/unser-quartier.de\/braunsfeld\/qi-gong-8-brokatuebungen\/","title":{"rendered":"Qi Gong 8 Brokat\u00fcbungen"},"content":{"rendered":"<p>Qi Gong 8 Brokate ist eine pr\u00e4ventive und gesundheitsf\u00f6rdernde \u00dcbungsmethode. Sie ist seit dem chinesischen Altertum bekannt und geh\u00f6rt zu der am weitesten verbreiteten Qi Gong Form in China und wird h\u00e4ufig therapieunterst\u00fctzend auch vorbeugend und zur Entspannung eingesetzt.<\/p>\n<p>Der hier von der Praxis f\u00fcr Akupunktur und TCM Dr. Yu Xiao angebotene Kurs findet ab 05. M\u00e4rz 2020 in ZeitgeistKulturzentrum in K\u00f6ln-Braunsfeld statt, in denen Sie sowohl die Bewegung als auch die Ruhe\u00fcbung erlernen k\u00f6nnen, um eine ganzheitliche Regulation von K\u00f6rper, Geist und Atem zu erzielen. Der Kurs ist zertifiziert und wird von den gesetzlichen Krankenkassen bezuschusst.<\/p>\n<p><strong>Termin:<\/strong> Donnerstags von 18:00 bis 19:30 Uhr, vom 05.03 bis 28.05.2020 (10 mal 90 Min.)<\/p>\n<p><strong>Ort: <\/strong>SeniorenNetzwerk Braunsfeld, Wiethasestr.52<\/p>\n<p><strong>Kurs-ID:<\/strong> 20190913-1136667<br \/>\n<strong>Kursanbieter:<\/strong> Praxis f\u00fcr Akupunktur und TCM Dr. Yu Xiao<br \/>\n<strong>Kursleitung:\u00a0\u00a0 <\/strong>Dr. Yongxian Li<br \/>\n<strong>Kursgeb\u00fchr:\u00a0\u00a0 <\/strong>175 \u20ac (Der Kurs wird von den gesetzlichen Krankenkassen bezuschusst)<br \/>\n<strong>Anmeldung (Verbindlich): <\/strong>bis 28. Februar 2020 (Max. 12 Teilnehmer)<\/p>\n<p><strong>Praxis f\u00fcr Akupunktur und TCM<br \/>\nDr. Yu Xiao Widdersdorfer Landstr. 4 50859 K\u00f6ln<br \/>\nTel: <\/strong>017626654730<br \/>\n<strong>E-Mail: <a href=\"mailto:info@tcm-praxis-xiao.de\">info@tcm-praxis-xiao.de<\/a><\/strong><\/p>\n<p><strong>Homepage: <\/strong><a href=\"http:\/\/www.tcm-praxis-xiao.de\" data-wpel-link=\"external\" target=\"_self\" rel=\"nofollow external noopener noreferrer\" title=\"Externer Link: www.tcm-praxis-xiao.de\" class=\"ext-link wpel-icon-right\">www.tcm-praxis-xiao.de<span class=\"wpel-icon wpel-image wpel-icon-6\"><\/span><\/a><\/p>\n<p>[googlemaps https:\/\/www.google.com\/maps\/embed?pb=!1m18!1m12!1m3!1d2514.34845548668!2d6.895442042855155!3d50.935768548434716!2m3!1f0!2f0!3f0!3m2!1i1024!2i768!4f13.1!3m3!1m2!1s0x47bf25298a34e1c5%3A0x1fa5881374b4d61f!2sWiethasestra%C3%9Fe%2052%2C%2050933%20K%C3%B6ln!5e0!3m2!1sen!2sde!4v1573753448851!5m2!1sen!2sde&amp;w=600&amp;h=450]<\/p>\n","protected":false},"excerpt":{"rendered":"<p>Qi Gong 8 Brokate ist eine pr\u00e4ventive und gesundheitsf\u00f6rdernde \u00dcbungsmethode. Sie ist seit dem chinesischen Altertum bekannt und geh\u00f6rt zu der am weitesten verbreiteten Qi Gong Form in China und wird h\u00e4ufig therapieunterst\u00fctzend auch vorbeugend und zur Entspannung eingesetzt. Der hier von der Praxis f\u00fcr Akupunktur und TCM Dr. Yu Xiao angebotene Kurs findet ab&hellip; <a class=\"continue\" href=\"https:\/\/unser-quartier.de\/braunsfeld\/qi-gong-8-brokatuebungen\/\" data-wpel-link=\"internal\"> \u00bb weiterlesen: <span> Qi Gong 8 Brokat\u00fcbungen<\/span><\/a><\/p>\n","protected":false},"author":526,"featured_media":0,"parent":0,"menu_order":0,"comment_status":"closed","ping_status":"closed","template":"","meta":{"generate_page_header":"","footnotes":""},"class_list":["post-7412","page","type-page","status-publish"],"_links":{"self":[{"href":"https:\/\/unser-quartier.de\/braunsfeld\/wp-json\/wp\/v2\/pages\/7412","targetHints":{"allow":["GET"]}}],"collection":[{"href":"https:\/\/unser-quartier.de\/braunsfeld\/wp-json\/wp\/v2\/pages"}],"about":[{"href":"https:\/\/unser-quartier.de\/braunsfeld\/wp-json\/wp\/v2\/types\/page"}],"author":[{"embeddable":true,"href":"https:\/\/unser-quartier.de\/braunsfeld\/wp-json\/wp\/v2\/users\/526"}],"replies":[{"embeddable":true,"href":"https:\/\/unser-quartier.de\/braunsfeld\/wp-json\/wp\/v2\/comments?post=7412"}],"version-history":[{"count":0,"href":"https:\/\/unser-quartier.de\/braunsfeld\/wp-json\/wp\/v2\/pages\/7412\/revisions"}],"wp:attachment":[{"href":"https:\/\/unser-quartier.de\/braunsfeld\/wp-json\/wp\/v2\/media?parent=7412"}],"curies":[{"name":"wp","href":"https:\/\/api.w.org\/{rel}","templated":true}]}}