{"id":9982,"date":"2020-03-15T11:55:39","date_gmt":"2020-03-15T10:55:39","guid":{"rendered":"https:\/\/unser-quartier.de\/braunsfeld\/?page_id=9982"},"modified":"2020-03-15T11:55:46","modified_gmt":"2020-03-15T10:55:46","slug":"elfchen-aus-dem-kurs-kreatives-schreiben","status":"publish","type":"page","link":"https:\/\/unser-quartier.de\/braunsfeld\/elfchen-aus-dem-kurs-kreatives-schreiben\/","title":{"rendered":"\u201eElfchen\u201c aus dem Kurs \u201eKreatives Schreiben\u201c"},"content":{"rendered":"\n<p><i>Elfchen sind Kurzgedichte, die aus 11 Worten bestehen. <br>1. Zeile ein Wort, 2. Zeile zwei Worte usw.<br>Das 11. Wort in der letzten Zeile ergibt das Fazit der vorherigen.<\/i><\/p>\n<p>&nbsp;<\/p>\n<p><a href=\"https:\/\/unser-quartier.de\/braunsfeld\/files\/2020\/03\/Bild1.png\" data-wpel-link=\"internal\"><img loading=\"lazy\" decoding=\"async\" class=\"size-medium wp-image-9984 alignright\" src=\"https:\/\/unser-quartier.de\/braunsfeld\/files\/2020\/03\/Bild1-300x201.png\" alt=\"\" width=\"300\" height=\"201\" srcset=\"https:\/\/unser-quartier.de\/braunsfeld\/files\/2020\/03\/Bild1-300x201.png 300w, https:\/\/unser-quartier.de\/braunsfeld\/files\/2020\/03\/Bild1-150x100.png 150w, https:\/\/unser-quartier.de\/braunsfeld\/files\/2020\/03\/Bild1-272x182.png 272w, https:\/\/unser-quartier.de\/braunsfeld\/files\/2020\/03\/Bild1.png 508w\" sizes=\"auto, (max-width: 300px) 100vw, 300px\" \/><\/a>Blumen<br>erbl\u00fchen neu<br>\u00fcberall im Gr\u00fcnen<br>ich erwache zum Leben<br>Sehnsucht<\/p>\n<p><b>Sabine Kulik-Kechlok<\/b><\/p>\n<p><b>&nbsp;<\/b><\/p>\n<p><a href=\"https:\/\/unser-quartier.de\/braunsfeld\/files\/2020\/03\/Bild2.png\" data-wpel-link=\"internal\"><img loading=\"lazy\" decoding=\"async\" class=\"alignright wp-image-9987\" src=\"https:\/\/unser-quartier.de\/braunsfeld\/files\/2020\/03\/Bild2.png\" alt=\"\" width=\"300\" height=\"198\" srcset=\"https:\/\/unser-quartier.de\/braunsfeld\/files\/2020\/03\/Bild2.png 277w, https:\/\/unser-quartier.de\/braunsfeld\/files\/2020\/03\/Bild2-150x99.png 150w\" sizes=\"auto, (max-width: 300px) 100vw, 300px\" \/><\/a>Schneegl\u00f6ckchen<br>jungfr\u00e4ulich zart<br>das erste Gr\u00fcn<br>ein Fremdk\u00f6rper im Vorgarten<br>Erwachen<\/p>\n<p><b>Ulla Michovius<\/b><\/p>\n<p>&nbsp;<\/p>\n<p><a href=\"https:\/\/unser-quartier.de\/braunsfeld\/files\/2020\/03\/Bild3.png\" data-wpel-link=\"internal\"><img loading=\"lazy\" decoding=\"async\" class=\"size-medium wp-image-9985 alignright\" src=\"https:\/\/unser-quartier.de\/braunsfeld\/files\/2020\/03\/Bild3-300x200.png\" alt=\"\" width=\"300\" height=\"200\" srcset=\"https:\/\/unser-quartier.de\/braunsfeld\/files\/2020\/03\/Bild3-300x200.png 300w, https:\/\/unser-quartier.de\/braunsfeld\/files\/2020\/03\/Bild3-150x100.png 150w, https:\/\/unser-quartier.de\/braunsfeld\/files\/2020\/03\/Bild3-272x182.png 272w, https:\/\/unser-quartier.de\/braunsfeld\/files\/2020\/03\/Bild3.png 545w\" sizes=\"auto, (max-width: 300px) 100vw, 300px\" \/><\/a>Sylt<br>Sonne, Wind<br>gute Meeresluft genie\u00dfen<br>durch den Sand laufen<br>Nordsee-Erholung<\/p>\n<p><b>Beate Bernecker<\/b><\/p>\n<p>&nbsp;<\/p>\n<p><a href=\"https:\/\/unser-quartier.de\/braunsfeld\/files\/2020\/03\/Bild4.png\" data-wpel-link=\"internal\"><img loading=\"lazy\" decoding=\"async\" class=\"size-medium wp-image-9986 alignright\" src=\"https:\/\/unser-quartier.de\/braunsfeld\/files\/2020\/03\/Bild4-300x198.png\" alt=\"\" width=\"300\" height=\"198\" srcset=\"https:\/\/unser-quartier.de\/braunsfeld\/files\/2020\/03\/Bild4-300x198.png 300w, https:\/\/unser-quartier.de\/braunsfeld\/files\/2020\/03\/Bild4-150x99.png 150w, https:\/\/unser-quartier.de\/braunsfeld\/files\/2020\/03\/Bild4.png 393w\" sizes=\"auto, (max-width: 300px) 100vw, 300px\" \/><\/a>Sommer<br>wei\u00dfe Wolkenschiffe<br>schweben am Himmel<br>ich schaue ihnen hinterher<br>Sehnsucht<\/p>\n<p><b>Elisabeth Meiners<\/b><\/p>\n<p>&nbsp;<\/p>\n","protected":false},"excerpt":{"rendered":"<p>Elfchen sind Kurzgedichte, die aus 11 Worten bestehen. 1. Zeile ein Wort, 2. Zeile zwei Worte usw.Das 11. Wort in der letzten Zeile ergibt das Fazit der vorherigen. &nbsp; Blumenerbl\u00fchen neu\u00fcberall im Gr\u00fcnenich erwache zum LebenSehnsucht Sabine Kulik-Kechlok &nbsp; Schneegl\u00f6ckchenjungfr\u00e4ulich zartdas erste Gr\u00fcnein Fremdk\u00f6rper im VorgartenErwachen Ulla Michovius &nbsp; SyltSonne, Windgute Meeresluft genie\u00dfendurch den Sand&hellip; <a class=\"continue\" href=\"https:\/\/unser-quartier.de\/braunsfeld\/elfchen-aus-dem-kurs-kreatives-schreiben\/\" data-wpel-link=\"internal\"> \u00bb weiterlesen: <span> \u201eElfchen\u201c aus dem Kurs \u201eKreatives Schreiben\u201c<\/span><\/a><\/p>\n","protected":false},"author":526,"featured_media":0,"parent":0,"menu_order":0,"comment_status":"closed","ping_status":"closed","template":"","meta":{"generate_page_header":"","footnotes":""},"class_list":["post-9982","page","type-page","status-publish"],"_links":{"self":[{"href":"https:\/\/unser-quartier.de\/braunsfeld\/wp-json\/wp\/v2\/pages\/9982","targetHints":{"allow":["GET"]}}],"collection":[{"href":"https:\/\/unser-quartier.de\/braunsfeld\/wp-json\/wp\/v2\/pages"}],"about":[{"href":"https:\/\/unser-quartier.de\/braunsfeld\/wp-json\/wp\/v2\/types\/page"}],"author":[{"embeddable":true,"href":"https:\/\/unser-quartier.de\/braunsfeld\/wp-json\/wp\/v2\/users\/526"}],"replies":[{"embeddable":true,"href":"https:\/\/unser-quartier.de\/braunsfeld\/wp-json\/wp\/v2\/comments?post=9982"}],"version-history":[{"count":0,"href":"https:\/\/unser-quartier.de\/braunsfeld\/wp-json\/wp\/v2\/pages\/9982\/revisions"}],"wp:attachment":[{"href":"https:\/\/unser-quartier.de\/braunsfeld\/wp-json\/wp\/v2\/media?parent=9982"}],"curies":[{"name":"wp","href":"https:\/\/api.w.org\/{rel}","templated":true}]}}