{"id":16,"date":"2014-01-22T08:48:01","date_gmt":"2014-01-22T07:48:01","guid":{"rendered":"http:\/\/unser-quartier.de\/computertreff-greven\/?page_id=16"},"modified":"2015-04-16T12:12:02","modified_gmt":"2015-04-16T10:12:02","slug":"impressum","status":"publish","type":"page","link":"https:\/\/unser-quartier.de\/computertreff-greven\/impressum\/","title":{"rendered":"Impressum"},"content":{"rendered":"<p>Hier wird ein Impressum eingef\u00fcgt.<\/p>\n<p>Benutze zum Beispiel diesen Impressumsgenerator:<\/p>\n<p><a title=\"Impressum Generator f\u00fcr Websites - kostenloses Muster, Vorlage, Beispiel f\u00fcr Homepages\" href=\"http:\/\/www.e-recht24.de\/impressum-generator.html\">http:\/\/www.e-recht24.de\/impressum-generator.html<\/a><\/p>\n<p>Mustertext (muss ggf. angepa\u00dft werden, siehe Generator).<\/p>\n<h1>Impressum<\/h1>\n<h2>Angaben gem\u00e4\u00df \u00a7 5 TMG:<\/h2>\n<p>Max Mustermann<br \/>\nMusterstra\u00dfe 111<br \/>\nGeb\u00e4ude 44<br \/>\n90210 Musterstadt<\/p>\n<h2>Kontakt:<\/h2>\n<table>\n<tbody>\n<tr>\n<td>Telefon:<\/td>\n<td>+49 (0) 123 44 55 66<\/td>\n<\/tr>\n<tr>\n<td>Telefax:<\/td>\n<td>+49 (0) 123 44 55 99<\/td>\n<\/tr>\n<tr>\n<td>E-Mail:<\/td>\n<td>mustermann@musterfirma.de<\/td>\n<\/tr>\n<\/tbody>\n<\/table>\n<h2>Verantwortlich f\u00fcr den Inhalt nach \u00a7 55 Abs. 2 RStV:<\/h2>\n<p>Beate Beispielhaft<br \/>\nMusterstra\u00dfe 110<br \/>\nGeb\u00e4ude 33<br \/>\n90210 Musterstadt<\/p>\n<h2>Quellenangaben f\u00fcr die verwendeten Bilder und Grafiken:<\/h2>\n<p><a href=\"http:\/\/www.bildagentur-sonnenschein.de\">http:\/\/www.bildagentur-sonnenschein.de<\/a><\/p>\n<p>Kuno Knipser<\/p>\n<p><a href=\"http:\/\/www.onlineagentur-pusemuckel.de\">http:\/\/www.onlineagentur-pusemuckel.de<\/a><\/p>\n<p>Benno Blitzer<\/p>\n<p>Peggy Picture<\/p>\n<p>Quelle: <em><a href=\"http:\/\/www.e-recht24.de\">http:\/\/www.e-recht24.de<\/a><\/em><\/p>\n","protected":false},"excerpt":{"rendered":"<p>Hier wird ein Impressum eingef\u00fcgt. Benutze zum Beispiel diesen Impressumsgenerator: http:\/\/www.e-recht24.de\/impressum-generator.html Mustertext (muss ggf. angepa\u00dft werden, siehe Generator). Impressum Angaben gem\u00e4\u00df \u00a7 5 TMG: Max Mustermann Musterstra\u00dfe 111 Geb\u00e4ude 44 90210 Musterstadt Kontakt: Telefon: +49 (0) 123 44 55 66 Telefax: +49 (0) 123 44 55 99 E-Mail: mustermann@musterfirma.de Verantwortlich f\u00fcr den Inhalt nach \u00a7 &#8230; <a title=\"Impressum\" class=\"read-more\" href=\"https:\/\/unser-quartier.de\/computertreff-greven\/impressum\/\" aria-label=\"Mehr Informationen \u00fcber Impressum\">Weiterlesen &#8230;<\/a><\/p>\n","protected":false},"author":312,"featured_media":0,"parent":0,"menu_order":7,"comment_status":"closed","ping_status":"closed","template":"","meta":{"generate_page_header":"","footnotes":""},"class_list":["post-16","page","type-page","status-publish"],"_links":{"self":[{"href":"https:\/\/unser-quartier.de\/computertreff-greven\/wp-json\/wp\/v2\/pages\/16","targetHints":{"allow":["GET"]}}],"collection":[{"href":"https:\/\/unser-quartier.de\/computertreff-greven\/wp-json\/wp\/v2\/pages"}],"about":[{"href":"https:\/\/unser-quartier.de\/computertreff-greven\/wp-json\/wp\/v2\/types\/page"}],"author":[{"embeddable":true,"href":"https:\/\/unser-quartier.de\/computertreff-greven\/wp-json\/wp\/v2\/users\/312"}],"replies":[{"embeddable":true,"href":"https:\/\/unser-quartier.de\/computertreff-greven\/wp-json\/wp\/v2\/comments?post=16"}],"version-history":[{"count":0,"href":"https:\/\/unser-quartier.de\/computertreff-greven\/wp-json\/wp\/v2\/pages\/16\/revisions"}],"wp:attachment":[{"href":"https:\/\/unser-quartier.de\/computertreff-greven\/wp-json\/wp\/v2\/media?parent=16"}],"curies":[{"name":"wp","href":"https:\/\/api.w.org\/{rel}","templated":true}]}}