{"id":18,"date":"2014-01-22T08:48:18","date_gmt":"2014-01-22T07:48:18","guid":{"rendered":"http:\/\/unser-quartier.de\/computertreff-greven\/?page_id=18"},"modified":"2015-04-16T12:12:02","modified_gmt":"2015-04-16T10:12:02","slug":"ueber-uns","status":"publish","type":"page","link":"https:\/\/unser-quartier.de\/computertreff-greven\/ueber-uns\/","title":{"rendered":"\u00dcber Uns"},"content":{"rendered":"<h1>Header Level 1<\/h1>\n<p><strong>Auf dem letzten Hause eines kleinen D\u00f6rfchens<\/strong> befand sich ein <abbr title=\"Behausung eines langbeinigen Vogels\">Storchnest<\/abbr>. Die Storchmutter sa\u00df im Neste bei ihren vier Jungen, welche den Kopf mit dem kleinen <em>schwarzen Schnabel<\/em>, denn er war noch nicht rot geworden, hervorstreckten. Ein St\u00fcckchen davon stand auf der Dachfirste starr und steif der Storchvater <code>syntax<\/code>. Man h\u00e4tte meinen k\u00f6nnen, er w\u00e4re aus Holz gedrechselt, so stille stand er. \u201eGewiss sieht es recht vornehm aus, dass meine Frau eine Schildwache bei dem Neste hat!\u201c dachte er. Und er stand unerm\u00fcdlich auf <a title=\"Title f\u00fcr einem Bein\" href=\"#nirgendwo\">einem Beine<\/a>.<\/p>\n<h2>Header Level 2<\/h2>\n<ol>\n<li>Und was dann? fragten die Storchkinder.<\/li>\n<li>Dann werden wir aber doch gepf\u00e4hlt, wie die Knaben behaupteten, und h\u00f6re nur, jetzt sagen sie es schon wieder!<\/li>\n<\/ol>\n<p>Unten auf der Stra\u00dfe spielte eine Schar Kinder und als sie die St\u00f6rche erblickten, sang einer der dreistesten Knaben und allm\u00e4hlich alle <acronym title=\"zusammen\">zus.<\/acronym> einen Vers aus einem alten Storchliede, so gut sie sich dessen erinnern konnten:<\/p>\n<blockquote cite=\"Hans Andersen\">\n<p>St\u00f6rchlein, St\u00f6rchlein, fliege,<br \/>Damit ich dich nicht kriege, <br \/>Deine Frau, die liegt im Neste dein Bei deinen lieben Kindelein: Das eine wird gepf\u00e4hlt, Das andere wird abgekehlt, Das dritte wird verbrannt, Das vierte dir entwandt!<\/p>\n<p><cite>Hans Andersen<\/cite><\/p>\n<\/blockquote>\n<p>H\u00f6re nur, was die Jungen singen! sagten die kleinen Storchkinder. Sie sagen, wir sollen gebraten und verbrannt werden!<\/p>\n<h3>Header Level 3<\/h3>\n<ul>\n<li>Das eine wird gepf\u00e4hlt<\/li>\n<li>Das andere wird abgekehlt!<\/li>\n<\/ul>\n<pre><code>\r\n#header h1 a { display: block; width: 300px; height: 80px; }\r\n<\/code><\/pre>\n<form action=\"#\" method=\"post\">\n<div><label for=\"name\">Text Input:<\/label> <input id=\"name\" tabindex=\"1\" name=\"name\" type=\"text\" value=\"\" \/><\/div>\n<div>\n<h4>Radio Button Choice<\/h4>\n<p><label for=\"radio-choice-1\">Choice 1<\/label> <input id=\"radio-choice-1\" tabindex=\"2\" name=\"radio-choice-1\" type=\"radio\" value=\"choice-1\" \/> <label for=\"radio-choice-2\">Choice 2<\/label> <input id=\"radio-choice-2\" tabindex=\"3\" name=\"radio-choice-2\" type=\"radio\" value=\"choice-2\" \/><\/p>\n<\/div>\n<div><label for=\"select-choice\">Select Dropdown Choice:<\/label><select id=\"select-choice\" name=\"select-choice\"><option value=\"Choice 1\">Choice 1<\/option><option value=\"Choice 2\">Choice 2<\/option><option value=\"Choice 3\">Choice 3<\/option><\/select><\/div>\n<div><label for=\"textarea\">Textarea:<\/label> <textarea id=\"textarea\" cols=\"40\" name=\"textarea\" rows=\"8\"><\/textarea><\/div>\n<div><label for=\"checkbox\">Checkbox:<\/label> <input id=\"checkbox\" name=\"checkbox\" type=\"checkbox\" \/><\/div>\n<div><input type=\"submit\" value=\"Absenden\" \/><\/div>\n<\/form>\n","protected":false},"excerpt":{"rendered":"<p>Header Level 1 Auf dem letzten Hause eines kleinen D\u00f6rfchens befand sich ein Storchnest. Die Storchmutter sa\u00df im Neste bei ihren vier Jungen, welche den Kopf mit dem kleinen schwarzen Schnabel, denn er war noch nicht rot geworden, hervorstreckten. Ein St\u00fcckchen davon stand auf der Dachfirste starr und steif der Storchvater syntax. Man h\u00e4tte meinen &#8230; <a title=\"\u00dcber Uns\" class=\"read-more\" href=\"https:\/\/unser-quartier.de\/computertreff-greven\/ueber-uns\/\" aria-label=\"Mehr Informationen \u00fcber \u00dcber Uns\">Weiterlesen &#8230;<\/a><\/p>\n","protected":false},"author":312,"featured_media":0,"parent":0,"menu_order":4,"comment_status":"closed","ping_status":"closed","template":"","meta":{"generate_page_header":"","footnotes":""},"class_list":["post-18","page","type-page","status-publish"],"_links":{"self":[{"href":"https:\/\/unser-quartier.de\/computertreff-greven\/wp-json\/wp\/v2\/pages\/18","targetHints":{"allow":["GET"]}}],"collection":[{"href":"https:\/\/unser-quartier.de\/computertreff-greven\/wp-json\/wp\/v2\/pages"}],"about":[{"href":"https:\/\/unser-quartier.de\/computertreff-greven\/wp-json\/wp\/v2\/types\/page"}],"author":[{"embeddable":true,"href":"https:\/\/unser-quartier.de\/computertreff-greven\/wp-json\/wp\/v2\/users\/312"}],"replies":[{"embeddable":true,"href":"https:\/\/unser-quartier.de\/computertreff-greven\/wp-json\/wp\/v2\/comments?post=18"}],"version-history":[{"count":0,"href":"https:\/\/unser-quartier.de\/computertreff-greven\/wp-json\/wp\/v2\/pages\/18\/revisions"}],"wp:attachment":[{"href":"https:\/\/unser-quartier.de\/computertreff-greven\/wp-json\/wp\/v2\/media?parent=18"}],"curies":[{"name":"wp","href":"https:\/\/api.w.org\/{rel}","templated":true}]}}