{"id":1007,"date":"2017-05-28T00:08:53","date_gmt":"2017-05-27T22:08:53","guid":{"rendered":"https:\/\/unser-quartier.de\/dorfwerkstatt-sandebeck\/?page_id=1007"},"modified":"2017-05-28T00:19:40","modified_gmt":"2017-05-27T22:19:40","slug":"vinczling","status":"publish","type":"page","link":"https:\/\/unser-quartier.de\/dorfwerkstatt-sandebeck\/vinczling\/","title":{"rendered":"Vinczling"},"content":{"rendered":"<div id=\"pl-1007\"  class=\"panel-layout\" ><div id=\"pg-1007-0\"  class=\"panel-grid panel-no-style\" ><div id=\"pgc-1007-0-0\"  class=\"panel-grid-cell\" ><div id=\"panel-1007-0-0-0\" class=\"so-panel widget widget_sow-hero panel-first-child panel-last-child\" data-index=\"0\" ><div\n\t\t\t\n\t\t\tclass=\"so-widget-sow-hero so-widget-sow-hero-default-95001f847068-1007\"\n\t\t\t\n\t\t>\t\t\t\t<div class=\"sow-slider-base\" style=\"display: none\" tabindex=\"0\">\n\t\t\t\t\t<ul\n\t\t\t\t\tclass=\"sow-slider-images\"\n\t\t\t\t\tdata-settings=\"{&quot;pagination&quot;:true,&quot;speed&quot;:800,&quot;timeout&quot;:8000,&quot;paused&quot;:false,&quot;pause_on_hover&quot;:false,&quot;swipe&quot;:false,&quot;nav_always_show_desktop&quot;:&quot;&quot;,&quot;nav_always_show_mobile&quot;:&quot;&quot;,&quot;breakpoint&quot;:&quot;780px&quot;,&quot;unmute&quot;:false,&quot;anchor&quot;:null}\"\n\t\t\t\t\t\t\t\t\t\tdata-anchor-id=\"\"\n\t\t\t\t>\t\t<li class=\"sow-slider-image  sow-slider-image-cover\" style=\"visibility: visible;;background-color: #333333;background-image: url(http:\/\/layouts.siteorigin.com\/wp-content\/uploads\/2015\/08\/restaurant-691672_1280.jpg#1280x853)\" >\n\t\t\t\t\t<div class=\"sow-slider-image-container\">\n\t\t\t<div class=\"sow-slider-image-wrapper\">\n\t\t\t\t<h2 style=\"text-align: center\">\u00a0<\/h2><h1 style=\"text-align: center\">Friday Night Special<\/h1><h1 style=\"text-align: center\">At<\/h1><h1 style=\"text-align: center\">The\u00a0Iron &amp; Wine<\/h1><div class=\"sow-hero-buttons\" style=\"text-align: center\"><div\n\t\t\t\n\t\t\tclass=\"so-widget-sow-button so-widget-sow-button-wire-10fd9b372533\"\n\t\t\t\n\t\t><div class=\"ow-button-base ow-button-align-center\">\n\t\t\t<a\n\t\t\t\tclass=\"sowb-button ow-icon-placement-left\" \t>\n\t\t<span>\n\t\t\t\n\t\t\tMake a Reservation\t\t<\/span>\n\t\t\t<\/a>\n\t<\/div>\n<\/div><\/div>\t\t\t<\/div>\n\t\t<\/div>\n\t\t\t\t<\/li>\n\t\t<\/ul>\t\t\t\t<ol class=\"sow-slider-pagination\">\n\t\t\t\t\t\t\t\t\t\t\t<li><a href=\"#\" data-goto=\"0\" aria-label=\"display slide 1\"><\/a><\/li>\n\t\t\t\t\t\t\t\t\t<\/ol>\n\n\t\t\t\t<div class=\"sow-slide-nav sow-slide-nav-next\">\n\t\t\t\t\t<a href=\"#\" data-goto=\"next\" aria-label=\"next slide\" data-action=\"next\">\n\t\t\t\t\t\t<em class=\"sow-sld-icon-thin-right\"><\/em>\n\t\t\t\t\t<\/a>\n\t\t\t\t<\/div>\n\n\t\t\t\t<div class=\"sow-slide-nav sow-slide-nav-prev\">\n\t\t\t\t\t<a href=\"#\" data-goto=\"previous\" aria-label=\"previous slide\" data-action=\"prev\">\n\t\t\t\t\t\t<em class=\"sow-sld-icon-thin-left\"><\/em>\n\t\t\t\t\t<\/a>\n\t\t\t\t<\/div>\n\t\t\t\t<\/div><\/div><\/div><\/div><\/div><div id=\"pg-1007-1\"  class=\"panel-grid panel-no-style\" ><div id=\"pgc-1007-1-0\"  class=\"panel-grid-cell\" ><div id=\"panel-1007-1-0-0\" class=\"so-panel widget widget_sow-headline panel-first-child panel-last-child\" data-index=\"1\" ><div\n\t\t\t\n\t\t\tclass=\"so-widget-sow-headline so-widget-sow-headline-default-ce7a1445c88d-1007\"\n\t\t\t\n\t\t><div class=\"sow-headline-container \">\n\t\t\t\t\t\t\t<h1 class=\"sow-headline\">\n\t\t\t\t\t\tWillkommen im Cafe \"Vinczling\t\t\t\t\t\t<\/h1>\n\t\t\t\t\t\t<\/div>\n<\/div><\/div><\/div><div id=\"pgc-1007-1-1\"  class=\"panel-grid-cell\" ><div id=\"panel-1007-1-1-0\" class=\"so-panel widget widget_sow-editor panel-first-child panel-last-child\" data-index=\"2\" ><div\n\t\t\t\n\t\t\tclass=\"so-widget-sow-editor so-widget-sow-editor-base\"\n\t\t\t\n\t\t>\n<div class=\"siteorigin-widget-tinymce textwidget\">\n\t<p>Das Mit der Er\u00f6ffnung des Vinclings wurde ein weiteres Projekt der Dorfwerkstatt realisiert. Die Gestaltung der R\u00e4ume ist eine Reise durch die letzten Jahrzehnte. In diesen kreativ gestallten R\u00e4umen treffen sich alle Generationen um geselligen Stunden zu verbringen. Ob gemeinsames Fr\u00fchst\u00fcck, Spielenachmittage, Kaffee und Kuchen,oder ein D\u00e4mmerschoppen, man trifft sich im\u00a0<\/p><\/div>\n<\/div><\/div><\/div><\/div><div id=\"pg-1007-2\"  class=\"panel-grid panel-no-style\" ><div id=\"pgc-1007-2-0\"  class=\"panel-grid-cell\" ><div id=\"panel-1007-2-0-0\" class=\"so-panel widget widget_sow-headline panel-first-child\" data-index=\"3\" ><div\n\t\t\t\n\t\t\tclass=\"so-widget-sow-headline so-widget-sow-headline-default-00f426420c20-1007\"\n\t\t\t\n\t\t><div class=\"sow-headline-container \">\n\t\t\t\t\t\t<div class=\"decoration\">\n\t\t\t\t\t\t<div class=\"decoration-inside\"><\/div>\n\t\t\t\t\t<\/div>\n\t\t\t\t\t<\/div>\n<\/div><\/div><div id=\"panel-1007-2-0-1\" class=\"so-panel widget widget_sow-headline panel-last-child\" data-index=\"4\" ><div\n\t\t\t\n\t\t\tclass=\"so-widget-sow-headline so-widget-sow-headline-default-ce7a1445c88d-1007\"\n\t\t\t\n\t\t><div class=\"sow-headline-container \">\n\t\t\t\t\t\t\t<h1 class=\"sow-headline\">\n\t\t\t\t\t\tTHE DAILY SPECIALS\t\t\t\t\t\t<\/h1>\n\t\t\t\t\t\t<\/div>\n<\/div><\/div><\/div><\/div><div id=\"pg-1007-3\"  class=\"panel-grid panel-no-style\" ><div id=\"pgc-1007-3-0\"  class=\"panel-grid-cell\" ><div id=\"panel-1007-3-0-0\" class=\"so-panel widget widget_sow-editor panel-first-child\" data-index=\"5\" ><div\n\t\t\t\n\t\t\tclass=\"so-widget-sow-editor so-widget-sow-editor-base\"\n\t\t\t\n\t\t>\n<div class=\"siteorigin-widget-tinymce textwidget\">\n\t<h3 style=\"text-align: center\">Pancake Sandwich<\/h3><p style=\"text-align: center\">One egg any style, three fluffy buttermilk pancakes, choice of: bacon or sausage<\/p><p style=\"text-align: center\">R65<\/p><\/div>\n<\/div><\/div><div id=\"panel-1007-3-0-1\" class=\"so-panel widget widget_sow-editor\" data-index=\"6\" ><div\n\t\t\t\n\t\t\tclass=\"so-widget-sow-editor so-widget-sow-editor-base\"\n\t\t\t\n\t\t>\n<div class=\"siteorigin-widget-tinymce textwidget\">\n\t<h3 style=\"text-align: center\">The Full House<\/h3><p style=\"text-align: center\">Any eggs, toast, tomato, mushrooms, choice of: bacon or sausage<\/p><p style=\"text-align: center\">R75<\/p><\/div>\n<\/div><\/div><div id=\"panel-1007-3-0-2\" class=\"so-panel widget widget_sow-editor panel-last-child\" data-index=\"7\" ><div\n\t\t\t\n\t\t\tclass=\"so-widget-sow-editor so-widget-sow-editor-base\"\n\t\t\t\n\t\t>\n<div class=\"siteorigin-widget-tinymce textwidget\">\n\t<h3 style=\"text-align: center\">The\u00a0Big LeBowski<\/h3><p style=\"text-align: center\">250gram Beef Patti, Bacon, cheddar and guacamole<\/p><p style=\"text-align: center\">R95<\/p><\/div>\n<\/div><\/div><\/div><\/div><div id=\"pg-1007-4\"  class=\"panel-grid panel-no-style\" ><div id=\"pgc-1007-4-0\"  class=\"panel-grid-cell\" ><div id=\"panel-1007-4-0-0\" class=\"so-panel widget widget_sow-headline panel-first-child\" data-index=\"8\" ><div\n\t\t\t\n\t\t\tclass=\"so-widget-sow-headline so-widget-sow-headline-default-00f426420c20-1007\"\n\t\t\t\n\t\t><div class=\"sow-headline-container \">\n\t\t\t\t\t\t<div class=\"decoration\">\n\t\t\t\t\t\t<div class=\"decoration-inside\"><\/div>\n\t\t\t\t\t<\/div>\n\t\t\t\t\t<\/div>\n<\/div><\/div><div id=\"panel-1007-4-0-1\" class=\"so-panel widget widget_sow-headline\" data-index=\"9\" ><div\n\t\t\t\n\t\t\tclass=\"so-widget-sow-headline so-widget-sow-headline-default-ce7a1445c88d-1007\"\n\t\t\t\n\t\t><div class=\"sow-headline-container \">\n\t\t\t\t\t\t\t<h1 class=\"sow-headline\">\n\t\t\t\t\t\tSO WHAT'S THE REST OF THE DEAL?\t\t\t\t\t\t<\/h1>\n\t\t\t\t\t\t<\/div>\n<\/div><\/div><div id=\"panel-1007-4-0-2\" class=\"so-panel widget widget_sow-features panel-last-child\" data-index=\"10\" ><div\n\t\t\t\n\t\t\tclass=\"so-widget-sow-features so-widget-sow-features-default-449c2a29fe4e-1007\"\n\t\t\t\n\t\t>\n<div class=\"sow-features-list sow-features-responsive\">\n\n\t\t\t\t\t\t\t\t\t<div\n\t\t\t\tclass=\"sow-features-feature sow-icon-container-position-top\"\n\t\t\t\tstyle=\"display: flex; flex-direction: column; width: calc(33.333% - 25px);\"\n\t\t\t>\n\t\t\t\n\t\t\t\t\t\t\t\t<div\n\t\t\t\t\tclass=\"sow-icon-container sow-container-round\"\n\t\t\t\t\tstyle=\"color: #ffffff; \"\n\t\t\t\t\t\t\t\t\t>\n\t\t\t\t\t<div class=\"sow-icon-image\" style=\"background-image: url(https:\/\/unser-quartier.de\/dorfwerkstatt-sandebeck\/files\/2015\/05\/k-IMG_2291-175x131.jpg); font-size: 90px\"><\/div>\t\t\t\t<\/div>\n\t\t\t\t\n\t\t\t\t<div class=\"textwidget\">\n\t\t\t\t\t\n\t\t\t\t\t\t\t\t\t\t\t<h5>\n\t\t\t\t\t\t\t\n\t\t\t\t\t\t\tBurgers\t\t\t\t\t\t\t\t\t\t\t\t\t<\/h5>\n\t\t\t\t\t\n\t\t\t\t\t\t\t\t\t\t\tVivamus sit amet odio sed quam volutpat ullamcorper vitae at mauris. Aenean ullamcorper vestibulum sagittis. Nulla vel ornare mauris, id congue nisi.\t\t\t\t\t\n\t\t\t\t\t\t\t\t\t<\/div>\n\t\t\t\t\t\t\t\t\n\t\t\t\t\t\t\t<\/div>\n\n\t\t\t\t\t\t\t\t<div\n\t\t\t\tclass=\"sow-features-feature sow-icon-container-position-top\"\n\t\t\t\tstyle=\"display: flex; flex-direction: column; width: calc(33.333% - 25px);\"\n\t\t\t>\n\t\t\t\n\t\t\t\t\t\t\t\t<div\n\t\t\t\t\tclass=\"sow-icon-container sow-container-round\"\n\t\t\t\t\tstyle=\"color: #ffffff; \"\n\t\t\t\t\t\t\t\t\t>\n\t\t\t\t\t<div class=\"sow-icon-image\" style=\"background-image: url(https:\/\/unser-quartier.de\/dorfwerkstatt-sandebeck\/files\/2015\/05\/k-IMG_2289-175x131.jpg); font-size: 90px\"><\/div>\t\t\t\t<\/div>\n\t\t\t\t\n\t\t\t\t<div class=\"textwidget\">\n\t\t\t\t\t\n\t\t\t\t\t\t\t\t\t\t\t<h5>\n\t\t\t\t\t\t\t\n\t\t\t\t\t\t\tBeer\t\t\t\t\t\t\t\t\t\t\t\t\t<\/h5>\n\t\t\t\t\t\n\t\t\t\t\t\t\t\t\t\t\tVivamus sit amet odio sed quam volutpat ullamcorper vitae at mauris. Aenean ullamcorper vestibulum sagittis. Nulla vel ornare mauris, id congue nisi.\t\t\t\t\t\n\t\t\t\t\t\t\t\t\t<\/div>\n\t\t\t\t\t\t\t\t\n\t\t\t\t\t\t\t<\/div>\n\n\t\t\t\t\t\t\t\t<div\n\t\t\t\tclass=\"sow-features-feature sow-icon-container-position-top\"\n\t\t\t\tstyle=\"display: flex; flex-direction: column; width: calc(33.333% - 25px);\"\n\t\t\t>\n\t\t\t\n\t\t\t\t\t\t\t\t<div\n\t\t\t\t\tclass=\"sow-icon-container sow-container-round\"\n\t\t\t\t\tstyle=\"color: #ffffff; \"\n\t\t\t\t\t\t\t\t\t>\n\t\t\t\t\t<div class=\"sow-icon-image\" style=\"background-image: url(https:\/\/unser-quartier.de\/dorfwerkstatt-sandebeck\/files\/2015\/05\/k-IMG_2292-175x131.jpg); font-size: 90px\"><\/div>\t\t\t\t<\/div>\n\t\t\t\t\n\t\t\t\t<div class=\"textwidget\">\n\t\t\t\t\t\n\t\t\t\t\t\t\t\t\t\t\t<h5>\n\t\t\t\t\t\t\t\n\t\t\t\t\t\t\tBands\t\t\t\t\t\t\t\t\t\t\t\t\t<\/h5>\n\t\t\t\t\t\n\t\t\t\t\t\t\t\t\t\t\tVivamus sit amet odio sed quam volutpat ullamcorper vitae at mauris. Aenean ullamcorper vestibulum sagittis. Nulla vel ornare mauris, id congue nisi.\t\t\t\t\t\n\t\t\t\t\t\t\t\t\t<\/div>\n\t\t\t\t\t\t\t\t\n\t\t\t\t\t\t\t<\/div>\n\n\t\t\t\n<\/div>\n<\/div><\/div><\/div><\/div><div id=\"pg-1007-5\"  class=\"panel-grid panel-no-style\" ><div id=\"pgc-1007-5-0\"  class=\"panel-grid-cell\" ><div id=\"panel-1007-5-0-0\" class=\"so-panel widget widget_sow-headline panel-first-child\" data-index=\"11\" ><div\n\t\t\t\n\t\t\tclass=\"so-widget-sow-headline so-widget-sow-headline-default-00f426420c20-1007\"\n\t\t\t\n\t\t><div class=\"sow-headline-container \">\n\t\t\t\t\t\t<div class=\"decoration\">\n\t\t\t\t\t\t<div class=\"decoration-inside\"><\/div>\n\t\t\t\t\t<\/div>\n\t\t\t\t\t<\/div>\n<\/div><\/div><div id=\"panel-1007-5-0-1\" class=\"so-panel widget widget_sow-headline\" data-index=\"12\" ><div\n\t\t\t\n\t\t\tclass=\"so-widget-sow-headline so-widget-sow-headline-default-ce7a1445c88d-1007\"\n\t\t\t\n\t\t><div class=\"sow-headline-container \">\n\t\t\t\t\t\t\t<h1 class=\"sow-headline\">\n\t\t\t\t\t\tFROM OUR GALLERY\t\t\t\t\t\t<\/h1>\n\t\t\t\t\t\t<\/div>\n<\/div><\/div><div id=\"panel-1007-5-0-2\" class=\"so-panel widget widget_sow-editor\" data-index=\"13\" ><div\n\t\t\t\n\t\t\tclass=\"so-widget-sow-editor so-widget-sow-editor-base\"\n\t\t\t\n\t\t>\n<div class=\"siteorigin-widget-tinymce textwidget\">\n\t<div id='gallery-1' class='gallery galleryid-1007 gallery-columns-4 gallery-size-medium'><figure class='gallery-item'>\n\t\t\t<div class='gallery-icon landscape'>\n\t\t\t\t<a href='https:\/\/unser-quartier.de\/dorfwerkstatt-sandebeck\/k-img_2296\/'><img loading=\"lazy\" decoding=\"async\" width=\"300\" height=\"225\" src=\"https:\/\/unser-quartier.de\/dorfwerkstatt-sandebeck\/files\/2015\/05\/k-IMG_2296-300x225.jpg\" class=\"attachment-medium size-medium\" alt=\"\" srcset=\"https:\/\/unser-quartier.de\/dorfwerkstatt-sandebeck\/files\/2015\/05\/k-IMG_2296-300x225.jpg 300w, https:\/\/unser-quartier.de\/dorfwerkstatt-sandebeck\/files\/2015\/05\/k-IMG_2296-175x131.jpg 175w, https:\/\/unser-quartier.de\/dorfwerkstatt-sandebeck\/files\/2015\/05\/k-IMG_2296-80x60.jpg 80w, https:\/\/unser-quartier.de\/dorfwerkstatt-sandebeck\/files\/2015\/05\/k-IMG_2296.jpg 640w\" sizes=\"auto, (max-width: 300px) 100vw, 300px\" \/><\/a>\n\t\t\t<\/div><\/figure><figure class='gallery-item'>\n\t\t\t<div class='gallery-icon landscape'>\n\t\t\t\t<a href='https:\/\/unser-quartier.de\/dorfwerkstatt-sandebeck\/k-img_2298\/'><img loading=\"lazy\" decoding=\"async\" width=\"300\" height=\"225\" src=\"https:\/\/unser-quartier.de\/dorfwerkstatt-sandebeck\/files\/2015\/05\/k-IMG_2298-300x225.jpg\" class=\"attachment-medium size-medium\" alt=\"\" srcset=\"https:\/\/unser-quartier.de\/dorfwerkstatt-sandebeck\/files\/2015\/05\/k-IMG_2298-300x225.jpg 300w, https:\/\/unser-quartier.de\/dorfwerkstatt-sandebeck\/files\/2015\/05\/k-IMG_2298-175x131.jpg 175w, https:\/\/unser-quartier.de\/dorfwerkstatt-sandebeck\/files\/2015\/05\/k-IMG_2298-80x60.jpg 80w, https:\/\/unser-quartier.de\/dorfwerkstatt-sandebeck\/files\/2015\/05\/k-IMG_2298.jpg 640w\" sizes=\"auto, (max-width: 300px) 100vw, 300px\" \/><\/a>\n\t\t\t<\/div><\/figure><figure class='gallery-item'>\n\t\t\t<div class='gallery-icon landscape'>\n\t\t\t\t<a href='https:\/\/unser-quartier.de\/dorfwerkstatt-sandebeck\/k-img_2297\/'><img loading=\"lazy\" decoding=\"async\" width=\"300\" height=\"225\" src=\"https:\/\/unser-quartier.de\/dorfwerkstatt-sandebeck\/files\/2015\/05\/k-IMG_2297-300x225.jpg\" class=\"attachment-medium size-medium\" alt=\"\" srcset=\"https:\/\/unser-quartier.de\/dorfwerkstatt-sandebeck\/files\/2015\/05\/k-IMG_2297-300x225.jpg 300w, https:\/\/unser-quartier.de\/dorfwerkstatt-sandebeck\/files\/2015\/05\/k-IMG_2297-175x131.jpg 175w, https:\/\/unser-quartier.de\/dorfwerkstatt-sandebeck\/files\/2015\/05\/k-IMG_2297-80x60.jpg 80w, https:\/\/unser-quartier.de\/dorfwerkstatt-sandebeck\/files\/2015\/05\/k-IMG_2297.jpg 640w\" sizes=\"auto, (max-width: 300px) 100vw, 300px\" \/><\/a>\n\t\t\t<\/div><\/figure><figure class='gallery-item'>\n\t\t\t<div class='gallery-icon landscape'>\n\t\t\t\t<a href='https:\/\/unser-quartier.de\/dorfwerkstatt-sandebeck\/k-img_2299\/'><img loading=\"lazy\" decoding=\"async\" width=\"300\" height=\"225\" src=\"https:\/\/unser-quartier.de\/dorfwerkstatt-sandebeck\/files\/2015\/05\/k-IMG_2299-300x225.jpg\" class=\"attachment-medium size-medium\" alt=\"\" srcset=\"https:\/\/unser-quartier.de\/dorfwerkstatt-sandebeck\/files\/2015\/05\/k-IMG_2299-300x225.jpg 300w, https:\/\/unser-quartier.de\/dorfwerkstatt-sandebeck\/files\/2015\/05\/k-IMG_2299-175x131.jpg 175w, https:\/\/unser-quartier.de\/dorfwerkstatt-sandebeck\/files\/2015\/05\/k-IMG_2299-80x60.jpg 80w, https:\/\/unser-quartier.de\/dorfwerkstatt-sandebeck\/files\/2015\/05\/k-IMG_2299.jpg 640w\" sizes=\"auto, (max-width: 300px) 100vw, 300px\" \/><\/a>\n\t\t\t<\/div><\/figure>\n\t\t<\/div>\n<\/div>\n<\/div><\/div><div id=\"panel-1007-5-0-3\" class=\"so-panel widget widget_sow-headline panel-last-child\" data-index=\"14\" ><div\n\t\t\t\n\t\t\tclass=\"so-widget-sow-headline so-widget-sow-headline-default-00f426420c20-1007\"\n\t\t\t\n\t\t><div class=\"sow-headline-container \">\n\t\t\t\t\t\t<div class=\"decoration\">\n\t\t\t\t\t\t<div class=\"decoration-inside\"><\/div>\n\t\t\t\t\t<\/div>\n\t\t\t\t\t<\/div>\n<\/div><\/div><\/div><\/div><div id=\"pg-1007-6\"  class=\"panel-grid panel-no-style\" ><div id=\"pgc-1007-6-0\"  class=\"panel-grid-cell\" ><div id=\"panel-1007-6-0-0\" class=\"so-panel widget widget_sow-headline panel-first-child\" data-index=\"15\" ><div\n\t\t\t\n\t\t\tclass=\"so-widget-sow-headline so-widget-sow-headline-default-ce7a1445c88d-1007\"\n\t\t\t\n\t\t><div class=\"sow-headline-container \">\n\t\t\t\t\t\t\t<h1 class=\"sow-headline\">\n\t\t\t\t\t\tCOME DINE WITH US,     MAKE A RESERVATION\t\t\t\t\t\t<\/h1>\n\t\t\t\t\t\t<\/div>\n<\/div><\/div><div id=\"panel-1007-6-0-1\" class=\"so-panel widget widget_sow-button panel-last-child\" data-index=\"16\" ><div\n\t\t\t\n\t\t\tclass=\"so-widget-sow-button so-widget-sow-button-wire-77ee360a4998-1007\"\n\t\t\t\n\t\t><div class=\"ow-button-base ow-button-align-center\">\n\t\t\t<a\n\t\t\t\t\thref=\"http:\/\/siteorigin.com\"\n\t\t\t\t\tclass=\"sowb-button ow-icon-placement-left\" \t>\n\t\t<span>\n\t\t\t\n\t\t\tCONTACT US\t\t<\/span>\n\t\t\t<\/a>\n\t<\/div>\n<\/div><\/div><\/div><div id=\"pgc-1007-6-1\"  class=\"panel-grid-cell\" ><div id=\"panel-1007-6-1-0\" class=\"so-panel widget widget_sow-editor panel-first-child panel-last-child\" data-index=\"17\" ><div\n\t\t\t\n\t\t\tclass=\"so-widget-sow-editor so-widget-sow-editor-base\"\n\t\t\t\n\t\t>\n<div class=\"siteorigin-widget-tinymce textwidget\">\n\t<p>Lorem ipsum dolor sit amet, consectetur adipiscing elit. Phasellus non tortor eros. Nam ultricies, massa vel faucibus ultrices, nibh arcu mollis tortor, condimentum dapibus libero urna id elit. Integer vehicula augue eget gravida suscipit. Duis vel lectus at ex sagittis dignissim non eu elit. Nam a nibh id augue tincidunt laoreet. Cras augue ex, varius aliquam rhoncus in, feugiat vitae urna. Suspendisse potenti. Maecenas consequat nulla eget elit tincidunt vehicula.\u00a0<\/p><p>Vivamus sit amet odio sed quam volutpat ullamcorper vitae at mauris. Aenean ullamcorper vestibulum sagittis. Nulla vel ornare mauris, id congue nisi. Duis ac convallis nulla. Suspendisse rhoncus, mauris eu vulputate congue, lectus felis iaculis eros, eget vehicula ipsum felis accumsan justo. Lorem ipsum dolor sit amet, consectetur adipiscing elit. Nunc urna nisl, condimentum sit amet lorem quis, facilisis molestie velit.<\/p><p>\u00a0<\/p><\/div>\n<\/div><\/div><\/div><\/div><\/div>","protected":false},"excerpt":{"rendered":"<p>Das Mit der Er\u00f6ffnung des Vinclings wurde ein weiteres Projekt der Dorfwerkstatt realisiert. Die Gestaltung der R\u00e4ume ist eine Reise durch die letzten Jahrzehnte. In diesen kreativ gestallten R\u00e4umen treffen sich alle Generationen um geselligen Stunden zu verbringen. Ob gemeinsames Fr\u00fchst\u00fcck, Spielenachmittage, Kaffee und Kuchen,oder ein D\u00e4mmerschoppen, man trifft sich im\u00a0<\/p>\n","protected":false},"author":291,"featured_media":0,"parent":0,"menu_order":0,"comment_status":"closed","ping_status":"closed","template":"","meta":{"_bbp_topic_count":0,"_bbp_reply_count":0,"_bbp_total_topic_count":0,"_bbp_total_reply_count":0,"_bbp_voice_count":0,"_bbp_anonymous_reply_count":0,"_bbp_topic_count_hidden":0,"_bbp_reply_count_hidden":0,"_bbp_forum_subforum_count":0,"_monsterinsights_skip_tracking":false,"_monsterinsights_sitenote_active":false,"_monsterinsights_sitenote_note":"","_monsterinsights_sitenote_category":0,"generate_page_header":"","footnotes":""},"class_list":["post-1007","page","type-page","status-publish"],"_links":{"self":[{"href":"https:\/\/unser-quartier.de\/dorfwerkstatt-sandebeck\/wp-json\/wp\/v2\/pages\/1007","targetHints":{"allow":["GET"]}}],"collection":[{"href":"https:\/\/unser-quartier.de\/dorfwerkstatt-sandebeck\/wp-json\/wp\/v2\/pages"}],"about":[{"href":"https:\/\/unser-quartier.de\/dorfwerkstatt-sandebeck\/wp-json\/wp\/v2\/types\/page"}],"author":[{"embeddable":true,"href":"https:\/\/unser-quartier.de\/dorfwerkstatt-sandebeck\/wp-json\/wp\/v2\/users\/291"}],"replies":[{"embeddable":true,"href":"https:\/\/unser-quartier.de\/dorfwerkstatt-sandebeck\/wp-json\/wp\/v2\/comments?post=1007"}],"version-history":[{"count":0,"href":"https:\/\/unser-quartier.de\/dorfwerkstatt-sandebeck\/wp-json\/wp\/v2\/pages\/1007\/revisions"}],"wp:attachment":[{"href":"https:\/\/unser-quartier.de\/dorfwerkstatt-sandebeck\/wp-json\/wp\/v2\/media?parent=1007"}],"curies":[{"name":"wp","href":"https:\/\/api.w.org\/{rel}","templated":true}]}}