{"id":179,"date":"2015-05-11T21:59:23","date_gmt":"2015-05-11T19:59:23","guid":{"rendered":"http:\/\/unser-quartier.de\/dorfwerkstatt-sandebeck\/?page_id=179"},"modified":"2015-06-23T11:59:02","modified_gmt":"2015-06-23T09:59:02","slug":"ag-bildung-kultur-freizeit","status":"publish","type":"page","link":"https:\/\/unser-quartier.de\/dorfwerkstatt-sandebeck\/die-aktiven-dorfwerkstatt\/ag-bildung-kultur-freizeit\/","title":{"rendered":"AG Bildung &amp; Kultur"},"content":{"rendered":"<p>An dieser Stelle informieren wir Sie \u00fcber den Stand unserer aktuell laufenden und bereits umgesetzten Projekte. Haben Sie noch Ideen, m\u00f6chten uns mit Rat und Tat oder durch (Material-) Spenden unterst\u00fctzen?<\/p>\n<p>Dann nehmen Sie <strong>Kontakt<\/strong> zu uns auf &#8211; das Team der Dorfwerkstatt Sandebeck freut sich!<\/p>\n<h2><span style=\"color: #ff0000\">Workshops, Kreativkurse und Vortr\u00e4ge<\/span><\/h2>\n<p>Unsere Workshop-Gruppe bietet immer wieder interessante Angebote rund um Handwerk und Kreativit\u00e4t. Fehlt Ihnen noch ein Angebot? Melden Sie sich! Wir richten uns gerne nach Ihren W\u00fcnschen.<\/p>\n<h3>&#8222;Kartoffelk\u00f6rbe flechten&#8220;<\/h3>\n<p>OKTOBER\u00a02014 &#8211; Anfang Oktober war\u00a0ein Workshop zum Flechten von traditionellen Kartoffelk\u00f6rben in Zusammenarbeit mit dem Freilichtmuseum Detmold geplant &#8211; leider musste er wegen mangelnder Teilnehmerzahl entfallen.<\/p>\n<h3>&#8222;Y-ton &#8211; Kreatives f\u00fcr den Garten&#8220;<\/h3>\n<p>M\u00c4RZ 2015 &#8211; Geplant ist ein Workshop zum Gestalten mit dem Leichtporenstein Y-Ton. Anmeldung unter <strong>Veranstaltungen<\/strong>.<\/p>\n<h3>&#8222;Sch\u00fc\u00dfler Salze&#8220;<\/h3>\n<p>M\u00c4RZ 2015 &#8211; F\u00fcr 2016 planen wir einen Seminartag zum Thema Sch\u00fc\u00dfler Salze. Die M\u00f6glichkeit zur Anmeldung wird rechtzeitig unter <strong>Veranstaltungen<\/strong> bekannt gegeben.<\/p>\n<h2><span style=\"color: #ff0000\">Unterst\u00fctzung der \u00f6rtlichen B\u00fccherei<\/span><\/h2>\n<p>&#8222;Lesen ist Kino im Kopf&#8220; &#8211; wir wollen die Arbeit der B\u00fccherei in Sandebeck aktiv unterst\u00fctzen!<\/p>\n<h3>B\u00fccherei im Kindergarten<\/h3>\n<p>AUGUST 2014 &#8211; Mit Unterst\u00fctzung einer Aktiven der Dorfwerkstatt konnte sich die B\u00fccherei im Kindergarten vorstellen.<\/p>\n<p>NOVEMBER 2014 &#8211; Ein\u00a0Lesezeichen mit Sandebeck-Motiv und den \u00d6ffnungszeiten der B\u00fccherei soll erstellt werden. Jetzt suchen wir noch einen gro\u00dfen Aufsteller, den wir zu &#8222;Werbezwecken&#8220; nutzen k\u00f6nnen. Bitte melden!<\/p>\n<h2><span style=\"color: #ff0000\">Kinder- und Jugendarbeit<\/span><\/h2>\n<p>Um Sandebeck vor allem f\u00fcr Familien mit Kindern wieder attraktiver zu machen, organisiert die Gruppe &#8222;Kinder-und Jugendarbeit&#8220; tolle Aktionen und Veranstaltungen rund um Sandebeck. Spa\u00df ist garantiert!<\/p>\n<h3>Waldralley<\/h3>\n<p>AUGUST 2014 &#8211; Bist du ein Waldgeist? Die Kinder aus und um Sandebeck hatten viele Aufgaben zu erf\u00fcllen, um ihr Wissen und ihre F\u00e4higkeiten rund um das Thema Wald unter Beweis zu stellen. Alle Akteure waren mit viel Freude dabei, wie die <strong>Zeitung<\/strong> berichtete.<\/p>\n<h3>Weihnachtsb\u00e4ckerei<\/h3>\n<p>DEZEMBER 2014 &#8211; Dank des tollen Angebots, die K\u00fcche des ehemaligen Schinkenst\u00fcbchens nutzen zu k\u00f6nnen, herrschte ordentlich Trubel bei der Weihnachtsb\u00e4ckerei. Viele Leckereien wurde gezaubert und verk\u00f6stigt. Ein herzliches Dankesch\u00f6n nochmal an Frau Hartweg.<\/p>\n<h3>Besuch der Landeszeitung<\/h3>\n<p>M\u00c4RZ 2015 &#8211; Mehr Anmeldungen als Pl\u00e4tze &#8230; , so lautete das Ergebnis des gelungenen Ausflugs zur Besichtigung der Lippischen Landeszeitung.<\/p>\n<h3>Osterwerkstatt<\/h3>\n<p>M\u00c4RZ 2015 &#8211; Wir unterst\u00fctzen den Osterhasen bei seiner Arbeit und fertigen tolle N\u00e4harbeiten\u00a0in den R\u00e4umen des Tennisvereins an. Vielen Dank f\u00fcr die M\u00f6glichkeit der Raumnutzung.<\/p>\n<h3>Dorfralley rund um Sandebeck<\/h3>\n<p>MAI 2015 &#8211; Eine spannende Fotoralley fand rund um Sandebeck statt. Unsere Aktiven haben sich bei der Organisation einmal mehr selbst \u00fcbertroffen. Einfach nur toll, wie wir und die <strong>Zeitung<\/strong> finden.<\/p>\n<h2><span style=\"color: #ff0000\">Fotogruppe<\/span><\/h2>\n<p><em><strong>&#8222;Verlorenes aufsp\u00fcren und erhalten&#8220;<\/strong> <\/em>&#8211; das ist das Motto unserer Fotogruppe. Das Leben und die Landschaft rund um Sandebeck sollen dabei nicht nur dokumentiert, sondern auch fotografisch-k\u00fcnstlerisch aufgearbeitet werden.<\/p>\n<h3>Kalender 2016<\/h3>\n<p>M\u00c4RZ 2015 &#8211; Die Idee zur Erstellung eines Kunstkalenders mit Motiven aus Sandebeck ist geboren und die Arbeit hat bereits begonnen. Da es sich beim Druck um hochwertige Handarbeit im Siebdruckverfahren handelt, wird nur eine geringe St\u00fcckzahl von 40 Exemplaren erstellt. Wer also einen solchen Kalender erwerben m\u00f6chte, sollte nicht lange z\u00f6gern. Sobald der Verkauf startet erfahren Sie es auf diesen Seiten.<\/p>\n","protected":false},"excerpt":{"rendered":"<p>An dieser Stelle informieren wir Sie \u00fcber den Stand unserer aktuell laufenden und bereits umgesetzten Projekte. Haben Sie noch Ideen, m\u00f6chten uns mit Rat und Tat oder durch (Material-) Spenden unterst\u00fctzen? Dann nehmen Sie Kontakt zu uns auf &#8211; das Team der Dorfwerkstatt Sandebeck freut sich! Workshops, Kreativkurse und Vortr\u00e4ge Unsere Workshop-Gruppe bietet immer wieder&hellip; <a class=\"continue\" href=\"https:\/\/unser-quartier.de\/dorfwerkstatt-sandebeck\/die-aktiven-dorfwerkstatt\/ag-bildung-kultur-freizeit\/\">Continue Reading<span> AG Bildung &amp; Kultur<\/span><\/a><\/p>\n","protected":false},"author":289,"featured_media":0,"parent":175,"menu_order":2,"comment_status":"closed","ping_status":"closed","template":"","meta":{"_bbp_topic_count":0,"_bbp_reply_count":0,"_bbp_total_topic_count":0,"_bbp_total_reply_count":0,"_bbp_voice_count":0,"_bbp_anonymous_reply_count":0,"_bbp_topic_count_hidden":0,"_bbp_reply_count_hidden":0,"_bbp_forum_subforum_count":0,"_monsterinsights_skip_tracking":false,"_monsterinsights_sitenote_active":false,"_monsterinsights_sitenote_note":"","_monsterinsights_sitenote_category":0,"generate_page_header":"","footnotes":""},"class_list":["post-179","page","type-page","status-publish"],"_links":{"self":[{"href":"https:\/\/unser-quartier.de\/dorfwerkstatt-sandebeck\/wp-json\/wp\/v2\/pages\/179","targetHints":{"allow":["GET"]}}],"collection":[{"href":"https:\/\/unser-quartier.de\/dorfwerkstatt-sandebeck\/wp-json\/wp\/v2\/pages"}],"about":[{"href":"https:\/\/unser-quartier.de\/dorfwerkstatt-sandebeck\/wp-json\/wp\/v2\/types\/page"}],"author":[{"embeddable":true,"href":"https:\/\/unser-quartier.de\/dorfwerkstatt-sandebeck\/wp-json\/wp\/v2\/users\/289"}],"replies":[{"embeddable":true,"href":"https:\/\/unser-quartier.de\/dorfwerkstatt-sandebeck\/wp-json\/wp\/v2\/comments?post=179"}],"version-history":[{"count":0,"href":"https:\/\/unser-quartier.de\/dorfwerkstatt-sandebeck\/wp-json\/wp\/v2\/pages\/179\/revisions"}],"up":[{"embeddable":true,"href":"https:\/\/unser-quartier.de\/dorfwerkstatt-sandebeck\/wp-json\/wp\/v2\/pages\/175"}],"wp:attachment":[{"href":"https:\/\/unser-quartier.de\/dorfwerkstatt-sandebeck\/wp-json\/wp\/v2\/media?parent=179"}],"curies":[{"name":"wp","href":"https:\/\/api.w.org\/{rel}","templated":true}]}}