{"id":181,"date":"2015-05-11T22:00:05","date_gmt":"2015-05-11T20:00:05","guid":{"rendered":"http:\/\/unser-quartier.de\/dorfwerkstatt-sandebeck\/?page_id=181"},"modified":"2015-06-23T12:22:52","modified_gmt":"2015-06-23T10:22:52","slug":"ag-buergerliches-engagement-soziale-infrastruktur","status":"publish","type":"page","link":"https:\/\/unser-quartier.de\/dorfwerkstatt-sandebeck\/die-aktiven-dorfwerkstatt\/ag-buergerliches-engagement-soziale-infrastruktur\/","title":{"rendered":"AG  Soziale Infrastruktur &amp; B\u00fcrgerliches Engagement"},"content":{"rendered":"<p>An dieser Stelle informieren wir Sie \u00fcber den Stand unserer aktuell laufenden und bereits umgesetzten Projekte. Haben Sie noch Ideen, m\u00f6chten uns mit Rat und Tat oder durch (Material-) Spenden unterst\u00fctzen?<\/p>\n<p>Dann nehmen Sie Kontakt zu uns auf &#8211; das Team der Dorfwerkstatt Sandebeck freut sich!<\/p>\n<h2>Aktuelle Projekte<\/h2>\n<h3>Haus\u00e4rztliche Versorgung vor Ort<\/h3>\n<p>AUGUST 2014 &#8211; Auch nach\u00a0intensiven Recherchearbeiten und vielen Gespr\u00e4chen mit \u00c4rzten und kassen\u00e4rztlichen Vereinigungen ist eine \u00e4rztliche Versorgung an einzelnen Tagen direkt in Sandebeck leider nicht m\u00f6glich. Es wird aber darauf hingewiesen, dass insbesondere alle \u00e4lteren\u00a0B\u00fcrgerinnen und B\u00fcrger unter Umst\u00e4nden Hausbesuche in Anspruch nehmen k\u00f6nnen. Bitte informieren Sie sich bei Ihrem Hausarzt.<\/p>\n<h3>Nachbarschaftshilfe &#8222;Gute Geister&#8220;<\/h3>\n<p>AUGUST 2014 &#8211; Im Zusammenhang mit der Idee, eine ehrenamtliche Nachbarschaftshilfe zu organisieren, wird auch bei der\u00a0Ehrenamtsb\u00f6rse Steinheim\u00a0nach einer m\u00f6glichen Zusammenarbeit nachgefragt. Derzeit wird ein Flyer entworfen, der das bereits vorhandene Angebot f\u00fcr Menschen mit Unterst\u00fctzungsbedarf darstellen soll.<\/p>\n<p>NOVEMBER 2014 &#8211; Die Idee der Nachbarschaftshilfe hat sich weiterentwickelt. Zuk\u00fcnftig soll es direkt vor Ort die M\u00f6glichkeit geben, kleine Hilfen anzufordern. \u00a0Ein Flyer mit dem kostenpflichtigen wie auch ehrenamtlichen Angebot zur Unterst\u00fctzung liegt im Entwurf vor. Derzeit werden noch ehrenamtliche Helfer gesucht!<\/p>\n<p>M\u00c4RZ 2015 &#8211; Eine erste Auflage des Flyers ist gedruckt, ein Name f\u00fcr die ehrenamtliche Nachbarschaftshilfe gefunden: &#8222;<strong>DIE GUTEN GEISTER &#8211; SANDEBECK<\/strong>&#8222;. Jeder Haushalt bekommt ein Exemplar und erste Anfragen zur Unterst\u00fctzung sind eingegangen.<\/p>\n","protected":false},"excerpt":{"rendered":"<p>An dieser Stelle informieren wir Sie \u00fcber den Stand unserer aktuell laufenden und bereits umgesetzten Projekte. Haben Sie noch Ideen, m\u00f6chten uns mit Rat und Tat oder durch (Material-) Spenden unterst\u00fctzen? Dann nehmen Sie Kontakt zu uns auf &#8211; das Team der Dorfwerkstatt Sandebeck freut sich! Aktuelle Projekte Haus\u00e4rztliche Versorgung vor Ort AUGUST 2014 &#8211;&hellip; <a class=\"continue\" href=\"https:\/\/unser-quartier.de\/dorfwerkstatt-sandebeck\/die-aktiven-dorfwerkstatt\/ag-buergerliches-engagement-soziale-infrastruktur\/\">Continue Reading<span> AG  Soziale Infrastruktur &amp; B\u00fcrgerliches Engagement<\/span><\/a><\/p>\n","protected":false},"author":289,"featured_media":0,"parent":175,"menu_order":3,"comment_status":"closed","ping_status":"closed","template":"","meta":{"_bbp_topic_count":0,"_bbp_reply_count":0,"_bbp_total_topic_count":0,"_bbp_total_reply_count":0,"_bbp_voice_count":0,"_bbp_anonymous_reply_count":0,"_bbp_topic_count_hidden":0,"_bbp_reply_count_hidden":0,"_bbp_forum_subforum_count":0,"_monsterinsights_skip_tracking":false,"_monsterinsights_sitenote_active":false,"_monsterinsights_sitenote_note":"","_monsterinsights_sitenote_category":0,"generate_page_header":"","footnotes":""},"class_list":["post-181","page","type-page","status-publish"],"_links":{"self":[{"href":"https:\/\/unser-quartier.de\/dorfwerkstatt-sandebeck\/wp-json\/wp\/v2\/pages\/181","targetHints":{"allow":["GET"]}}],"collection":[{"href":"https:\/\/unser-quartier.de\/dorfwerkstatt-sandebeck\/wp-json\/wp\/v2\/pages"}],"about":[{"href":"https:\/\/unser-quartier.de\/dorfwerkstatt-sandebeck\/wp-json\/wp\/v2\/types\/page"}],"author":[{"embeddable":true,"href":"https:\/\/unser-quartier.de\/dorfwerkstatt-sandebeck\/wp-json\/wp\/v2\/users\/289"}],"replies":[{"embeddable":true,"href":"https:\/\/unser-quartier.de\/dorfwerkstatt-sandebeck\/wp-json\/wp\/v2\/comments?post=181"}],"version-history":[{"count":0,"href":"https:\/\/unser-quartier.de\/dorfwerkstatt-sandebeck\/wp-json\/wp\/v2\/pages\/181\/revisions"}],"up":[{"embeddable":true,"href":"https:\/\/unser-quartier.de\/dorfwerkstatt-sandebeck\/wp-json\/wp\/v2\/pages\/175"}],"wp:attachment":[{"href":"https:\/\/unser-quartier.de\/dorfwerkstatt-sandebeck\/wp-json\/wp\/v2\/media?parent=181"}],"curies":[{"name":"wp","href":"https:\/\/api.w.org\/{rel}","templated":true}]}}