{"id":183,"date":"2015-05-11T22:00:34","date_gmt":"2015-05-11T20:00:34","guid":{"rendered":"http:\/\/unser-quartier.de\/dorfwerkstatt-sandebeck\/?page_id=183"},"modified":"2015-06-23T12:18:12","modified_gmt":"2015-06-23T10:18:12","slug":"ag-landschaft","status":"publish","type":"page","link":"https:\/\/unser-quartier.de\/dorfwerkstatt-sandebeck\/die-aktiven-dorfwerkstatt\/ag-landschaft\/","title":{"rendered":"AG Landschaft &amp; Tourismus"},"content":{"rendered":"<p>An dieser Stelle informieren wir Sie \u00fcber den Stand unserer aktuell laufenden Projekte. Haben Sie noch Ideen, m\u00f6chten uns mit Rat und Tat oder durch (Material-) Spenden beteiligen?<\/p>\n<p>Dann nehmen Sie <strong>Kontakt<\/strong> zu uns auf &#8211; das Team der Dorfwerkstatt Sandebeck freut sich!<\/p>\n<h1>Aktuelle Projekte<\/h1>\n<h3>Wanderwege<\/h3>\n<p>NOVEMBER 2014 &#8211; Wir haben unsere Mitarbeit bei Erneuerung der Kennzeichnung der Wanderwege dem zust\u00e4ndigen Wanderwart angeboten.<\/p>\n<h3>Vulkan Sandebeck<\/h3>\n<p>NOVEMBER 2014 &#8211; Der vorhandene Sendemast k\u00f6nnte zur einer\u00a0Stromanbindung genutzt werden &#8211; derzeit bem\u00fchen wir uns diesbez\u00fcglich n\u00e4here Informationen zu erhalten und die Umsetzung zu erreichen.<\/p>\n<p><img loading=\"lazy\" decoding=\"async\" class=\" size-thumbnail wp-image-436 alignleft\" src=\"https:\/\/unser-quartier.de\/dorfwerkstatt-sandebeck\/files\/2015\/06\/IMG_9484-175x131.jpg\" alt=\"Die Aktiven beim Freischnitt rund um den Vulkan\" width=\"175\" height=\"131\" srcset=\"https:\/\/unser-quartier.de\/dorfwerkstatt-sandebeck\/files\/2015\/06\/IMG_9484-175x131.jpg 175w, https:\/\/unser-quartier.de\/dorfwerkstatt-sandebeck\/files\/2015\/06\/IMG_9484-300x225.jpg 300w, https:\/\/unser-quartier.de\/dorfwerkstatt-sandebeck\/files\/2015\/06\/IMG_9484.jpg 320w\" sizes=\"auto, (max-width: 175px) 100vw, 175px\" \/>M\u00c4RZ 2015 &#8211; Eine Gruppe aktiver Mitglieder der Dorfwerkstatt hat in Zusammenarbeit mit dem Heimatverein Sandebeck f\u00fcr den l\u00e4ngst notwendigen Freischnitt rund um den Vulkan gesorgt. Auch ein Teil des Bahndamms wurde in diesem Zusammenhang freigeschnitten.<\/p>\n<p>Herzlichen Dank daf\u00fcr!<\/p>\n<h2>Das haben wir schon erreicht<\/h2>\n<h3>Ruheb\u00e4nke erneuert<\/h3>\n<p>AUGUST 2014 &#8211; Dank vieler flei\u00dfiger Helfer aus dem Heimatverein und der Dorfwerkstatt und Spenden der ben\u00f6tigten Farben und Materialien konnten wir die B\u00e4nke am Teich Ortseingang und am Tretbecken Bike wieder gut aufarbeiten und neu lackieren. Auch vier\u00a0neue B\u00e4nke wurde aufgestellt.<\/p>\n","protected":false},"excerpt":{"rendered":"<p>An dieser Stelle informieren wir Sie \u00fcber den Stand unserer aktuell laufenden Projekte. Haben Sie noch Ideen, m\u00f6chten uns mit Rat und Tat oder durch (Material-) Spenden beteiligen? Dann nehmen Sie Kontakt zu uns auf &#8211; das Team der Dorfwerkstatt Sandebeck freut sich! Aktuelle Projekte Wanderwege NOVEMBER 2014 &#8211; Wir haben unsere Mitarbeit bei Erneuerung&hellip; <a class=\"continue\" href=\"https:\/\/unser-quartier.de\/dorfwerkstatt-sandebeck\/die-aktiven-dorfwerkstatt\/ag-landschaft\/\">Continue Reading<span> AG Landschaft &amp; Tourismus<\/span><\/a><\/p>\n","protected":false},"author":289,"featured_media":0,"parent":175,"menu_order":4,"comment_status":"closed","ping_status":"closed","template":"","meta":{"_bbp_topic_count":0,"_bbp_reply_count":0,"_bbp_total_topic_count":0,"_bbp_total_reply_count":0,"_bbp_voice_count":0,"_bbp_anonymous_reply_count":0,"_bbp_topic_count_hidden":0,"_bbp_reply_count_hidden":0,"_bbp_forum_subforum_count":0,"_monsterinsights_skip_tracking":false,"_monsterinsights_sitenote_active":false,"_monsterinsights_sitenote_note":"","_monsterinsights_sitenote_category":0,"generate_page_header":"","footnotes":""},"class_list":["post-183","page","type-page","status-publish"],"_links":{"self":[{"href":"https:\/\/unser-quartier.de\/dorfwerkstatt-sandebeck\/wp-json\/wp\/v2\/pages\/183","targetHints":{"allow":["GET"]}}],"collection":[{"href":"https:\/\/unser-quartier.de\/dorfwerkstatt-sandebeck\/wp-json\/wp\/v2\/pages"}],"about":[{"href":"https:\/\/unser-quartier.de\/dorfwerkstatt-sandebeck\/wp-json\/wp\/v2\/types\/page"}],"author":[{"embeddable":true,"href":"https:\/\/unser-quartier.de\/dorfwerkstatt-sandebeck\/wp-json\/wp\/v2\/users\/289"}],"replies":[{"embeddable":true,"href":"https:\/\/unser-quartier.de\/dorfwerkstatt-sandebeck\/wp-json\/wp\/v2\/comments?post=183"}],"version-history":[{"count":0,"href":"https:\/\/unser-quartier.de\/dorfwerkstatt-sandebeck\/wp-json\/wp\/v2\/pages\/183\/revisions"}],"up":[{"embeddable":true,"href":"https:\/\/unser-quartier.de\/dorfwerkstatt-sandebeck\/wp-json\/wp\/v2\/pages\/175"}],"wp:attachment":[{"href":"https:\/\/unser-quartier.de\/dorfwerkstatt-sandebeck\/wp-json\/wp\/v2\/media?parent=183"}],"curies":[{"name":"wp","href":"https:\/\/api.w.org\/{rel}","templated":true}]}}