{"id":383,"date":"2015-06-21T09:22:12","date_gmt":"2015-06-21T07:22:12","guid":{"rendered":"http:\/\/unser-quartier.de\/dorfwerkstatt-sandebeck\/?page_id=383"},"modified":"2015-06-21T09:32:17","modified_gmt":"2015-06-21T07:32:17","slug":"formulare-und-infomaterial","status":"publish","type":"page","link":"https:\/\/unser-quartier.de\/dorfwerkstatt-sandebeck\/die-aktiven-dorfwerkstatt\/formulare-und-infomaterial\/","title":{"rendered":"Formulare und Infomaterial"},"content":{"rendered":"<p>&#8222;Das h\u00f6chste Gut und Uebel&#8220; Cicero<br \/>\nAbsatz 1.10.32 &#8211; 1.10.33<\/p>\n<p>Damit Ihr indess erkennt, woher dieser ganze Irrthum gekommen ist, und weshalb man die Lust anklagt und den Schmerz lobet, so will ich Euch Alles er\u00f6ffnen und auseinander setzen, was jener Begr\u00fcnder der Wahrheit und gleichsam Baumeister des gl\u00fccklichen Lebens selbst dar\u00fcber gesagt hat. Niemand, sagt er, verschm\u00e4he, oder hasse, oder fliehe die Lust als solche, sondern weil grosse Schmerzen ihr folgen, wenn man nicht mit Vernunft ihr nachzugehen verstehe. Ebenso werde der Schmerz als solcher von Niemand geliebt, gesucht und verlangt, sondern weil mitunter solche Zeiten eintreten, dass man mittelst Arbeiten und Schmerzen eine grosse Lust sich zu verschaften suchen m\u00fcsse. Um hier gleich bei dem Einfachsten stehen zu bleiben, so w\u00fcrde Niemand von uns anstrengende k\u00f6rperliche Uebungen vornehmen, wenn er nicht einen Vortheil davon erwartete. Wer d\u00fcrfte aber wohl Den tadeln, der nach einer Lust verlangt, welcher keine Unannehmlichkeit folgt, oder der einem Schmerze ausweicht, aus dem keine Lust hervorgeht?<\/p>\n<p>Dagegen tadelt und hasst man mit Recht Den, welcher sich durch die Lockungen einer gegenw\u00e4rtigen Lust erweichen und verf\u00fchren l\u00e4sst, ohne in seiner blinden Begierde zu sehen, welche Schmerzen und Unannehmlichkeiten seiner deshalb warten. Gleiche Schuld treffe Die, welche aus geistiger Schw\u00e4che, d.h. um der Arbeit und dem Schmerze zu entgehen, ihre Pflichten verabs\u00e4umen. Man kann hier leicht und schnell den richtigen Unterschied treffen; zu einer ruhigen Zeit, wo die Wahl der Entscheidung v\u00f6llig frei ist und nichts hindert, das zu thun, was den Meisten gef\u00e4llt, hat man jede Lust zu erfassen und jeden Schmerz abzuhalten; aber zu Zeiten trifft es sich in Folge von schuldigen Pflichten oder von sachlicher Noth, dass man die Lust zur\u00fcckweisen und Beschwerden nicht von sich weisen darf. Deshalb trifft der Weise dann eine Auswahl, damit er durch Zur\u00fcckweisung einer Lust daf\u00fcr eine gr\u00f6ssere erlange oder durch Uebernahme gewisser Schmerzen sich gr\u00f6ssere erspare.<\/p>\n<p>Hier sehen Sie den kompletten Text auf Deutsch<\/p>\n","protected":false},"excerpt":{"rendered":"<p>&#8222;Das h\u00f6chste Gut und Uebel&#8220; Cicero Absatz 1.10.32 &#8211; 1.10.33 Damit Ihr indess erkennt, woher dieser ganze Irrthum gekommen ist, und weshalb man die Lust anklagt und den Schmerz lobet, so will ich Euch Alles er\u00f6ffnen und auseinander setzen, was jener Begr\u00fcnder der Wahrheit und gleichsam Baumeister des gl\u00fccklichen Lebens selbst dar\u00fcber gesagt hat. Niemand,&hellip; <a class=\"continue\" href=\"https:\/\/unser-quartier.de\/dorfwerkstatt-sandebeck\/die-aktiven-dorfwerkstatt\/formulare-und-infomaterial\/\">Continue Reading<span> Formulare und Infomaterial<\/span><\/a><\/p>\n","protected":false},"author":291,"featured_media":0,"parent":175,"menu_order":5,"comment_status":"closed","ping_status":"closed","template":"","meta":{"_bbp_topic_count":0,"_bbp_reply_count":0,"_bbp_total_topic_count":0,"_bbp_total_reply_count":0,"_bbp_voice_count":0,"_bbp_anonymous_reply_count":0,"_bbp_topic_count_hidden":0,"_bbp_reply_count_hidden":0,"_bbp_forum_subforum_count":0,"_monsterinsights_skip_tracking":false,"_monsterinsights_sitenote_active":false,"_monsterinsights_sitenote_note":"","_monsterinsights_sitenote_category":0,"generate_page_header":"","footnotes":""},"class_list":["post-383","page","type-page","status-publish"],"_links":{"self":[{"href":"https:\/\/unser-quartier.de\/dorfwerkstatt-sandebeck\/wp-json\/wp\/v2\/pages\/383","targetHints":{"allow":["GET"]}}],"collection":[{"href":"https:\/\/unser-quartier.de\/dorfwerkstatt-sandebeck\/wp-json\/wp\/v2\/pages"}],"about":[{"href":"https:\/\/unser-quartier.de\/dorfwerkstatt-sandebeck\/wp-json\/wp\/v2\/types\/page"}],"author":[{"embeddable":true,"href":"https:\/\/unser-quartier.de\/dorfwerkstatt-sandebeck\/wp-json\/wp\/v2\/users\/291"}],"replies":[{"embeddable":true,"href":"https:\/\/unser-quartier.de\/dorfwerkstatt-sandebeck\/wp-json\/wp\/v2\/comments?post=383"}],"version-history":[{"count":0,"href":"https:\/\/unser-quartier.de\/dorfwerkstatt-sandebeck\/wp-json\/wp\/v2\/pages\/383\/revisions"}],"up":[{"embeddable":true,"href":"https:\/\/unser-quartier.de\/dorfwerkstatt-sandebeck\/wp-json\/wp\/v2\/pages\/175"}],"wp:attachment":[{"href":"https:\/\/unser-quartier.de\/dorfwerkstatt-sandebeck\/wp-json\/wp\/v2\/media?parent=383"}],"curies":[{"name":"wp","href":"https:\/\/api.w.org\/{rel}","templated":true}]}}