{"id":385,"date":"2015-06-21T09:23:07","date_gmt":"2015-06-21T07:23:07","guid":{"rendered":"http:\/\/unser-quartier.de\/dorfwerkstatt-sandebeck\/?page_id=385"},"modified":"2015-06-23T12:28:28","modified_gmt":"2015-06-23T10:28:28","slug":"weiterbildung-im-ehrenamt","status":"publish","type":"page","link":"https:\/\/unser-quartier.de\/dorfwerkstatt-sandebeck\/die-aktiven-dorfwerkstatt\/weiterbildung-im-ehrenamt\/","title":{"rendered":"Weiterbildung im Ehrenamt"},"content":{"rendered":"<p>Hier informieren wir Sie \u00fcber M\u00f6glichkeiten das vielf\u00e4ltige Angebot sich auch im und f\u00fcr das Ehrenamt zu nutzen<\/p>\n<p>(Hinweis \/ Link zu GeiSt)<\/p>\n<p>(Hinweis \/ Link zu Forum Seniorenarbeit)<\/p>\n<p>&nbsp;<\/p>\n","protected":false},"excerpt":{"rendered":"<p>Hier informieren wir Sie \u00fcber M\u00f6glichkeiten das vielf\u00e4ltige Angebot sich auch im und f\u00fcr das Ehrenamt zu nutzen (Hinweis \/ Link zu GeiSt) (Hinweis \/ Link zu Forum Seniorenarbeit) &nbsp;<\/p>\n","protected":false},"author":291,"featured_media":0,"parent":175,"menu_order":7,"comment_status":"closed","ping_status":"closed","template":"","meta":{"_bbp_topic_count":0,"_bbp_reply_count":0,"_bbp_total_topic_count":0,"_bbp_total_reply_count":0,"_bbp_voice_count":0,"_bbp_anonymous_reply_count":0,"_bbp_topic_count_hidden":0,"_bbp_reply_count_hidden":0,"_bbp_forum_subforum_count":0,"_monsterinsights_skip_tracking":false,"_monsterinsights_sitenote_active":false,"_monsterinsights_sitenote_note":"","_monsterinsights_sitenote_category":0,"generate_page_header":"","footnotes":""},"class_list":["post-385","page","type-page","status-publish"],"_links":{"self":[{"href":"https:\/\/unser-quartier.de\/dorfwerkstatt-sandebeck\/wp-json\/wp\/v2\/pages\/385","targetHints":{"allow":["GET"]}}],"collection":[{"href":"https:\/\/unser-quartier.de\/dorfwerkstatt-sandebeck\/wp-json\/wp\/v2\/pages"}],"about":[{"href":"https:\/\/unser-quartier.de\/dorfwerkstatt-sandebeck\/wp-json\/wp\/v2\/types\/page"}],"author":[{"embeddable":true,"href":"https:\/\/unser-quartier.de\/dorfwerkstatt-sandebeck\/wp-json\/wp\/v2\/users\/291"}],"replies":[{"embeddable":true,"href":"https:\/\/unser-quartier.de\/dorfwerkstatt-sandebeck\/wp-json\/wp\/v2\/comments?post=385"}],"version-history":[{"count":0,"href":"https:\/\/unser-quartier.de\/dorfwerkstatt-sandebeck\/wp-json\/wp\/v2\/pages\/385\/revisions"}],"up":[{"embeddable":true,"href":"https:\/\/unser-quartier.de\/dorfwerkstatt-sandebeck\/wp-json\/wp\/v2\/pages\/175"}],"wp:attachment":[{"href":"https:\/\/unser-quartier.de\/dorfwerkstatt-sandebeck\/wp-json\/wp\/v2\/media?parent=385"}],"curies":[{"name":"wp","href":"https:\/\/api.w.org\/{rel}","templated":true}]}}