{"id":418,"date":"2015-06-21T10:07:08","date_gmt":"2015-06-21T08:07:08","guid":{"rendered":"http:\/\/unser-quartier.de\/dorfwerkstatt-sandebeck\/?page_id=418"},"modified":"2015-06-23T11:30:13","modified_gmt":"2015-06-23T09:30:13","slug":"ueber-uns-2","status":"publish","type":"page","link":"https:\/\/unser-quartier.de\/dorfwerkstatt-sandebeck\/ueber-uns-2\/","title":{"rendered":"\u00dcber uns"},"content":{"rendered":"<h2 class=\"widget-title\">Dorfwerkstatt Sandebeck<\/h2>\n<p>In der Dorfwerkstatt (des Zentrums f\u00fcr l\u00e4ndliche Entwicklung &#8211; kurz ZeLE &#8211; im Ministerium f\u00fcr Klimaschutz, Umwelt, Landwirtschaft, Natur- und Verbraucherschutz des Landes Nordrhein-Westfalen) arbeiten B\u00fcrgerinnen und B\u00fcrger an der Zukunft ihres Ortes.<\/p>\n<p>Ziel ist es, die vorhandene Lebensqualit\u00e4t zu erhalten, und die Dorfgemeinschaft nachhaltig zu st\u00e4rken.<\/p>\n<p>Weil der demographische Wandel l\u00e4ngst auch Sandebeck erreicht hat, haben sechs Sandebecker B\u00fcrgerinnen und B\u00fcrger verschiedener Altersgruppen im M\u00e4rz 2013 an einem Workshop teilgenommen. Unter Anleitung lernten sie, die St\u00e4rken und Schw\u00e4chen ihres Ortes zu analysieren, sich mit den Herausforderungen der aktuellen Entwicklungen zu besch\u00e4ftigen und daraus folgend Chancen f\u00fcr das Dorf herauszuarbeiten. Erste Ideen f\u00fcr konkrete Ma\u00dfnahmen wurden entwickelt und Projekte auf den Weg gebracht. Gemeinsam mit den Menschen vor Ort soll die Zukunft nun aktiv gestaltet werden.<\/p>\n<p>Durch einen \u201eRunden Tisch\u201c mit den Vereinen, \u00fcber B\u00fcrgerversammlungen und mit Hilfe einer Fragebogenaktion wurde informiert und recherchiert. Mitarbeiterinnen und Mitarbeiter sollen f\u00fcr die gemeinsame Sache gewonnen werden, denn<\/p>\n<p><strong>\u201eEiner allein kann kein Dach tragen\u201c<\/strong><\/p>\n<figure id=\"attachment_294\" aria-describedby=\"caption-attachment-294\" style=\"width: 690px\" class=\"wp-caption aligncenter\"><img loading=\"lazy\" decoding=\"async\" class=\"wp-image-294 size-full\" src=\"https:\/\/unser-quartier.de\/dorfwerkstatt-sandebeck\/files\/2015\/05\/Gruppenfotoklein.jpg\" alt=\"Wir sind dabei - die Aktiven der ersten Stunde der Dorfwerkstatt\" width=\"700\" height=\"329\" srcset=\"https:\/\/unser-quartier.de\/dorfwerkstatt-sandebeck\/files\/2015\/05\/Gruppenfotoklein.jpg 700w, https:\/\/unser-quartier.de\/dorfwerkstatt-sandebeck\/files\/2015\/05\/Gruppenfotoklein-175x82.jpg 175w, https:\/\/unser-quartier.de\/dorfwerkstatt-sandebeck\/files\/2015\/05\/Gruppenfotoklein-300x141.jpg 300w\" sizes=\"auto, (max-width: 700px) 100vw, 700px\" \/><figcaption id=\"caption-attachment-294\" class=\"wp-caption-text\">Wir sind dabei &#8211; die Aktiven der ersten Stunde der Dorfwerkstatt<\/figcaption><\/figure>\n","protected":false},"excerpt":{"rendered":"<p>Dorfwerkstatt Sandebeck In der Dorfwerkstatt (des Zentrums f\u00fcr l\u00e4ndliche Entwicklung &#8211; kurz ZeLE &#8211; im Ministerium f\u00fcr Klimaschutz, Umwelt, Landwirtschaft, Natur- und Verbraucherschutz des Landes Nordrhein-Westfalen) arbeiten B\u00fcrgerinnen und B\u00fcrger an der Zukunft ihres Ortes. Ziel ist es, die vorhandene Lebensqualit\u00e4t zu erhalten, und die Dorfgemeinschaft nachhaltig zu st\u00e4rken. Weil der demographische Wandel l\u00e4ngst auch&hellip; <a class=\"continue\" href=\"https:\/\/unser-quartier.de\/dorfwerkstatt-sandebeck\/ueber-uns-2\/\">Continue Reading<span> \u00dcber uns<\/span><\/a><\/p>\n","protected":false},"author":291,"featured_media":0,"parent":0,"menu_order":4,"comment_status":"closed","ping_status":"closed","template":"","meta":{"_bbp_topic_count":0,"_bbp_reply_count":0,"_bbp_total_topic_count":0,"_bbp_total_reply_count":0,"_bbp_voice_count":0,"_bbp_anonymous_reply_count":0,"_bbp_topic_count_hidden":0,"_bbp_reply_count_hidden":0,"_bbp_forum_subforum_count":0,"_monsterinsights_skip_tracking":false,"_monsterinsights_sitenote_active":false,"_monsterinsights_sitenote_note":"","_monsterinsights_sitenote_category":0,"generate_page_header":"","footnotes":""},"class_list":["post-418","page","type-page","status-publish"],"_links":{"self":[{"href":"https:\/\/unser-quartier.de\/dorfwerkstatt-sandebeck\/wp-json\/wp\/v2\/pages\/418","targetHints":{"allow":["GET"]}}],"collection":[{"href":"https:\/\/unser-quartier.de\/dorfwerkstatt-sandebeck\/wp-json\/wp\/v2\/pages"}],"about":[{"href":"https:\/\/unser-quartier.de\/dorfwerkstatt-sandebeck\/wp-json\/wp\/v2\/types\/page"}],"author":[{"embeddable":true,"href":"https:\/\/unser-quartier.de\/dorfwerkstatt-sandebeck\/wp-json\/wp\/v2\/users\/291"}],"replies":[{"embeddable":true,"href":"https:\/\/unser-quartier.de\/dorfwerkstatt-sandebeck\/wp-json\/wp\/v2\/comments?post=418"}],"version-history":[{"count":0,"href":"https:\/\/unser-quartier.de\/dorfwerkstatt-sandebeck\/wp-json\/wp\/v2\/pages\/418\/revisions"}],"wp:attachment":[{"href":"https:\/\/unser-quartier.de\/dorfwerkstatt-sandebeck\/wp-json\/wp\/v2\/media?parent=418"}],"curies":[{"name":"wp","href":"https:\/\/api.w.org\/{rel}","templated":true}]}}