{"id":486,"date":"2015-06-22T17:36:09","date_gmt":"2015-06-22T15:36:09","guid":{"rendered":"http:\/\/unser-quartier.de\/dorfwerkstatt-sandebeck\/?page_id=486"},"modified":"2015-06-25T15:26:27","modified_gmt":"2015-06-25T13:26:27","slug":"ag-bauliche-entwicklung-vehrkehr","status":"publish","type":"page","link":"https:\/\/unser-quartier.de\/dorfwerkstatt-sandebeck\/ag-bauliche-entwicklung-vehrkehr\/","title":{"rendered":"AG Bauliche Entwicklung &amp; Verkehr"},"content":{"rendered":"<p>Auch in Sandebeck gibt es Leerstand &#8211; H\u00e4user, deren urspr\u00fcngliche Eigent\u00fcmer verstorben sind, mit der Folge fehlender Nutzung des Anwesens.<br \/>\nDie Bausubstanz leidet, G\u00e4rten verwildern, im Winter werden Gehwege nicht ger\u00e4umt. Doch auch das &#8222;Leben&#8220; fehlt. Kein Austausch mehr mit dem Nachbarn, der kleine Plausch oder die schnelle Hilfe \u00fcber den Gartenzaun fehlen. Der Ort &#8222;stirbt&#8220; von Innen.<\/p>\n<p>Herausforderungen in Sandebeck sind eine bessere Raumnutzung des Dorfgemeinschaftshauses &#8222;VINCENZHAUS&#8220;, der Zerfall der Gastst\u00e4tte &#8222;Zum Teutoburger Wald&#8220; wie auch leerstehender H\u00e4user und die Gestaltung der Durchfahrtsstra\u00dfe. Die Sicherstellung des Bahnanschlusses geh\u00f6rt ebenfalls zu den Anliegen der Bewohner.<\/p>\n<p>Die Arbeitsgruppe &#8222;BAULICHE ENTWICKLUNG \u00a0&amp; VERKEHR&#8220; nimmt sich dieser Herausforderungen an.<\/p>\n<p>&nbsp;<\/p>\n","protected":false},"excerpt":{"rendered":"<p>Auch in Sandebeck gibt es Leerstand &#8211; H\u00e4user, deren urspr\u00fcngliche Eigent\u00fcmer verstorben sind, mit der Folge fehlender Nutzung des Anwesens. Die Bausubstanz leidet, G\u00e4rten verwildern, im Winter werden Gehwege nicht ger\u00e4umt. Doch auch das &#8222;Leben&#8220; fehlt. Kein Austausch mehr mit dem Nachbarn, der kleine Plausch oder die schnelle Hilfe \u00fcber den Gartenzaun fehlen. Der Ort&hellip; <a class=\"continue\" href=\"https:\/\/unser-quartier.de\/dorfwerkstatt-sandebeck\/ag-bauliche-entwicklung-vehrkehr\/\">Continue Reading<span> AG Bauliche Entwicklung &amp; Verkehr<\/span><\/a><\/p>\n","protected":false},"author":291,"featured_media":0,"parent":0,"menu_order":7,"comment_status":"closed","ping_status":"closed","template":"","meta":{"_bbp_topic_count":0,"_bbp_reply_count":0,"_bbp_total_topic_count":0,"_bbp_total_reply_count":0,"_bbp_voice_count":0,"_bbp_anonymous_reply_count":0,"_bbp_topic_count_hidden":0,"_bbp_reply_count_hidden":0,"_bbp_forum_subforum_count":0,"_monsterinsights_skip_tracking":false,"_monsterinsights_sitenote_active":false,"_monsterinsights_sitenote_note":"","_monsterinsights_sitenote_category":0,"generate_page_header":"","footnotes":""},"class_list":["post-486","page","type-page","status-publish"],"_links":{"self":[{"href":"https:\/\/unser-quartier.de\/dorfwerkstatt-sandebeck\/wp-json\/wp\/v2\/pages\/486","targetHints":{"allow":["GET"]}}],"collection":[{"href":"https:\/\/unser-quartier.de\/dorfwerkstatt-sandebeck\/wp-json\/wp\/v2\/pages"}],"about":[{"href":"https:\/\/unser-quartier.de\/dorfwerkstatt-sandebeck\/wp-json\/wp\/v2\/types\/page"}],"author":[{"embeddable":true,"href":"https:\/\/unser-quartier.de\/dorfwerkstatt-sandebeck\/wp-json\/wp\/v2\/users\/291"}],"replies":[{"embeddable":true,"href":"https:\/\/unser-quartier.de\/dorfwerkstatt-sandebeck\/wp-json\/wp\/v2\/comments?post=486"}],"version-history":[{"count":0,"href":"https:\/\/unser-quartier.de\/dorfwerkstatt-sandebeck\/wp-json\/wp\/v2\/pages\/486\/revisions"}],"wp:attachment":[{"href":"https:\/\/unser-quartier.de\/dorfwerkstatt-sandebeck\/wp-json\/wp\/v2\/media?parent=486"}],"curies":[{"name":"wp","href":"https:\/\/api.w.org\/{rel}","templated":true}]}}