{"id":497,"date":"2015-06-22T18:10:46","date_gmt":"2015-06-22T16:10:46","guid":{"rendered":"http:\/\/unser-quartier.de\/dorfwerkstatt-sandebeck\/?page_id=497"},"modified":"2015-06-23T12:26:16","modified_gmt":"2015-06-23T10:26:16","slug":"geist","status":"publish","type":"page","link":"https:\/\/unser-quartier.de\/dorfwerkstatt-sandebeck\/geist\/","title":{"rendered":"GeiSt"},"content":{"rendered":"<div id=\"page\" class=\"clearfix\">\n<div id=\"page_position_content\" class=\"position_content\">\n<div id=\"ppu910\" class=\"clearfix colelem\">\n<div id=\"pu910\" class=\"grpelem\">\n<div id=\"u910\"><\/div>\n<div id=\"pu904\" class=\"clearfix\"><a id=\"u904\" class=\"nonblock nontext MuseLinkActive clip_frame grpelem\" href=\"http:\/\/www.geist-steinheim.de\/index.html\"><img loading=\"lazy\" decoding=\"async\" id=\"u904_img\" class=\"block\" src=\"http:\/\/www.geist-steinheim.de\/images\/logo-geist---_hinterleger.png\" alt=\"\" width=\"160\" height=\"173\" \/><\/a><\/div>\n<\/div>\n<\/div>\n<div id=\"pu3975\" class=\"clearfix colelem\">\n<div id=\"u83-26\" class=\"clearfix grpelem\">\n<h1 id=\"u83-2\" class=\"H1\">Gemeinsam in Steinheim \u2013 GeiSt<\/h1>\n<p class=\"p-normal\">Unter diesem Namen hat das Alters-Institut des <a class=\"nonblock\" href=\"http:\/\/www.johanneswerk.de\" target=\"_blank\">Ev. Johanneswerks<\/a> ein Modellprojekt gestartet, das ein lebendiges Quartier rund um das Nachbarschaftszentrum des Helene-Schweitzer-Zentrums schaffen will. Mit F\u00f6rderung der <a class=\"nonblock\" href=\"http:\/\/www.sw-nrw.de\/home\/\" target=\"_blank\">Stiftung Wohlfahrtspflege<\/a>, der <a class=\"nonblock\" href=\"http:\/\/johanneswerk.de\/de\/einrichtungen\/helene-schweitzer-zentrum\/johannesstift.html\" target=\"_blank\">Johannesstiftung,<\/a> der <a class=\"nonblock\" href=\"http:\/\/www.steinheim.de\/\" target=\"_blank\">Stadt Steinheim<\/a> und des <a class=\"nonblock\" href=\"http:\/\/www.johanneswerk.de\" target=\"_blank\">Ev. Johanneswerks<\/a> entsteht ein Unterst\u00fctzungsnetzwerk mit Kultur- und Freizeitangeboten.<\/p>\n<p class=\"p-normal\">Zusammen mit der Gemeinwesenarbeiterin Karola Schmidt entwickeln Bewohnerinnen und Bewohner des Helene-Schweitzer-Zentrums, Angeh\u00f6rige, Vereine und Menschen aus der Nachbarschaft neue Formen des Miteinanders. Kochen und Essen, handwerkliche Arbeiten, Kultur- und Sportangebote, sowie Beratungs- und Qualifizierungsangebote stehen schon auf der Tagesordnung. Zu bestimmten Schwerpunkten wie Betreuung, Mobilit\u00e4t, Qualifizierung, Jung mit Alt, Internet\/Social Media und Kultur erarbeiten ehrenamtliche Interessengruppen weitere Angebote f\u00fcr die Steinheimer B\u00fcrgerinnen und B\u00fcrger.<\/p>\n<p class=\"p-normal\">Die Themengruppen sind offen f\u00fcr weitere Interessierte und jeder ist eingeladen, eigene Talente und F\u00e4higkeiten einzubringen.<\/p>\n<\/div>\n<\/div>\n<\/div>\n<\/div>\n","protected":false},"excerpt":{"rendered":"<p>Gemeinsam in Steinheim \u2013 GeiSt Unter diesem Namen hat das Alters-Institut des Ev. Johanneswerks ein Modellprojekt gestartet, das ein lebendiges Quartier rund um das Nachbarschaftszentrum des Helene-Schweitzer-Zentrums schaffen will. Mit F\u00f6rderung der Stiftung Wohlfahrtspflege, der Johannesstiftung, der Stadt Steinheim und des Ev. Johanneswerks entsteht ein Unterst\u00fctzungsnetzwerk mit Kultur- und Freizeitangeboten. Zusammen mit der Gemeinwesenarbeiterin Karola&hellip; <a class=\"continue\" href=\"https:\/\/unser-quartier.de\/dorfwerkstatt-sandebeck\/geist\/\">Continue Reading<span> GeiSt<\/span><\/a><\/p>\n","protected":false},"author":291,"featured_media":0,"parent":0,"menu_order":1,"comment_status":"closed","ping_status":"closed","template":"","meta":{"_bbp_topic_count":0,"_bbp_reply_count":0,"_bbp_total_topic_count":0,"_bbp_total_reply_count":0,"_bbp_voice_count":0,"_bbp_anonymous_reply_count":0,"_bbp_topic_count_hidden":0,"_bbp_reply_count_hidden":0,"_bbp_forum_subforum_count":0,"_monsterinsights_skip_tracking":false,"_monsterinsights_sitenote_active":false,"_monsterinsights_sitenote_note":"","_monsterinsights_sitenote_category":0,"generate_page_header":"","footnotes":""},"class_list":["post-497","page","type-page","status-publish"],"_links":{"self":[{"href":"https:\/\/unser-quartier.de\/dorfwerkstatt-sandebeck\/wp-json\/wp\/v2\/pages\/497","targetHints":{"allow":["GET"]}}],"collection":[{"href":"https:\/\/unser-quartier.de\/dorfwerkstatt-sandebeck\/wp-json\/wp\/v2\/pages"}],"about":[{"href":"https:\/\/unser-quartier.de\/dorfwerkstatt-sandebeck\/wp-json\/wp\/v2\/types\/page"}],"author":[{"embeddable":true,"href":"https:\/\/unser-quartier.de\/dorfwerkstatt-sandebeck\/wp-json\/wp\/v2\/users\/291"}],"replies":[{"embeddable":true,"href":"https:\/\/unser-quartier.de\/dorfwerkstatt-sandebeck\/wp-json\/wp\/v2\/comments?post=497"}],"version-history":[{"count":0,"href":"https:\/\/unser-quartier.de\/dorfwerkstatt-sandebeck\/wp-json\/wp\/v2\/pages\/497\/revisions"}],"wp:attachment":[{"href":"https:\/\/unser-quartier.de\/dorfwerkstatt-sandebeck\/wp-json\/wp\/v2\/media?parent=497"}],"curies":[{"name":"wp","href":"https:\/\/api.w.org\/{rel}","templated":true}]}}