{"id":502,"date":"2015-06-22T20:34:03","date_gmt":"2015-06-22T18:34:03","guid":{"rendered":"http:\/\/unser-quartier.de\/dorfwerkstatt-sandebeck\/?page_id=502"},"modified":"2015-06-22T20:34:03","modified_gmt":"2015-06-22T18:34:03","slug":"wie-koennen-wir-helfen","status":"publish","type":"page","link":"https:\/\/unser-quartier.de\/dorfwerkstatt-sandebeck\/nachbarschaftshilfe-gute-geister\/wie-koennen-wir-helfen\/","title":{"rendered":"Wie k\u00f6nnen wir helfen?"},"content":{"rendered":"<h2>Das ist doch Ehrensache!<\/h2>\n<p>Wenn Sie Unterst\u00fctzung bei der Bew\u00e4ltigung Ihres Alltags ben\u00f6tigen, dann rufen Sie uns an.<\/p>\n<p>Wir helfen Ihnen gerne!<\/p>\n<h3>Beim Einkaufen &#8230;<\/h3>\n<p>Wir fahren mit Ihnen zum Einkaufen oder bringen Ihnen Ihre Eink\u00e4ufe mit nach Hause.<\/p>\n<h3>Bei Fahrten zum Arzt &#8230;<\/h3>\n<p>Wir holen Sie zu Hause ab und bringen Sie zum Arzt und wieder nach Hause.<\/p>\n<h3>Im Haus &#8230;<\/h3>\n<p>Bei kleineren Reparaturen im Haus und ums Haus helfen wir Ihnen gerne.<\/p>\n<h3>Besuche zu Hause &#8230;<\/h3>\n<p>Falls Sie viel allein sind, besuchen wir Sie gerne. Wir sind an Ihrer Seite als Gespr\u00e4chspartner, bei gemeinsamen Spazierg\u00e4ngen oder sonstiger Freizeitgestaltung.<\/p>\n<h3>Schriftliche Angelegenheiten &#8230;<\/h3>\n<p>Wir k\u00f6nnen Sie z.B. unterst\u00fctzen beim Ausf\u00fcllen von Formularen oder Ihnen bei Beh\u00f6rdeng\u00e4ngen behilflich sein.<\/p>\n","protected":false},"excerpt":{"rendered":"<p>Das ist doch Ehrensache! Wenn Sie Unterst\u00fctzung bei der Bew\u00e4ltigung Ihres Alltags ben\u00f6tigen, dann rufen Sie uns an. Wir helfen Ihnen gerne! Beim Einkaufen &#8230; Wir fahren mit Ihnen zum Einkaufen oder bringen Ihnen Ihre Eink\u00e4ufe mit nach Hause. Bei Fahrten zum Arzt &#8230; Wir holen Sie zu Hause ab und bringen Sie zum Arzt&hellip; <a class=\"continue\" href=\"https:\/\/unser-quartier.de\/dorfwerkstatt-sandebeck\/nachbarschaftshilfe-gute-geister\/wie-koennen-wir-helfen\/\">Continue Reading<span> Wie k\u00f6nnen wir helfen?<\/span><\/a><\/p>\n","protected":false},"author":289,"featured_media":0,"parent":475,"menu_order":1,"comment_status":"closed","ping_status":"closed","template":"","meta":{"_bbp_topic_count":0,"_bbp_reply_count":0,"_bbp_total_topic_count":0,"_bbp_total_reply_count":0,"_bbp_voice_count":0,"_bbp_anonymous_reply_count":0,"_bbp_topic_count_hidden":0,"_bbp_reply_count_hidden":0,"_bbp_forum_subforum_count":0,"_monsterinsights_skip_tracking":false,"_monsterinsights_sitenote_active":false,"_monsterinsights_sitenote_note":"","_monsterinsights_sitenote_category":0,"generate_page_header":"","footnotes":""},"class_list":["post-502","page","type-page","status-publish"],"_links":{"self":[{"href":"https:\/\/unser-quartier.de\/dorfwerkstatt-sandebeck\/wp-json\/wp\/v2\/pages\/502","targetHints":{"allow":["GET"]}}],"collection":[{"href":"https:\/\/unser-quartier.de\/dorfwerkstatt-sandebeck\/wp-json\/wp\/v2\/pages"}],"about":[{"href":"https:\/\/unser-quartier.de\/dorfwerkstatt-sandebeck\/wp-json\/wp\/v2\/types\/page"}],"author":[{"embeddable":true,"href":"https:\/\/unser-quartier.de\/dorfwerkstatt-sandebeck\/wp-json\/wp\/v2\/users\/289"}],"replies":[{"embeddable":true,"href":"https:\/\/unser-quartier.de\/dorfwerkstatt-sandebeck\/wp-json\/wp\/v2\/comments?post=502"}],"version-history":[{"count":0,"href":"https:\/\/unser-quartier.de\/dorfwerkstatt-sandebeck\/wp-json\/wp\/v2\/pages\/502\/revisions"}],"up":[{"embeddable":true,"href":"https:\/\/unser-quartier.de\/dorfwerkstatt-sandebeck\/wp-json\/wp\/v2\/pages\/475"}],"wp:attachment":[{"href":"https:\/\/unser-quartier.de\/dorfwerkstatt-sandebeck\/wp-json\/wp\/v2\/media?parent=502"}],"curies":[{"name":"wp","href":"https:\/\/api.w.org\/{rel}","templated":true}]}}