{"id":504,"date":"2015-06-22T20:38:19","date_gmt":"2015-06-22T18:38:19","guid":{"rendered":"http:\/\/unser-quartier.de\/dorfwerkstatt-sandebeck\/?page_id=504"},"modified":"2015-06-22T20:38:19","modified_gmt":"2015-06-22T18:38:19","slug":"mitmachen","status":"publish","type":"page","link":"https:\/\/unser-quartier.de\/dorfwerkstatt-sandebeck\/nachbarschaftshilfe-gute-geister\/mitmachen\/","title":{"rendered":"Mitmachen?"},"content":{"rendered":"<p>Wenn Sie mit Zeit, Auto f\u00fcr Fahrten oder mit handwerklichem Geschick bei den &#8222;<em>Guten Geistern<\/em>&#8220; mithelfen m\u00f6chten, dann k\u00f6nnen Sie sich gerne an uns wenden.<\/p>\n<p>Auch f\u00fcr\u00a0<strong>Jugendliche<\/strong> kann es interessant sein, sich als ehrenamtlicher Helfer zu engagieren. Wenn sie ein Auslandjahr machen m\u00f6chten oder zum Beispiel ein Stipendium beantragen wollen, kann eine Bescheinigung \u00fcber ehrenamtliches Engagement im Lebenslauf positiv sein.<\/p>\n<p>Sie haben Fragen zu diesem Projekt oder die Arbeit der Dorfwerkstatt? Sie wollen ein\u00a0<em>Mitmacher<\/em> werden?<\/p>\n<p>Dann nehmen Sie <strong>Kontakt<\/strong> mit uns auf &#8211; wir freuen uns Sie kennen zu lernen!<\/p>\n","protected":false},"excerpt":{"rendered":"<p>Wenn Sie mit Zeit, Auto f\u00fcr Fahrten oder mit handwerklichem Geschick bei den &#8222;Guten Geistern&#8220; mithelfen m\u00f6chten, dann k\u00f6nnen Sie sich gerne an uns wenden. Auch f\u00fcr\u00a0Jugendliche kann es interessant sein, sich als ehrenamtlicher Helfer zu engagieren. Wenn sie ein Auslandjahr machen m\u00f6chten oder zum Beispiel ein Stipendium beantragen wollen, kann eine Bescheinigung \u00fcber ehrenamtliches&hellip; <a class=\"continue\" href=\"https:\/\/unser-quartier.de\/dorfwerkstatt-sandebeck\/nachbarschaftshilfe-gute-geister\/mitmachen\/\">Continue Reading<span> Mitmachen?<\/span><\/a><\/p>\n","protected":false},"author":289,"featured_media":0,"parent":475,"menu_order":2,"comment_status":"closed","ping_status":"closed","template":"","meta":{"_bbp_topic_count":0,"_bbp_reply_count":0,"_bbp_total_topic_count":0,"_bbp_total_reply_count":0,"_bbp_voice_count":0,"_bbp_anonymous_reply_count":0,"_bbp_topic_count_hidden":0,"_bbp_reply_count_hidden":0,"_bbp_forum_subforum_count":0,"_monsterinsights_skip_tracking":false,"_monsterinsights_sitenote_active":false,"_monsterinsights_sitenote_note":"","_monsterinsights_sitenote_category":0,"generate_page_header":"","footnotes":""},"class_list":["post-504","page","type-page","status-publish"],"_links":{"self":[{"href":"https:\/\/unser-quartier.de\/dorfwerkstatt-sandebeck\/wp-json\/wp\/v2\/pages\/504","targetHints":{"allow":["GET"]}}],"collection":[{"href":"https:\/\/unser-quartier.de\/dorfwerkstatt-sandebeck\/wp-json\/wp\/v2\/pages"}],"about":[{"href":"https:\/\/unser-quartier.de\/dorfwerkstatt-sandebeck\/wp-json\/wp\/v2\/types\/page"}],"author":[{"embeddable":true,"href":"https:\/\/unser-quartier.de\/dorfwerkstatt-sandebeck\/wp-json\/wp\/v2\/users\/289"}],"replies":[{"embeddable":true,"href":"https:\/\/unser-quartier.de\/dorfwerkstatt-sandebeck\/wp-json\/wp\/v2\/comments?post=504"}],"version-history":[{"count":0,"href":"https:\/\/unser-quartier.de\/dorfwerkstatt-sandebeck\/wp-json\/wp\/v2\/pages\/504\/revisions"}],"up":[{"embeddable":true,"href":"https:\/\/unser-quartier.de\/dorfwerkstatt-sandebeck\/wp-json\/wp\/v2\/pages\/475"}],"wp:attachment":[{"href":"https:\/\/unser-quartier.de\/dorfwerkstatt-sandebeck\/wp-json\/wp\/v2\/media?parent=504"}],"curies":[{"name":"wp","href":"https:\/\/api.w.org\/{rel}","templated":true}]}}