{"id":1527,"date":"2018-12-02T09:41:06","date_gmt":"2018-12-02T08:41:06","guid":{"rendered":"https:\/\/unser-quartier.de\/efi-team-bergheim\/?page_id=1527"},"modified":"2019-05-27T20:30:16","modified_gmt":"2019-05-27T18:30:16","slug":"efi-team-bergheim-e-v","status":"publish","type":"page","link":"https:\/\/unser-quartier.de\/efi-team-bergheim\/efi-team-bergheim-e-v\/","title":{"rendered":"EFI-Team Bergheim e.V."},"content":{"rendered":"<p align=\"center\"><strong>seniorTrainer\/in &#8211; Erfahrungswissen ist gefragt<\/strong><\/p>\n<p>\nJede Gesellschaft braucht die Erfahrung und das Wissen \u00e4lterer Menschen. In einem vom Bundesministerium f\u00fcr Familie, Senioren, Frauen und Jugend gef\u00f6rderten Bundesmodellprogramm werden deswegen interessierte \u00c4ltere im \u00dcbergang zur nachberuflichen Phase, nach Beendigung des Erwerbslebens oder nach der aktiven Familienphase zu seniorTrainern\/innen ausgebildet. Diese geben dann ihre Kenntnisse und F\u00e4higkeiten aus Beruf und Privatleben in ehrenamtlichen Projekten weiter.<\/p>\n<p>Auf die seniorTrainer\/innen warten in der Praxis vielf\u00e4ltige Aufgaben. Sie k\u00f6nnen vor Ort eigene Initiativgruppen aufbauen, Personen, die an einem b\u00fcrgerschaftlichen Engagement interessiert sind, bei der Zielfindung und der laufenden Arbeit beraten oder die betreffenden Gruppen in fachlichen Fragen unterst\u00fctzen. Angesprochen werden Initiativgruppen in allen Altersklassen und allen T\u00e4tigkeitsbereichen.<\/p>\n<p>Als Ansprechpartner stehen\u00a0f\u00fcr Bergheim<\/p>\n<ul>\n<li>sowohl das EFI-Team Bergheim e.V. als \u00f6rtlicher Zusammenschluss erfahrener seniorTrainer\/innen<\/li>\n<li>als auch die <strong><a href=\"http:\/\/www.bergheim.de\/freiwilliges-engagement.aspx\" target=\"_blank\" rel=\"noopener noreferrer nofollow external\" data-wpel-link=\"external\" title=\"Externer Link: \" class=\"ext-link wpel-icon-right\">Kontaktstelle f\u00fcr freiwilliges Engagement und Selbsthilfe<span class=\"wpel-icon wpel-image wpel-icon-6\"><\/span><\/a><\/strong><br \/>\nder Kreisstadt Bergheim (Tel. 02271 \u2013 89709) Marion Eckart zur Verf\u00fcgung.<\/li>\n<\/ul>\n<p class=\"western\"><strong>Das EFI-Team Bergheim ber\u00e4t und f\u00f6rdert insbesondere ehrenamtliche Projekte,\u00a0\u00a0<\/strong><\/p>\n<ul>\n<li>die von engagierten Einzelpersonen, kleinen Projektgruppen oder Initiativen vor Ort durchgef\u00fchrt werden<\/li>\n<li>z.B. in den Bereichen Gesundheitswesen, Jugend-\/Altenhilfe, Kunst\/ Kultur,\u00a0Heimatpflege\/ Brauchtum<\/li>\n<\/ul>\n<p><strong>Dabei bieten wir Ihnen<\/strong><\/p>\n<ul>\n<li>individuelle Unterst\u00fctzung bei\u00a0 der Entwicklung neuer Projekte<\/li>\n<li>Begleitung und Austausch bei\u00a0 Ihren Einsatzw\u00fcnschen sowie<\/li>\n<li>Beratung und Hilfestellung bei der Finanzierung ihres Projekts.<\/li>\n<\/ul>\n<p>Um einen Eindruck von der Vielfalt und der Breite des \u00f6rtlichen b\u00fcrgerschaftlichen Engagements zu vermitteln, werden auf dieser Homepage einige aktuelle seniorTrainer-Projekte vorgestellt<\/p>\n<p>&nbsp;<\/p>\n<p>Ein Beispiel f\u00fcr ein Projekt w\u00e4re:<\/p>\n<p class=\"western\"><span style=\"font-family: arial,helvetica,sans-serif;font-size: 12pt\"><strong><span style=\"color: #000000\">Seniorenportal Bergheim<\/span><\/strong><\/span><\/p>\n<p class=\"western\"><span style=\"font-family: arial,helvetica,sans-serif;font-size: 12pt\"><span style=\"color: #000000\">Das Seniorenportal Bergheim ist der Treffpunkt f\u00fcr alle, die sich mit dem Thema \u00c4lterwerden in der Kreisstadt Bergheim besch\u00e4ftigen. Das Online-Portal bringt Akteure in der Seniorenarbeit, Institutionen und Vereine sowie B\u00fcrgerinnen und B\u00fcrger zusammen, f\u00f6rdert den Austausch und b\u00fcndelt n\u00fctzliche Informationen, Rat und Hilfe. Jeder kann mitmachen und eigene Beitr\u00e4ge schreiben, Partner f\u00fcr gemeinsame Aktivit\u00e4ten suchen, Erfahrungen weitergeben und Tipps und Termine bekanntmachen. <\/span><\/span><\/p>\n<p class=\"western\"><span style=\"font-family: arial,helvetica,sans-serif;font-size: 12pt\"><span style=\"color: #000000\">Koordiniert wird das Online-Team von <\/span><\/span><\/p>\n<p class=\"western\"><span style=\"font-family: arial,helvetica,sans-serif;font-size: 12pt\"><span style=\"color: #000000\">Hans-J\u00fcrgen Knabben (seniorTrainer)<\/p>\n<p><span style=\"font-size: 12pt\">e-mail: <a href=\"mailto:senioren-online@gmx.de\">mailto:senioren-online@gmx.de<\/a><\/span><\/span><\/span><br \/>\n<span style=\"font-size: 12pt\"><span style=\"font-family: arial,helvetica,sans-serif\"><span style=\"color: #000000\">Tel.: 01713357218<br \/>\nWeb:<\/span><\/span><span style=\"color: #0000ff\"><u><a href=\"http:\/\/unser-quartier.de\/stadt-bergheim\" data-wpel-link=\"exclude\" rel=\"noopener noreferrer\"><span style=\"font-family: arial,helvetica,sans-serif\">http<\/span>:\/\/unser-quartier.de\/stadt-bergheim<\/a><\/u><\/span><\/span><\/p>\n<p class=\"western\"><span style=\"font-size: 12pt\"><span style=\"color: #000000\"><span style=\"font-family: Verdana, sans-serif\">Sprechen Sie uns\u00a0an!<\/span><\/span><\/span><\/p>\n<p>&nbsp;<\/p>\n<p align=\"center\"><strong>Wir geben unser Wissen weiter!<\/strong><\/p>\n","protected":false},"excerpt":{"rendered":"<p>seniorTrainer\/in &#8211; Erfahrungswissen ist gefragt Jede Gesellschaft braucht die Erfahrung und das Wissen \u00e4lterer Menschen. In einem vom Bundesministerium f\u00fcr Familie, Senioren, Frauen und Jugend gef\u00f6rderten Bundesmodellprogramm werden deswegen interessierte \u00c4ltere im \u00dcbergang zur nachberuflichen Phase, nach Beendigung des Erwerbslebens oder nach der aktiven Familienphase zu seniorTrainern\/innen ausgebildet. Diese geben dann ihre Kenntnisse und F\u00e4higkeiten&hellip; <a class=\"continue\" href=\"https:\/\/unser-quartier.de\/efi-team-bergheim\/efi-team-bergheim-e-v\/\" data-wpel-link=\"internal\"> \u00bb weiterlesen: <span> EFI-Team Bergheim e.V.<\/span><\/a><\/p>\n","protected":false},"author":48,"featured_media":0,"parent":0,"menu_order":1,"comment_status":"closed","ping_status":"closed","template":"","meta":{"generate_page_header":"","footnotes":""},"class_list":{"0":"post-1527","1":"page","2":"type-page","3":"status-publish","5":"infinite-scroll-item"},"_links":{"self":[{"href":"https:\/\/unser-quartier.de\/efi-team-bergheim\/wp-json\/wp\/v2\/pages\/1527","targetHints":{"allow":["GET"]}}],"collection":[{"href":"https:\/\/unser-quartier.de\/efi-team-bergheim\/wp-json\/wp\/v2\/pages"}],"about":[{"href":"https:\/\/unser-quartier.de\/efi-team-bergheim\/wp-json\/wp\/v2\/types\/page"}],"author":[{"embeddable":true,"href":"https:\/\/unser-quartier.de\/efi-team-bergheim\/wp-json\/wp\/v2\/users\/48"}],"replies":[{"embeddable":true,"href":"https:\/\/unser-quartier.de\/efi-team-bergheim\/wp-json\/wp\/v2\/comments?post=1527"}],"version-history":[{"count":0,"href":"https:\/\/unser-quartier.de\/efi-team-bergheim\/wp-json\/wp\/v2\/pages\/1527\/revisions"}],"wp:attachment":[{"href":"https:\/\/unser-quartier.de\/efi-team-bergheim\/wp-json\/wp\/v2\/media?parent=1527"}],"curies":[{"name":"wp","href":"https:\/\/api.w.org\/{rel}","templated":true}]}}